{"id":54592,"date":"2023-03-01T15:28:45","date_gmt":"2023-03-01T20:28:47","guid":{"rendered":"https:\/\/www.bougebouge.com\/?post_type=product&#038;p=54592"},"modified":"2023-07-13T10:12:08","modified_gmt":"2023-07-13T14:12:08","slug":"beaconsfield-2023","status":"publish","type":"product","link":"https:\/\/www.bougebouge.com\/en\/shop\/events\/beaconsfield-2023\/","title":{"rendered":"BougeBouge Beaconsfield 2023"},"content":{"rendered":"<div class=\"wpb-content-wrapper\"><p>[vc_row row_height_percent=&#8221;0&#8243; back_color=&#8221;color-119807&#8243; overlay_alpha=&#8221;50&#8243; gutter_size=&#8221;3&#8243; column_width_percent=&#8221;100&#8243; shift_y=&#8221;0&#8243; z_index=&#8221;0&#8243;][vc_column column_width_percent=&#8221;100&#8243; position_vertical=&#8221;middle&#8221; gutter_size=&#8221;3&#8243; style=&#8221;dark&#8221; overlay_alpha=&#8221;50&#8243; shift_x=&#8221;0&#8243; shift_y=&#8221;0&#8243; shift_y_down=&#8221;0&#8243; z_index=&#8221;0&#8243; medium_width=&#8221;0&#8243; mobile_width=&#8221;0&#8243; width=&#8221;1\/1&#8243;][vc_custom_heading text_height=&#8221;&#8221; uncode_shortcode_id=&#8221;173796&#8243;]BougeBouge Beaconsfield[\/vc_custom_heading][\/vc_column][\/vc_row][vc_row][vc_column column_width_percent=&#8221;100&#8243; position_vertical=&#8221;middle&#8221; gutter_size=&#8221;3&#8243; overlay_alpha=&#8221;50&#8243; shift_x=&#8221;0&#8243; shift_y=&#8221;0&#8243; shift_y_down=&#8221;0&#8243; z_index=&#8221;0&#8243; medium_width=&#8221;0&#8243; mobile_width=&#8221;0&#8243; width=&#8221;1\/2&#8243;][vc_column_text uncode_shortcode_id=&#8221;970092&#8243;]La BougeBouge Beaconsfield est la toute premi\u00e8re \u00e9dition de la collaboration entre la Ville de Beaconsfield et BougeBouge. D\u00e9couvrez le merveilleux parc Centennial, \u00e0 Beaconsfield, pr\u00e8s de la plage et de la marina. Sur un parcours d&#8217;une boucle de un (1) kilom\u00e8tre, vous pourrez vous challenger pour 1km, 2km ou 5km! Il s&#8217;agit de l&#8217;\u00e9v\u00e9nement id\u00e9al pour bouger en famille ou entre amis![\/vc_column_text][\/vc_column][vc_column column_width_percent=&#8221;100&#8243; position_vertical=&#8221;middle&#8221; align_horizontal=&#8221;align_center&#8221; gutter_size=&#8221;2&#8243; override_padding=&#8221;yes&#8221; column_padding=&#8221;2&#8243; back_color=&#8221;color-119807&#8243; back_image=&#8221;47559&#8243; overlay_color=&#8221;color-141100&#8243; overlay_alpha=&#8221;75&#8243; shift_x=&#8221;0&#8243; shift_y=&#8221;-3&#8243; shift_y_down=&#8221;0&#8243; z_index=&#8221;0&#8243; medium_width=&#8221;0&#8243; mobile_width=&#8221;0&#8243; width=&#8221;1\/2&#8243; uncode_shortcode_id=&#8221;526949&#8243; back_color_type=&#8221;uncode-palette&#8221; overlay_color_type=&#8221;uncode-palette&#8221;][vc_custom_heading text_color=&#8221;color-xsdn&#8221; heading_semantic=&#8221;p&#8221; text_size=&#8221;h3&#8243; text_height=&#8221;&#8221; uncode_shortcode_id=&#8221;185961&#8243; text_color_type=&#8221;uncode-palette&#8221;]L&#8217;\u00e9nergie en images[\/vc_custom_heading][vc_button button_color=&#8221;color-116309&#8243; size=&#8221;btn-lg&#8221; border_animation=&#8221;btn-ripple-out&#8221; border_width=&#8221;0&#8243; link=&#8221;url:https%3A%2F%2Fwww.facebook.com%2Fmedia%2Fset%2F%3Fset%3Da.1472056959889120%26type%3D3|target:_blank|&#8221; button_color_type=&#8221;uncode-palette&#8221; uncode_shortcode_id=&#8221;168789&#8243;]Album Photos[\/vc_button][\/vc_column][\/vc_row][vc_row][vc_column width=&#8221;1\/1&#8243;][vc_custom_heading text_height=&#8221;&#8221; uncode_shortcode_id=&#8221;166005&#8243;]<iframe src=\"https:\/\/www.google.com\/maps\/d\/embed?mid=1dnObxfrkpUGJXCVigoktY_P55g3hw_IZ&#038;ehbc=2E312F\" width=\"640\" height=\"480\"><\/iframe>[\/vc_custom_heading][vc_accordion][vc_accordion_tab gutter_size=&#8221;2&#8243; column_padding=&#8221;2&#8243; title=&#8221;Qui est BougeBouge et son lien avec la Ville de Beaconsfield&#8221; tab_id=&#8221;1631124327666-8-6&#8243;][vc_column_text uncode_shortcode_id=&#8221;163186&#8243;]BougeBouge est u<span style=\"font-family: -apple-system, BlinkMacSystemFont, 'Segoe UI', Roboto, Oxygen-Sans, Ubuntu, Cantarell, 'Helvetica Neue', sans-serif;\">n organisme \u00e0 but non lucratif fond\u00e9 et dirig\u00e9 par la double Olympienne en triathlon Kathy Tremblay.\u00a0 <\/span><span style=\"font-family: -apple-system, BlinkMacSystemFont, 'Segoe UI', Roboto, Oxygen-Sans, Ubuntu, Cantarell, 'Helvetica Neue', sans-serif;\">La mission de notre organisation est de pr\u00e9venir le d\u00e9crochage physique chez les adolescents, les jeunes familles et les retrait\u00e9s par le rassemblement des acteurs de vie active dans les communaut\u00e9s. <\/span><span style=\"font-family: -apple-system, BlinkMacSystemFont, 'Segoe UI', Roboto, Oxygen-Sans, Ubuntu, Cantarell, 'Helvetica Neue', sans-serif;\">Toutes nos initiatives sont bas\u00e9es sur le principe des motivations autod\u00e9termin\u00e9es qui mettent au c\u0153ur de ses actions l\u2019\u00e9ducation, le besoin d\u2019autonomie, le d\u00e9veloppement du sentiment de comp\u00e9tence et le besoin de connexion sociale.<\/span><\/p>\n<p>\u00c0 la <a href=\"https:\/\/www.beaconsfield.ca\/fr\/\">Ville de Beaconsfield,<\/a> nous encourageons toujours nos r\u00e9sidents \u00e0 profiter de nos espaces verts et de notre secteur riverain pour maintenir un mode de vie actif. En partenariat avec BougeBouge, nous organisons BougeBouge Beaconsfield pour la communaut\u00e9 en tenant compte tous les niveaux de forme physique et tous les \u00e2ges, avec un parcours de 1 km, 2 km et 5 km. Amenez votre famille et vos amis pour marcher ou courir la distance de votre choix dans le parc Centennial![\/vc_column_text][\/vc_accordion_tab][vc_accordion_tab gutter_size=&#8221;2&#8243; column_padding=&#8221;2&#8243; title=&#8221;Inscriptions et remise des dossards&#8221; tab_id=&#8221;1610028287-1-22&#8243;][vc_column_text uncode_shortcode_id=&#8221;879151&#8243;]<\/p>\n<h3><strong>R\u00e9cup\u00e9ration du dossard<\/strong><\/h3>\n<p>Vous pourrez r\u00e9cup\u00e9rer votre dossard personnalis\u00e9 le matin de l&#8217;\u00e9v\u00e9nement entre 7h30 et 9h45 \u00e0 la tente BougeBouge<\/p>\n<hr \/>\n<h3><strong>Frais d&#8217;inscription<\/strong><\/h3>\n<ul>\n<li>\u00c9v\u00e9nement chronom\u00e9tr\u00e9<\/li>\n<li>Les noms sur les dossards seront imprim\u00e9s 10 jours avant l\u2019\u00e9v\u00e9nement suivant cette date vous recevrez un dossard g\u00e9n\u00e9ral.<\/li>\n<li>Les inscriptions en ligne se terminent le jeudi avant l\u2019\u00e9v\u00e9nement.<\/li>\n<\/ul>\n<h3><strong>Inclus dans l&#8217;inscription<\/strong><\/h3>\n<ul>\n<li>Un dossard personnalis\u00e9<\/li>\n<li>Une m\u00e9daille non-traditionnelle<\/li>\n<li>Une collation<\/li>\n<li>Un &#8220;speedcups Hydrapak&#8221; \u00e0 l&#8217;arriv\u00e9e<\/li>\n<li>Les photographes publieront un album photo de l&#8217;\u00e9v\u00e9nement sur notre page<a href=\"https:\/\/www.facebook.com\/BougeBougeYesWeCan\/\"><strong> Facebook<\/strong><\/a>! Aimez notre page <a href=\"https:\/\/www.facebook.com\/BougeBougeYesWeCan\/\"><strong>Facebook<\/strong><\/a> afin de recevoir les notifications de mise en ligne des photos!<img decoding=\"async\" class=\"alignnone size-full wp-image-44417\" src=\"https:\/\/www.bougebouge.com\/wp-content\/uploads\/2022\/04\/un-speedcups-hydrapak.png\" alt=\"\" width=\"236\" height=\"237\" srcset=\"https:\/\/www.bougebouge.com\/wp-content\/uploads\/2022\/04\/un-speedcups-hydrapak.png 236w, https:\/\/www.bougebouge.com\/wp-content\/uploads\/2022\/04\/un-speedcups-hydrapak-150x150.png 150w, https:\/\/www.bougebouge.com\/wp-content\/uploads\/2022\/04\/un-speedcups-hydrapak-100x100.png 100w\" sizes=\"(max-width: 236px) 100vw, 236px\" \/><\/li>\n<\/ul>\n<hr \/>\n<h3><strong>M\u00e9thodes de paiement<\/strong><\/h3>\n<ul>\n<li>Nouvelle inscription par transfert bancaire, lors de la p\u00e9riode de r\u00e9cup\u00e9ration des dossards seulement.<\/li>\n<li>Billetterie en ligne : Visa, Mastercard, Paypal.<\/li>\n<\/ul>\n<hr \/>\n<h3><strong>Politique d&#8217;annulation<\/strong><\/h3>\n<ul>\n<li>Les billets de course ne sont pas remboursables sauf en cas d\u2019annulation par BougeBouge. Si tel est le cas, BougeBouge va rembourser le prix du billet ainsi que les frais de services exig\u00e9s au moment de l\u2019achat.<\/li>\n<\/ul>\n<hr \/>\n<p>[\/vc_column_text][\/vc_accordion_tab][vc_accordion_tab gutter_size=&#8221;2&#8243; column_padding=&#8221;2&#8243; title=&#8221;Informations du participant&#8221; tab_id=&#8221;1614560996762-11-0&#8243;][vc_column_text uncode_shortcode_id=&#8221;189581&#8243;]<\/p>\n<h3><strong>MyMap<\/strong><\/h3>\n<p>La boucle style &#8220;cross-country&#8221; sera de 1km dans le parc Centennial (70% du parcours se fait sur le gazon. Apporter vos souliers de course les mieux adapt\u00e9s)<\/p>\n<p><a href=\"https:\/\/www.google.com\/maps\/d\/u\/0\/viewer?mid=1dnObxfrkpUGJXCVigoktY_P55g3hw_IZ&amp;ll=45.42397901795953%2C-73.86406439999998&amp;z=18\"><img decoding=\"async\" class=\"alignnone wp-image-44097 size-medium\" src=\"https:\/\/www.bougebouge.com\/wp-content\/uploads\/2022\/12\/map-beaconsfield-300x172.jpg\" alt=\"\" width=\"300\" height=\"172\" srcset=\"https:\/\/www.bougebouge.com\/wp-content\/uploads\/2022\/12\/map-beaconsfield-300x172.jpg 300w, https:\/\/www.bougebouge.com\/wp-content\/uploads\/2022\/12\/map-beaconsfield-1024x588.jpg 1024w, https:\/\/www.bougebouge.com\/wp-content\/uploads\/2022\/12\/map-beaconsfield-768x441.jpg 768w, https:\/\/www.bougebouge.com\/wp-content\/uploads\/2022\/12\/map-beaconsfield-1536x882.jpg 1536w, https:\/\/www.bougebouge.com\/wp-content\/uploads\/2022\/12\/map-beaconsfield-600x345.jpg 600w, https:\/\/www.bougebouge.com\/wp-content\/uploads\/2022\/12\/map-beaconsfield.jpg 1870w\" sizes=\"(max-width: 300px) 100vw, 300px\" \/><\/a><\/p>\n<hr \/>\n<h3><strong>Chronom\u00e9trage<\/strong><\/h3>\n<ul>\n<li>L&#8217;\u00e9v\u00e9nement sera chronom\u00e9tr\u00e9<\/li>\n<li>Une horloge analogue sera install\u00e9e \u00e0 l&#8217;arriv\u00e9e pour voir votre temps \u00e0 tous les tours.<\/li>\n<li>Nous vous offrirons un dossard personnalis\u00e9 avec votre pr\u00e9nom<\/li>\n<\/ul>\n<hr \/>\n<h3><strong>Station de ravitaillement<\/strong><\/h3>\n<ul>\n<li>Il y aura du ravitaillement \u00e0 l&#8217;arriv\u00e9e et l&#8217;\u00e9difice centennal<\/li>\n<\/ul>\n<hr \/>\n<h3><strong>Vestiaire<\/strong><\/h3>\n<p>Il n&#8217;y a aucun vestiaire de disponible<\/p>\n<hr \/>\n<h3><strong>Toilettes<\/strong><\/h3>\n<ul>\n<li>Toilettes chimiques disponibles sur le site du parc Centennial<\/li>\n<\/ul>\n<hr \/>\n<h3><strong>Station d&#8217;eau<\/strong>:<\/h3>\n<ul>\n<li>\u00c0 l&#8217;arriv\u00e9e pr\u00e8s de l&#8217;arche dans des petits verres compostables<\/li>\n<li>\u00c0 proximit\u00e9 de l&#8217;\u00e9difice Centennial<\/li>\n<\/ul>\n<hr \/>\n<h3><strong>Stationnement et transport en commun<\/strong>:<\/h3>\n<ul>\n<li>Centre r\u00e9cr\u00e9atif de Beaconsfield<\/li>\n<li>Biblioth\u00e8que<\/li>\n<\/ul>\n<hr \/>\n<h3><strong>\u00c9coresponsabilit\u00e9<\/strong><\/h3>\n<ul>\n<li>Ne pas jeter des d\u00e9chets ou des masques au sol lors de votre activit\u00e9.<\/li>\n<li>SVP mettre les d\u00e9chets dans les bons bac de r\u00e9cup\u00e9ration.<\/li>\n<li>Nous travaillons tr\u00e8s fort pour que tous nos \u00e9v\u00e9nements atteignent nos objectifs \u00e9coresponsables.<\/li>\n<\/ul>\n<hr \/>\n<h3><strong>D\u00e9couvrir la ville de Beaconsfield<\/strong><\/h3>\n<ul>\n<li><a href=\"https:\/\/www.facebook.com\/search\/top?q=ville%20de%20beaconsfield%20%2F%20city%20of%20beaconsfield\">Facebook Ville de Beaconsfield\u00a0<\/a><\/li>\n<li><a href=\"https:\/\/www.instagram.com\/beaconsfield_qc\/\">Instagram Ville de Beaconsfield<\/a><\/li>\n<li><a href=\"https:\/\/www.beaconsfield.ca\">https:\/\/www.beaconsfield.ca<\/a><\/li>\n<li>#beaconsfield_qc<\/li>\n<\/ul>\n<p>[\/vc_column_text][\/vc_accordion_tab][vc_accordion_tab gutter_size=&#8221;2&#8243; column_padding=&#8221;2&#8243; title=&#8221;Quoi faire dans la r\u00e9gion et les meilleurs h\u00f4tels&#8221; tab_id=&#8221;1677026236366-3-6&#8243;][vc_column_text uncode_shortcode_id=&#8221;177910&#8243;]<\/p>\n<div>Pour optimiser votre temps pass\u00e9 dans la r\u00e9gion pour l&#8217;\u00e9v\u00e9nement, nous vous avons b\u00e2ti l&#8217;ultime guide des activit\u00e9s \u00e0 faire aux alentours: Quoi faire \u00e0 <a href=\"https:\/\/www.bougebouge.com\/2022\/07\/07\/quoi-faire-a-verdun-cet-ete\/\" target=\"_blank\" rel=\"noopener\">Beaconsfield<\/a>.\u00a0 Planifiez votre weekend de r\u00eave \u00e0 l&#8217;aide de celui-ci!<\/div>\n<div><\/div>\n<div>De plus, restez dans les plus beaux h\u00f4tels \u00e0 prix r\u00e9duits gr\u00e2ce \u00e0 notre liste d&#8217;\u00e9tablissements partenaires.<\/div>\n<div><\/div>\n<p>[\/vc_column_text][\/vc_accordion_tab][\/vc_accordion][\/vc_column][\/vc_row][vc_row][vc_column width=&#8221;1\/3&#8243;][vc_column_text uncode_shortcode_id=&#8221;702119&#8243;]<a href=\"https:\/\/www.signupgenius.com\/index.cfm?go=c.SignUpSearch&amp;eid=08C1C9DCFDCAFC6C0B&amp;cs=09CBBADE8FC48B167B7B64765BB59BBDFDB4&amp;sortby=startdate\" target=\"_blank\" rel=\"noopener\"><img decoding=\"async\" src=\"https:\/\/www.signupgenius.com\/images\/sign-up-now2.gif\" alt=\"Sign Up!\" width=\"250\" height=\"45\" border=\"0\" \/><\/a>[\/vc_column_text][\/vc_column][vc_column width=&#8221;1\/3&#8243;][vc_button border_width=&#8221;0&#8243; link=&#8221;url:https%3A%2F%2Fwww.bougebouge.com%2Fen%2Fbenevole-bougebouge%2F|target:_blank|&#8221; uncode_shortcode_id=&#8221;135076&#8243;]Deviens un b\u00e9n\u00e9voles BougeBogue[\/vc_button][\/vc_column][vc_column width=&#8221;1\/3&#8243;][vc_column_text uncode_shortcode_id=&#8221;702119&#8243;]<a href=\"https:\/\/www.signupgenius.com\/index.cfm?go=c.SignUpSearch&amp;eid=08C1C9DCFDCAFC6C0B&amp;cs=09CBBADE8FC48B167B7B64765BB59BBDFDB4&amp;sortby=startdate\" target=\"_blank\" rel=\"noopener\"><img decoding=\"async\" src=\"https:\/\/www.signupgenius.com\/images\/sign-up-now2.gif\" alt=\"Sign Up!\" width=\"250\" height=\"45\" border=\"0\" \/><\/a>[\/vc_column_text][\/vc_column][\/vc_row]<\/p>\n<\/div>","protected":false},"excerpt":{"rendered":"<p><strong>Online registration is now closed, but you can still register on site.<\/strong><\/p>\n<p>The BougeBouge Beaconsfield a wonderful collaboration between the City of Beaconsfield and BougeBouge. Discover the wonderful Centennial Park, a running course in Beaconsfield, near the beach and the marina. On a one (1) kilometer loop course, you can challenge yourself for 1km, 2km or 5km! Bring your cross-country shoes, the course will be mostly on grass and that&#8217;s what makes this event ideal for moving with family and friends in complete safety!<\/p>\n<p>The City of Beaconsfield will be offering an <strong>accessible<\/strong> and <strong>inclusive<\/strong> event to all citizens and curious people from neighboring towns. Hurry as space is limited to <strong>450<\/strong> participants!<\/p>\n","protected":false},"author":1,"featured_media":58030,"template":"","meta":{"_acf_changed":false},"product_brand":[],"product_cat":[93],"product_tag":[],"giftcard-category":[],"class_list":{"0":"post-54592","1":"product","2":"type-product","3":"status-publish","4":"has-post-thumbnail","6":"product_cat-events","8":"first","9":"outofstock","10":"taxable","11":"shipping-taxable","12":"product-type-variable"},"acf":[],"yoast_head":"<!-- This site is optimized with the Yoast SEO plugin v27.4 - https:\/\/yoast.com\/product\/yoast-seo-wordpress\/ -->\n<title>BougeBouge Beaconsfield 2023 - BougeBouge<\/title>\n<meta name=\"description\" content=\"BougeBouge Beaconsfield 2023 - D\u00e9couvrez nos \u00e9v\u00e9nements de course, les Aventures, les clubs de course et bien plus!\" \/>\n<meta name=\"robots\" content=\"index, follow, max-snippet:-1, max-image-preview:large, max-video-preview:-1\" \/>\n<link rel=\"canonical\" href=\"https:\/\/www.bougebouge.com\/en\/shop\/events\/beaconsfield-2023\/\" \/>\n<meta property=\"og:locale\" content=\"en_US\" \/>\n<meta property=\"og:type\" content=\"article\" \/>\n<meta property=\"og:title\" content=\"BougeBouge Beaconsfield 2023 - BougeBouge\" \/>\n<meta property=\"og:description\" content=\"BougeBouge Beaconsfield 2023 - D\u00e9couvrez nos \u00e9v\u00e9nements de course, les Aventures, les clubs de course et bien plus!\" \/>\n<meta property=\"og:url\" content=\"https:\/\/www.bougebouge.com\/en\/shop\/events\/beaconsfield-2023\/\" \/>\n<meta property=\"og:site_name\" content=\"BougeBouge\" \/>\n<meta property=\"article:publisher\" content=\"https:\/\/www.facebook.com\/BougeBougeYesWeCan\/\" \/>\n<meta property=\"article:modified_time\" content=\"2023-07-13T14:12:08+00:00\" \/>\n<meta property=\"og:image\" content=\"https:\/\/www.bougebouge.com\/wp-content\/uploads\/2022\/07\/beaconsfield.jpg\" \/>\n\t<meta property=\"og:image:width\" content=\"1080\" \/>\n\t<meta property=\"og:image:height\" content=\"1080\" \/>\n\t<meta property=\"og:image:type\" content=\"image\/jpeg\" \/>\n<meta name=\"twitter:card\" content=\"summary_large_image\" \/>\n<meta name=\"twitter:label1\" content=\"Est. reading time\" \/>\n\t<meta name=\"twitter:data1\" content=\"5 minutes\" \/>\n<script type=\"application\/ld+json\" class=\"yoast-schema-graph\">{\"@context\":\"https:\\\/\\\/schema.org\",\"@graph\":[{\"@type\":\"WebPage\",\"@id\":\"https:\\\/\\\/www.bougebouge.com\\\/en\\\/shop\\\/events\\\/beaconsfield-2023\\\/\",\"url\":\"https:\\\/\\\/www.bougebouge.com\\\/en\\\/shop\\\/events\\\/beaconsfield-2023\\\/\",\"name\":\"BougeBouge Beaconsfield 2023 - BougeBouge\",\"isPartOf\":{\"@id\":\"https:\\\/\\\/www.bougebouge.com\\\/en\\\/#website\"},\"primaryImageOfPage\":{\"@id\":\"https:\\\/\\\/www.bougebouge.com\\\/en\\\/shop\\\/events\\\/beaconsfield-2023\\\/#primaryimage\"},\"image\":{\"@id\":\"https:\\\/\\\/www.bougebouge.com\\\/en\\\/shop\\\/events\\\/beaconsfield-2023\\\/#primaryimage\"},\"thumbnailUrl\":\"https:\\\/\\\/www.bougebouge.com\\\/wp-content\\\/uploads\\\/2023\\\/03\\\/2024-images-a-la-une.jpg\",\"datePublished\":\"2023-03-01T20:28:47+00:00\",\"dateModified\":\"2023-07-13T14:12:08+00:00\",\"description\":\"BougeBouge Beaconsfield 2023 - D\u00e9couvrez nos \u00e9v\u00e9nements de course, les Aventures, les clubs de course et bien plus!\",\"breadcrumb\":{\"@id\":\"https:\\\/\\\/www.bougebouge.com\\\/en\\\/shop\\\/events\\\/beaconsfield-2023\\\/#breadcrumb\"},\"inLanguage\":\"en-US\",\"potentialAction\":[{\"@type\":\"ReadAction\",\"target\":[\"https:\\\/\\\/www.bougebouge.com\\\/en\\\/shop\\\/events\\\/beaconsfield-2023\\\/\"]}]},{\"@type\":\"ImageObject\",\"inLanguage\":\"en-US\",\"@id\":\"https:\\\/\\\/www.bougebouge.com\\\/en\\\/shop\\\/events\\\/beaconsfield-2023\\\/#primaryimage\",\"url\":\"https:\\\/\\\/www.bougebouge.com\\\/wp-content\\\/uploads\\\/2023\\\/03\\\/2024-images-a-la-une.jpg\",\"contentUrl\":\"https:\\\/\\\/www.bougebouge.com\\\/wp-content\\\/uploads\\\/2023\\\/03\\\/2024-images-a-la-une.jpg\",\"width\":1920,\"height\":1920,\"caption\":\"\u00e9v\u00e9nement Beaconsfield\"},{\"@type\":\"BreadcrumbList\",\"@id\":\"https:\\\/\\\/www.bougebouge.com\\\/en\\\/shop\\\/events\\\/beaconsfield-2023\\\/#breadcrumb\",\"itemListElement\":[{\"@type\":\"ListItem\",\"position\":1,\"name\":\"Accueil\",\"item\":\"https:\\\/\\\/www.bougebouge.com\\\/en\\\/\"},{\"@type\":\"ListItem\",\"position\":2,\"name\":\"Shop\",\"item\":\"https:\\\/\\\/www.bougebouge.com\\\/en\\\/shop\\\/\"},{\"@type\":\"ListItem\",\"position\":3,\"name\":\"BougeBouge Beaconsfield 2023\"}]},{\"@type\":\"WebSite\",\"@id\":\"https:\\\/\\\/www.bougebouge.com\\\/en\\\/#website\",\"url\":\"https:\\\/\\\/www.bougebouge.com\\\/en\\\/\",\"name\":\"BougeBouge\",\"description\":\"Prevent physical dropout pour prevent and counter the physical inactivity rate among at-risk youth, families and retirees.\",\"publisher\":{\"@id\":\"https:\\\/\\\/www.bougebouge.com\\\/en\\\/#organization\"},\"potentialAction\":[{\"@type\":\"SearchAction\",\"target\":{\"@type\":\"EntryPoint\",\"urlTemplate\":\"https:\\\/\\\/www.bougebouge.com\\\/en\\\/?s={search_term_string}\"},\"query-input\":{\"@type\":\"PropertyValueSpecification\",\"valueRequired\":true,\"valueName\":\"search_term_string\"}}],\"inLanguage\":\"en-US\"},{\"@type\":\"Organization\",\"@id\":\"https:\\\/\\\/www.bougebouge.com\\\/en\\\/#organization\",\"name\":\"BougeBouge\",\"url\":\"https:\\\/\\\/www.bougebouge.com\\\/en\\\/\",\"logo\":{\"@type\":\"ImageObject\",\"inLanguage\":\"en-US\",\"@id\":\"https:\\\/\\\/www.bougebouge.com\\\/en\\\/#\\\/schema\\\/logo\\\/image\\\/\",\"url\":\"https:\\\/\\\/www.bougebouge.com\\\/wp-content\\\/uploads\\\/2021\\\/10\\\/logo-bougebouge-final-1.png\",\"contentUrl\":\"https:\\\/\\\/www.bougebouge.com\\\/wp-content\\\/uploads\\\/2021\\\/10\\\/logo-bougebouge-final-1.png\",\"width\":2048,\"height\":2048,\"caption\":\"BougeBouge\"},\"image\":{\"@id\":\"https:\\\/\\\/www.bougebouge.com\\\/en\\\/#\\\/schema\\\/logo\\\/image\\\/\"},\"sameAs\":[\"https:\\\/\\\/www.facebook.com\\\/BougeBougeYesWeCan\\\/\",\"https:\\\/\\\/www.youtube.com\\\/channel\\\/UCjmcznxAR6rWymUfr6h7EjA\"]}]}<\/script>\n<!-- \/ Yoast SEO plugin. -->","yoast_head_json":{"title":"BougeBouge Beaconsfield 2023 - BougeBouge","description":"BougeBouge Beaconsfield 2023 - D\u00e9couvrez nos \u00e9v\u00e9nements de course, les Aventures, les clubs de course et bien plus!","robots":{"index":"index","follow":"follow","max-snippet":"max-snippet:-1","max-image-preview":"max-image-preview:large","max-video-preview":"max-video-preview:-1"},"canonical":"https:\/\/www.bougebouge.com\/en\/shop\/events\/beaconsfield-2023\/","og_locale":"en_US","og_type":"article","og_title":"BougeBouge Beaconsfield 2023 - BougeBouge","og_description":"BougeBouge Beaconsfield 2023 - D\u00e9couvrez nos \u00e9v\u00e9nements de course, les Aventures, les clubs de course et bien plus!","og_url":"https:\/\/www.bougebouge.com\/en\/shop\/events\/beaconsfield-2023\/","og_site_name":"BougeBouge","article_publisher":"https:\/\/www.facebook.com\/BougeBougeYesWeCan\/","article_modified_time":"2023-07-13T14:12:08+00:00","og_image":[{"width":1080,"height":1080,"url":"https:\/\/www.bougebouge.com\/wp-content\/uploads\/2022\/07\/beaconsfield.jpg","type":"image\/jpeg"}],"twitter_card":"summary_large_image","twitter_misc":{"Est. reading time":"5 minutes"},"schema":{"@context":"https:\/\/schema.org","@graph":[{"@type":"WebPage","@id":"https:\/\/www.bougebouge.com\/en\/shop\/events\/beaconsfield-2023\/","url":"https:\/\/www.bougebouge.com\/en\/shop\/events\/beaconsfield-2023\/","name":"BougeBouge Beaconsfield 2023 - BougeBouge","isPartOf":{"@id":"https:\/\/www.bougebouge.com\/en\/#website"},"primaryImageOfPage":{"@id":"https:\/\/www.bougebouge.com\/en\/shop\/events\/beaconsfield-2023\/#primaryimage"},"image":{"@id":"https:\/\/www.bougebouge.com\/en\/shop\/events\/beaconsfield-2023\/#primaryimage"},"thumbnailUrl":"https:\/\/www.bougebouge.com\/wp-content\/uploads\/2023\/03\/2024-images-a-la-une.jpg","datePublished":"2023-03-01T20:28:47+00:00","dateModified":"2023-07-13T14:12:08+00:00","description":"BougeBouge Beaconsfield 2023 - D\u00e9couvrez nos \u00e9v\u00e9nements de course, les Aventures, les clubs de course et bien plus!","breadcrumb":{"@id":"https:\/\/www.bougebouge.com\/en\/shop\/events\/beaconsfield-2023\/#breadcrumb"},"inLanguage":"en-US","potentialAction":[{"@type":"ReadAction","target":["https:\/\/www.bougebouge.com\/en\/shop\/events\/beaconsfield-2023\/"]}]},{"@type":"ImageObject","inLanguage":"en-US","@id":"https:\/\/www.bougebouge.com\/en\/shop\/events\/beaconsfield-2023\/#primaryimage","url":"https:\/\/www.bougebouge.com\/wp-content\/uploads\/2023\/03\/2024-images-a-la-une.jpg","contentUrl":"https:\/\/www.bougebouge.com\/wp-content\/uploads\/2023\/03\/2024-images-a-la-une.jpg","width":1920,"height":1920,"caption":"\u00e9v\u00e9nement Beaconsfield"},{"@type":"BreadcrumbList","@id":"https:\/\/www.bougebouge.com\/en\/shop\/events\/beaconsfield-2023\/#breadcrumb","itemListElement":[{"@type":"ListItem","position":1,"name":"Accueil","item":"https:\/\/www.bougebouge.com\/en\/"},{"@type":"ListItem","position":2,"name":"Shop","item":"https:\/\/www.bougebouge.com\/en\/shop\/"},{"@type":"ListItem","position":3,"name":"BougeBouge Beaconsfield 2023"}]},{"@type":"WebSite","@id":"https:\/\/www.bougebouge.com\/en\/#website","url":"https:\/\/www.bougebouge.com\/en\/","name":"BougeBouge","description":"Prevent physical dropout pour prevent and counter the physical inactivity rate among at-risk youth, families and retirees.","publisher":{"@id":"https:\/\/www.bougebouge.com\/en\/#organization"},"potentialAction":[{"@type":"SearchAction","target":{"@type":"EntryPoint","urlTemplate":"https:\/\/www.bougebouge.com\/en\/?s={search_term_string}"},"query-input":{"@type":"PropertyValueSpecification","valueRequired":true,"valueName":"search_term_string"}}],"inLanguage":"en-US"},{"@type":"Organization","@id":"https:\/\/www.bougebouge.com\/en\/#organization","name":"BougeBouge","url":"https:\/\/www.bougebouge.com\/en\/","logo":{"@type":"ImageObject","inLanguage":"en-US","@id":"https:\/\/www.bougebouge.com\/en\/#\/schema\/logo\/image\/","url":"https:\/\/www.bougebouge.com\/wp-content\/uploads\/2021\/10\/logo-bougebouge-final-1.png","contentUrl":"https:\/\/www.bougebouge.com\/wp-content\/uploads\/2021\/10\/logo-bougebouge-final-1.png","width":2048,"height":2048,"caption":"BougeBouge"},"image":{"@id":"https:\/\/www.bougebouge.com\/en\/#\/schema\/logo\/image\/"},"sameAs":["https:\/\/www.facebook.com\/BougeBougeYesWeCan\/","https:\/\/www.youtube.com\/channel\/UCjmcznxAR6rWymUfr6h7EjA"]}]}},"_links":{"self":[{"href":"https:\/\/www.bougebouge.com\/en\/wp-json\/wp\/v2\/product\/54592","targetHints":{"allow":["GET"]}}],"collection":[{"href":"https:\/\/www.bougebouge.com\/en\/wp-json\/wp\/v2\/product"}],"about":[{"href":"https:\/\/www.bougebouge.com\/en\/wp-json\/wp\/v2\/types\/product"}],"author":[{"embeddable":true,"href":"https:\/\/www.bougebouge.com\/en\/wp-json\/wp\/v2\/users\/1"}],"wp:featuredmedia":[{"embeddable":true,"href":"https:\/\/www.bougebouge.com\/en\/wp-json\/wp\/v2\/media\/58030"}],"wp:attachment":[{"href":"https:\/\/www.bougebouge.com\/en\/wp-json\/wp\/v2\/media?parent=54592"}],"wp:term":[{"taxonomy":"product_brand","embeddable":true,"href":"https:\/\/www.bougebouge.com\/en\/wp-json\/wp\/v2\/product_brand?post=54592"},{"taxonomy":"product_cat","embeddable":true,"href":"https:\/\/www.bougebouge.com\/en\/wp-json\/wp\/v2\/product_cat?post=54592"},{"taxonomy":"product_tag","embeddable":true,"href":"https:\/\/www.bougebouge.com\/en\/wp-json\/wp\/v2\/product_tag?post=54592"},{"taxonomy":"giftcard-category","embeddable":true,"href":"https:\/\/www.bougebouge.com\/en\/wp-json\/wp\/v2\/giftcard-category?post=54592"}],"curies":[{"name":"wp","href":"https:\/\/api.w.org\/{rel}","templated":true}]}}