{"id":39078,"date":"2021-04-12T17:26:12","date_gmt":"2021-04-16T19:14:28","guid":{"rendered":"https:\/\/www.bougebouge.com\/?post_type=product&#038;p=39078"},"modified":"2021-10-27T20:54:21","modified_gmt":"2021-10-28T00:54:21","slug":"bougebouge-verdun-2021","status":"publish","type":"product","link":"https:\/\/www.bougebouge.com\/en\/shop\/events\/bougebouge-verdun-2021\/","title":{"rendered":"BougeBouge Verdun 2021"},"content":{"rendered":"<div class=\"wpb-content-wrapper\"><p>[vc_row row_height_percent=&#8221;0&#8243; back_color=&#8221;color-119807&#8243; overlay_alpha=&#8221;50&#8243; gutter_size=&#8221;3&#8243; column_width_percent=&#8221;100&#8243; shift_y=&#8221;0&#8243; z_index=&#8221;0&#8243;][vc_column column_width_percent=&#8221;100&#8243; position_vertical=&#8221;middle&#8221; gutter_size=&#8221;3&#8243; style=&#8221;dark&#8221; overlay_alpha=&#8221;50&#8243; shift_x=&#8221;0&#8243; shift_y=&#8221;0&#8243; shift_y_down=&#8221;0&#8243; z_index=&#8221;0&#8243; medium_width=&#8221;0&#8243; mobile_width=&#8221;0&#8243; width=&#8221;1\/1&#8243;][vc_custom_heading text_height=&#8221;&#8221;]Montreal&#8217;s BougeBouge West Series: VERDUN[\/vc_custom_heading][\/vc_column][\/vc_row][vc_row][vc_column column_width_percent=&#8221;100&#8243; position_vertical=&#8221;middle&#8221; gutter_size=&#8221;3&#8243; overlay_alpha=&#8221;50&#8243; shift_x=&#8221;0&#8243; shift_y=&#8221;0&#8243; shift_y_down=&#8221;0&#8243; z_index=&#8221;0&#8243; medium_width=&#8221;0&#8243; mobile_width=&#8221;0&#8243; width=&#8221;1\/2&#8243;][vc_column_text]BougeBouge Verdun! Take part in a 5km or 21km running competition on the weekend of June 19 and 20, 2021![\/vc_column_text][vc_column_text]Enjoy running with your family and friends in a safe way! See the sections below for the scenarios and measures that will be in place.[\/vc_column_text][\/vc_column][vc_column column_width_percent=&#8221;100&#8243; gutter_size=&#8221;2&#8243; override_padding=&#8221;yes&#8221; column_padding=&#8221;2&#8243; back_color=&#8221;accent&#8221; back_image=&#8221;38506&#8243; overlay_color=&#8221;accent&#8221; overlay_alpha=&#8221;75&#8243; shift_x=&#8221;0&#8243; shift_y=&#8221;-3&#8243; shift_y_down=&#8221;0&#8243; z_index=&#8221;0&#8243; medium_width=&#8221;0&#8243; mobile_width=&#8221;0&#8243; width=&#8221;1\/2&#8243; uncode_shortcode_id=&#8221;420711&#8243; back_color_type=&#8221;uncode-palette&#8221; overlay_color_type=&#8221;uncode-palette&#8221;][vc_custom_heading text_color=&#8221;color-xsdn&#8221; heading_semantic=&#8221;p&#8221; text_size=&#8221;h3&#8243; text_height=&#8221;&#8221;]Feel like moving this summer?[\/vc_custom_heading][vc_custom_heading text_height=&#8221;&#8221;]Sign up for our Series[\/vc_custom_heading][vc_button size=&#8221;btn-lg&#8221; hover_fx=&#8221;full-colored&#8221; border_width=&#8221;0&#8243; link=&#8221;url:https%3A%2F%2Fwww.bougebouge.com%2Fen%2Fevents%2F|target:%20_blank|&#8221;]view the series[\/vc_button][\/vc_column][\/vc_row][vc_row][vc_column width=&#8221;1\/1&#8243;][vc_accordion][vc_accordion_tab title=&#8221;Parcours de course&#8221; tab_id=&#8221;1610028287-2-66&#8243;][vc_button button_color=&#8221;accent&#8221; size=&#8221;btn-xl&#8221; wide=&#8221;yes&#8221; hover_fx=&#8221;full-colored&#8221; border_width=&#8221;0&#8243; link=&#8221;url:https%3A%2F%2Fwww.google.com%2Fmaps%2Fd%2Fedit%3Fmid%3D1617rwrw7G036Ukxit0iPYlBtJUpTZSWT%26usp%3Dsharing|target:%20_blank|&#8221;]View maps and routes [\/vc_button][\/vc_accordion_tab][vc_accordion_tab title=&#8221;Programmation de la journ\u00e9e&#8221; tab_id=&#8221;1617806059487-14-2&#8243;][vc_column_text]Start times for the 5 km and 21 km:<\/p>\n<p>21 km<\/p>\n<p>7h00<br \/>\n9:00 am (FULL WAVE)<\/p>\n<p>5K<\/p>\n<p>12h00<br \/>\n13h00<br \/>\n14h00<br \/>\n15h00[\/vc_column_text][vc_empty_space empty_h=&#8221;1&#8243;][vc_column_text]Choose your starting wave:<\/p>\n<ol>\n<li>The departures will take place every 60 minutes for the 5km and every 120 minutes for the 21km in order to give the participants time to leave the course before the departure of the next wave.<\/li>\n<li>Your registration does NOT guarantee you the wave of your choice; when you purchase your ticket, you will have to fill out a form. In case you did not fill out the form, it will also be emailed to you 1 minute after your purchase. If you did not receive it, please check your junk mail.<\/li>\n<\/ol>\n<p>[\/vc_column_text][\/vc_accordion_tab][vc_accordion_tab title=&#8221;Fees and application process&#8221; tab_id=&#8221;1610028287-1-22&#8243;][vc_column_text]<\/p>\n<ol>\n<li>The registration fee is $35.00<\/li>\n<li>A platform fee of $2.95 as well as GST and QST will be added to your order.<\/li>\n<li>Online registration will close on Sunday, one week before the event.<\/li>\n<li>Vous pouvez faire un transfert de dossard sur place lors de la r\u00e9cup\u00e9ration de votre trousse du participant.<\/li>\n<\/ol>\n<p><strong>Politique d&#8217;annulation et de remboursement<\/strong><\/p>\n<ol>\n<li>Dans le cas o\u00f9 l\u2019\u00e9v\u00e9nement devrait \u00eatre annul\u00e9 ou tenu d\u2019une fa\u00e7on adapt\u00e9e, <strong>incluant une course virtuelle<\/strong> pour des raisons hors du contr\u00f4le du comit\u00e9 organisateur comme la m\u00e9t\u00e9o ou une situation de pand\u00e9mie incluant la Covid-19 et\/ou de tout autre cas de force majeure, <b>aucun remboursement<\/b> ne sera possible.<\/li>\n<\/ol>\n<p>[\/vc_column_text][\/vc_accordion_tab][vc_accordion_tab title=&#8221;Codes de couleurs -Sant\u00e9 publique&#8221; tab_id=&#8221;1610028550417-2-2&#8243;][vc_row_inner][vc_column_inner width=&#8221;1\/1&#8243;][vc_column_text]<strong>Scenario A: Face-to-face race (code green, yellow and orange)<\/strong><\/p>\n<ul>\n<li>Each departure is designed to see a group of 12 people at a time, considering a code orange. In an option where the area turns code yellow we will allow more participants per start. You will be assigned a start time based on the time you registered.\u00a0 An official email will be sent to you one (1) week prior to your race start day. You will have to be at the start line no later than 15 minutes before the start.<\/li>\n<\/ul>\n<p>&nbsp;<\/p>\n<p><strong>Scenario B: Virtual race (Code Red)<\/strong><\/p>\n<ul>\n<li>In the case of a code red, the participant will pick up their runner&#8217;s kit on the scheduled dates and complete their challenge at the location of their choice on their race day. You will need to fill out the OFFICIAL time form HERE in order to submit your time to sportstats to post your result.<\/li>\n<\/ul>\n<p>[\/vc_column_text][vc_empty_space empty_h=&#8221;2&#8243;][vc_button button_color=&#8221;accent&#8221; size=&#8221;btn-lg&#8221; border_width=&#8221;0&#8243; link=&#8221;url:https%3A%2F%2Fwww.quebec.ca%2Fsante%2Fproblemes-de-sante%2Fa-z%2Fcoronavirus-2019%2Fsysteme-alertes-regionales-et-intervention-graduelle%2Fcartes-paliers-alerte-covid-19-par-region%23c77059|target:%20_blank|&#8221;]Alert levels [\/vc_button][\/vc_column_inner][\/vc_row_inner][\/vc_accordion_tab][vc_accordion_tab title=&#8221;Sanitary measures and wearing a mask&#8221; tab_id=&#8221;1617044317452-14-8&#8243;][vc_column_text]We follow the recommendations of public health and the guidelines of the Quebec Athletic Federation. Here is an overview of the main measures:<\/p>\n<ol>\n<li>Mandatory hand disinfection upon entering and leaving the site.<\/li>\n<li>When you pick up your race number, you will be asked to fill out a web form to verify that you do not have any symptoms of Covid-19. If you are positive, you will not be able to participate in the event.<\/li>\n<li>As soon as you arrive at the competition site, the mask must be worn at all times by all participants aged 10 years and older. The mask can be removed at the time of your departure by respecting the 2 m distance.<\/li>\n<li>Departures will be in controlled groups. The maximum number of participants per group is determined by public health.<\/li>\n<li>There will be several hand sanitizing stations on site and near the restrooms.<\/li>\n<li>A respect of the 2 m is required at all times.<\/li>\n<li>Spectators are NOT allowed on the site in order to respect the sanitary measures and the maximum number of people on the site.<\/li>\n<li>After the race, participants will be asked to leave the site quickly.<\/li>\n<\/ol>\n<p>[\/vc_column_text][\/vc_accordion_tab][vc_accordion_tab title=&#8221;Runner&#8217;s Guide&#8221; tab_id=&#8221;1610028924691-3-3&#8243;][vc_column_text]Number pick-up:<\/p>\n<p>Bib pickup will only take place 15-30 minutes before your race start.<\/p>\n<p>Be sure to validate your start on the SportStats platform at least one week before the event.<\/p>\n<p>Water:<\/p>\n<p>In order to respect the sanitary measures related to the Covid-19, there will be no water stations on the course, but rather a water station at the end of the race. We therefore ask you to bring your own water (water belt, etc.) if you want to drink it during your race. Thank you for your understanding<\/p>\n<p>&nbsp;<\/p>\n<p>The participant&#8217;s kit<\/p>\n<p>Your bib number will be given to you at the RedBug booth near the start.<br \/>\nYour choice of RedBug accessory, your finisher&#8217;s ribbon and your snack will be given to you at the finish line<\/p>\n<p>We don&#8217;t offer a conventional medal, but rather an eco-friendly RedBug ribbon![\/vc_column_text][\/vc_accordion_tab][vc_accordion_tab title=&#8221;Timing and Course&#8221; tab_id=&#8221;1610028950204-4-8&#8243;][vc_column_text]Timing :<\/p>\n<p>Gun start and manual timing Sports Stats (2021).<br \/>\nResults will be by age category (U5, 6-7, 8-9, 10-12, 13-14, 15-19, 20-29&#8230; up to 60+)<br \/>\nAll results will be posted on Sportstats<br \/>\nIn the case of a virtual event, each participant will have to fill out the form: Submission of results Sportstats BougeBouge 2021- Code Rouge<\/p>\n<p>Course :<\/p>\n<p>Secured (volunteer service, police, cadet)<br \/>\nMile markers and signage on the course<br \/>\nFirst aid service at the start and finish line<br \/>\n[\/vc_column_text][\/vc_accordion_tab][vc_accordion_tab title=&#8221;Services&#8221; tab_id=&#8221;1614560996762-11-0&#8243;][vc_column_text]Water station<\/p>\n<p>There will be no water stations on the course other than at the finish line. We suggest that you bring your own bottle if needed.<\/p>\n<p>&nbsp;<\/p>\n<p>Toilets<\/p>\n<p>An outdoor chemical toilet or access to a toilet block will be available at the start.[\/vc_column_text][\/vc_accordion_tab][vc_accordion_tab title=&#8221;\u00c9coresponsabilit\u00e9&#8221; tab_id=&#8221;1613953773215-7-9&#8243;][vc_column_text]Eco-responsible instructions:<\/p>\n<p>Please put the waste in the right recycling bin.<br \/>\nDo not throw waste or masks on the ground during your activity<br \/>\nBring your own water bottle for refilling at the tap<\/p>\n<p>We are working hard to ensure that all our events meet our eco-friendly goals.[\/vc_column_text][\/vc_accordion_tab][vc_accordion_tab title=&#8221;FAQ&#8221; tab_id=&#8221;1617044213207-14-7&#8243;][vc_column_text]<\/p>\n<ol>\n<li>This race is affiliated with the Quebec Track and Field Federation.<br \/>\nIt is forbidden to start with a dog.<\/li>\n<\/ol>\n<p>[\/vc_column_text][\/vc_accordion_tab][\/vc_accordion][\/vc_column][\/vc_row]<\/p>\n<\/div>","protected":false},"excerpt":{"rendered":"<p>[vc_row row_height_percent=&#8221;0&#8243; back_color=&#8221;color-119807&#8243; overlay_alpha=&#8221;50&#8243; gutter_size=&#8221;3&#8243; column_width_percent=&#8221;100&#8243; shift_y=&#8221;0&#8243; z_index=&#8221;0&#8243;][vc_column column_width_percent=&#8221;100&#8243; position_vertical=&#8221;middle&#8221; gutter_size=&#8221;3&#8243; style=&#8221;dark&#8221; overlay_alpha=&#8221;50&#8243; shift_x=&#8221;0&#8243; shift_y=&#8221;0&#8243; shift_y_down=&#8221;0&#8243; z_index=&#8221;0&#8243; medium_width=&#8221;0&#8243; mobile_width=&#8221;0&#8243; width=&#8221;1\/1&#8243;][vc_custom_heading [&hellip;]<\/p>\n","protected":false},"author":4,"featured_media":38575,"template":"","meta":{"_acf_changed":false},"product_brand":[],"product_cat":[93],"product_tag":[],"giftcard-category":[],"class_list":{"0":"post-39078","1":"product","2":"type-product","3":"status-publish","4":"has-post-thumbnail","6":"product_cat-events","8":"first","9":"instock","10":"taxable","11":"shipping-taxable","12":"product-type-simple"},"acf":[],"yoast_head":"<!-- This site is optimized with the Yoast SEO plugin v27.4 - https:\/\/yoast.com\/product\/yoast-seo-wordpress\/ -->\n<title>BougeBouge Verdun 2021 - BougeBouge - Montreal West Series<\/title>\n<meta name=\"description\" content=\"Participate in the BougeBouge Verdun 2021 race on June 19th and 20th. Register now, places are limited!\" \/>\n<meta name=\"robots\" content=\"index, follow, max-snippet:-1, max-image-preview:large, max-video-preview:-1\" \/>\n<link rel=\"canonical\" href=\"https:\/\/www.bougebouge.com\/en\/shop\/events\/bougebouge-verdun-2021\/\" \/>\n<meta property=\"og:locale\" content=\"en_US\" \/>\n<meta property=\"og:type\" content=\"article\" \/>\n<meta property=\"og:title\" content=\"BougeBouge Verdun 2021 - BougeBouge - Montreal West Series\" \/>\n<meta property=\"og:description\" content=\"Participate in the BougeBouge Verdun 2021 race on June 19th and 20th. Register now, places are limited!\" \/>\n<meta property=\"og:url\" content=\"https:\/\/www.bougebouge.com\/en\/shop\/events\/bougebouge-verdun-2021\/\" \/>\n<meta property=\"og:site_name\" content=\"BougeBouge\" \/>\n<meta property=\"article:publisher\" content=\"https:\/\/www.facebook.com\/BougeBougeYesWeCan\/\" \/>\n<meta property=\"article:modified_time\" content=\"2021-10-28T00:54:21+00:00\" \/>\n<meta property=\"og:image\" content=\"https:\/\/www.bougebouge.com\/wp-content\/uploads\/2021\/10\/bougebouge-serie-ouest-mtl-facebook-01.jpg\" \/>\n\t<meta property=\"og:image:width\" content=\"1080\" \/>\n\t<meta property=\"og:image:height\" content=\"1080\" \/>\n\t<meta property=\"og:image:type\" content=\"image\/jpeg\" \/>\n<meta name=\"twitter:card\" content=\"summary_large_image\" \/>\n<meta name=\"twitter:label1\" content=\"Est. reading time\" \/>\n\t<meta name=\"twitter:data1\" content=\"7 minutes\" \/>\n<script type=\"application\/ld+json\" class=\"yoast-schema-graph\">{\"@context\":\"https:\\\/\\\/schema.org\",\"@graph\":[{\"@type\":\"WebPage\",\"@id\":\"https:\\\/\\\/www.bougebouge.com\\\/en\\\/shop\\\/events\\\/bougebouge-verdun-2021\\\/\",\"url\":\"https:\\\/\\\/www.bougebouge.com\\\/en\\\/shop\\\/events\\\/bougebouge-verdun-2021\\\/\",\"name\":\"BougeBouge Verdun 2021 - BougeBouge - Montreal West Series\",\"isPartOf\":{\"@id\":\"https:\\\/\\\/www.bougebouge.com\\\/en\\\/#website\"},\"primaryImageOfPage\":{\"@id\":\"https:\\\/\\\/www.bougebouge.com\\\/en\\\/shop\\\/events\\\/bougebouge-verdun-2021\\\/#primaryimage\"},\"image\":{\"@id\":\"https:\\\/\\\/www.bougebouge.com\\\/en\\\/shop\\\/events\\\/bougebouge-verdun-2021\\\/#primaryimage\"},\"thumbnailUrl\":\"https:\\\/\\\/www.bougebouge.com\\\/wp-content\\\/uploads\\\/2021\\\/10\\\/bougebouge-serie-ouest-mtl-facebook-01.jpg\",\"datePublished\":\"2021-04-16T19:14:28+00:00\",\"dateModified\":\"2021-10-28T00:54:21+00:00\",\"description\":\"Participate in the BougeBouge Verdun 2021 race on June 19th and 20th. Register now, places are limited!\",\"breadcrumb\":{\"@id\":\"https:\\\/\\\/www.bougebouge.com\\\/en\\\/shop\\\/events\\\/bougebouge-verdun-2021\\\/#breadcrumb\"},\"inLanguage\":\"en-US\",\"potentialAction\":[{\"@type\":\"ReadAction\",\"target\":[\"https:\\\/\\\/www.bougebouge.com\\\/en\\\/shop\\\/events\\\/bougebouge-verdun-2021\\\/\"]}]},{\"@type\":\"ImageObject\",\"inLanguage\":\"en-US\",\"@id\":\"https:\\\/\\\/www.bougebouge.com\\\/en\\\/shop\\\/events\\\/bougebouge-verdun-2021\\\/#primaryimage\",\"url\":\"https:\\\/\\\/www.bougebouge.com\\\/wp-content\\\/uploads\\\/2021\\\/10\\\/bougebouge-serie-ouest-mtl-facebook-01.jpg\",\"contentUrl\":\"https:\\\/\\\/www.bougebouge.com\\\/wp-content\\\/uploads\\\/2021\\\/10\\\/bougebouge-serie-ouest-mtl-facebook-01.jpg\",\"width\":1080,\"height\":1080},{\"@type\":\"BreadcrumbList\",\"@id\":\"https:\\\/\\\/www.bougebouge.com\\\/en\\\/shop\\\/events\\\/bougebouge-verdun-2021\\\/#breadcrumb\",\"itemListElement\":[{\"@type\":\"ListItem\",\"position\":1,\"name\":\"Accueil\",\"item\":\"https:\\\/\\\/www.bougebouge.com\\\/en\\\/\"},{\"@type\":\"ListItem\",\"position\":2,\"name\":\"Shop\",\"item\":\"https:\\\/\\\/www.bougebouge.com\\\/en\\\/shop\\\/\"},{\"@type\":\"ListItem\",\"position\":3,\"name\":\"BougeBouge Verdun 2021\"}]},{\"@type\":\"WebSite\",\"@id\":\"https:\\\/\\\/www.bougebouge.com\\\/en\\\/#website\",\"url\":\"https:\\\/\\\/www.bougebouge.com\\\/en\\\/\",\"name\":\"BougeBouge\",\"description\":\"Prevent physical dropout pour prevent and counter the physical inactivity rate among at-risk youth, families and retirees.\",\"publisher\":{\"@id\":\"https:\\\/\\\/www.bougebouge.com\\\/en\\\/#organization\"},\"potentialAction\":[{\"@type\":\"SearchAction\",\"target\":{\"@type\":\"EntryPoint\",\"urlTemplate\":\"https:\\\/\\\/www.bougebouge.com\\\/en\\\/?s={search_term_string}\"},\"query-input\":{\"@type\":\"PropertyValueSpecification\",\"valueRequired\":true,\"valueName\":\"search_term_string\"}}],\"inLanguage\":\"en-US\"},{\"@type\":\"Organization\",\"@id\":\"https:\\\/\\\/www.bougebouge.com\\\/en\\\/#organization\",\"name\":\"BougeBouge\",\"url\":\"https:\\\/\\\/www.bougebouge.com\\\/en\\\/\",\"logo\":{\"@type\":\"ImageObject\",\"inLanguage\":\"en-US\",\"@id\":\"https:\\\/\\\/www.bougebouge.com\\\/en\\\/#\\\/schema\\\/logo\\\/image\\\/\",\"url\":\"https:\\\/\\\/www.bougebouge.com\\\/wp-content\\\/uploads\\\/2021\\\/10\\\/logo-bougebouge-final-1.png\",\"contentUrl\":\"https:\\\/\\\/www.bougebouge.com\\\/wp-content\\\/uploads\\\/2021\\\/10\\\/logo-bougebouge-final-1.png\",\"width\":2048,\"height\":2048,\"caption\":\"BougeBouge\"},\"image\":{\"@id\":\"https:\\\/\\\/www.bougebouge.com\\\/en\\\/#\\\/schema\\\/logo\\\/image\\\/\"},\"sameAs\":[\"https:\\\/\\\/www.facebook.com\\\/BougeBougeYesWeCan\\\/\",\"https:\\\/\\\/www.youtube.com\\\/channel\\\/UCjmcznxAR6rWymUfr6h7EjA\"]}]}<\/script>\n<!-- \/ Yoast SEO plugin. -->","yoast_head_json":{"title":"BougeBouge Verdun 2021 - BougeBouge - Montreal West Series","description":"Participate in the BougeBouge Verdun 2021 race on June 19th and 20th. Register now, places are limited!","robots":{"index":"index","follow":"follow","max-snippet":"max-snippet:-1","max-image-preview":"max-image-preview:large","max-video-preview":"max-video-preview:-1"},"canonical":"https:\/\/www.bougebouge.com\/en\/shop\/events\/bougebouge-verdun-2021\/","og_locale":"en_US","og_type":"article","og_title":"BougeBouge Verdun 2021 - BougeBouge - Montreal West Series","og_description":"Participate in the BougeBouge Verdun 2021 race on June 19th and 20th. Register now, places are limited!","og_url":"https:\/\/www.bougebouge.com\/en\/shop\/events\/bougebouge-verdun-2021\/","og_site_name":"BougeBouge","article_publisher":"https:\/\/www.facebook.com\/BougeBougeYesWeCan\/","article_modified_time":"2021-10-28T00:54:21+00:00","og_image":[{"width":1080,"height":1080,"url":"https:\/\/www.bougebouge.com\/wp-content\/uploads\/2021\/10\/bougebouge-serie-ouest-mtl-facebook-01.jpg","type":"image\/jpeg"}],"twitter_card":"summary_large_image","twitter_misc":{"Est. reading time":"7 minutes"},"schema":{"@context":"https:\/\/schema.org","@graph":[{"@type":"WebPage","@id":"https:\/\/www.bougebouge.com\/en\/shop\/events\/bougebouge-verdun-2021\/","url":"https:\/\/www.bougebouge.com\/en\/shop\/events\/bougebouge-verdun-2021\/","name":"BougeBouge Verdun 2021 - BougeBouge - Montreal West Series","isPartOf":{"@id":"https:\/\/www.bougebouge.com\/en\/#website"},"primaryImageOfPage":{"@id":"https:\/\/www.bougebouge.com\/en\/shop\/events\/bougebouge-verdun-2021\/#primaryimage"},"image":{"@id":"https:\/\/www.bougebouge.com\/en\/shop\/events\/bougebouge-verdun-2021\/#primaryimage"},"thumbnailUrl":"https:\/\/www.bougebouge.com\/wp-content\/uploads\/2021\/10\/bougebouge-serie-ouest-mtl-facebook-01.jpg","datePublished":"2021-04-16T19:14:28+00:00","dateModified":"2021-10-28T00:54:21+00:00","description":"Participate in the BougeBouge Verdun 2021 race on June 19th and 20th. Register now, places are limited!","breadcrumb":{"@id":"https:\/\/www.bougebouge.com\/en\/shop\/events\/bougebouge-verdun-2021\/#breadcrumb"},"inLanguage":"en-US","potentialAction":[{"@type":"ReadAction","target":["https:\/\/www.bougebouge.com\/en\/shop\/events\/bougebouge-verdun-2021\/"]}]},{"@type":"ImageObject","inLanguage":"en-US","@id":"https:\/\/www.bougebouge.com\/en\/shop\/events\/bougebouge-verdun-2021\/#primaryimage","url":"https:\/\/www.bougebouge.com\/wp-content\/uploads\/2021\/10\/bougebouge-serie-ouest-mtl-facebook-01.jpg","contentUrl":"https:\/\/www.bougebouge.com\/wp-content\/uploads\/2021\/10\/bougebouge-serie-ouest-mtl-facebook-01.jpg","width":1080,"height":1080},{"@type":"BreadcrumbList","@id":"https:\/\/www.bougebouge.com\/en\/shop\/events\/bougebouge-verdun-2021\/#breadcrumb","itemListElement":[{"@type":"ListItem","position":1,"name":"Accueil","item":"https:\/\/www.bougebouge.com\/en\/"},{"@type":"ListItem","position":2,"name":"Shop","item":"https:\/\/www.bougebouge.com\/en\/shop\/"},{"@type":"ListItem","position":3,"name":"BougeBouge Verdun 2021"}]},{"@type":"WebSite","@id":"https:\/\/www.bougebouge.com\/en\/#website","url":"https:\/\/www.bougebouge.com\/en\/","name":"BougeBouge","description":"Prevent physical dropout pour prevent and counter the physical inactivity rate among at-risk youth, families and retirees.","publisher":{"@id":"https:\/\/www.bougebouge.com\/en\/#organization"},"potentialAction":[{"@type":"SearchAction","target":{"@type":"EntryPoint","urlTemplate":"https:\/\/www.bougebouge.com\/en\/?s={search_term_string}"},"query-input":{"@type":"PropertyValueSpecification","valueRequired":true,"valueName":"search_term_string"}}],"inLanguage":"en-US"},{"@type":"Organization","@id":"https:\/\/www.bougebouge.com\/en\/#organization","name":"BougeBouge","url":"https:\/\/www.bougebouge.com\/en\/","logo":{"@type":"ImageObject","inLanguage":"en-US","@id":"https:\/\/www.bougebouge.com\/en\/#\/schema\/logo\/image\/","url":"https:\/\/www.bougebouge.com\/wp-content\/uploads\/2021\/10\/logo-bougebouge-final-1.png","contentUrl":"https:\/\/www.bougebouge.com\/wp-content\/uploads\/2021\/10\/logo-bougebouge-final-1.png","width":2048,"height":2048,"caption":"BougeBouge"},"image":{"@id":"https:\/\/www.bougebouge.com\/en\/#\/schema\/logo\/image\/"},"sameAs":["https:\/\/www.facebook.com\/BougeBougeYesWeCan\/","https:\/\/www.youtube.com\/channel\/UCjmcznxAR6rWymUfr6h7EjA"]}]}},"_links":{"self":[{"href":"https:\/\/www.bougebouge.com\/en\/wp-json\/wp\/v2\/product\/39078","targetHints":{"allow":["GET"]}}],"collection":[{"href":"https:\/\/www.bougebouge.com\/en\/wp-json\/wp\/v2\/product"}],"about":[{"href":"https:\/\/www.bougebouge.com\/en\/wp-json\/wp\/v2\/types\/product"}],"author":[{"embeddable":true,"href":"https:\/\/www.bougebouge.com\/en\/wp-json\/wp\/v2\/users\/4"}],"wp:featuredmedia":[{"embeddable":true,"href":"https:\/\/www.bougebouge.com\/en\/wp-json\/wp\/v2\/media\/38575"}],"wp:attachment":[{"href":"https:\/\/www.bougebouge.com\/en\/wp-json\/wp\/v2\/media?parent=39078"}],"wp:term":[{"taxonomy":"product_brand","embeddable":true,"href":"https:\/\/www.bougebouge.com\/en\/wp-json\/wp\/v2\/product_brand?post=39078"},{"taxonomy":"product_cat","embeddable":true,"href":"https:\/\/www.bougebouge.com\/en\/wp-json\/wp\/v2\/product_cat?post=39078"},{"taxonomy":"product_tag","embeddable":true,"href":"https:\/\/www.bougebouge.com\/en\/wp-json\/wp\/v2\/product_tag?post=39078"},{"taxonomy":"giftcard-category","embeddable":true,"href":"https:\/\/www.bougebouge.com\/en\/wp-json\/wp\/v2\/giftcard-category?post=39078"}],"curies":[{"name":"wp","href":"https:\/\/api.w.org\/{rel}","templated":true}]}}