{"id":38864,"date":"2020-10-16T12:03:43","date_gmt":"2020-10-16T16:03:43","guid":{"rendered":"https:\/\/www.bougebouge.com\/?post_type=product&#038;p=38864"},"modified":"2021-10-27T18:07:22","modified_gmt":"2021-10-27T22:07:22","slug":"perseverance-collective-canvas-36x36-in-2","status":"publish","type":"product","link":"https:\/\/www.bougebouge.com\/en\/shop\/art-en\/perseverance-collective-canvas-36x36-in-2\/","title":{"rendered":"Perseverance collective canvas 36&#215;36 in"},"content":{"rendered":"","protected":false},"excerpt":{"rendered":"<p>As part of the <strong>Aylmer Active this summer<\/strong>, in collaboration with APICA BougeBouge and its team, we are creating a series of seven (7) collective paintings, three (3) of which were created by artist Maryse B\u00e9lisle and four (4) by artist \u00c9tienne G\u00e9linas.<\/p>\n<p>The profits raised will go to the Kathy Tremblay Foundation in order to help schools in areas that are more at risk for physical activity. A charitable receipt can be given to you!<\/p>\n<ul>\n<li>36&#215;36&#8243; canvas<\/li>\n<li>Exposed : Caf\u00e9 Mulligan 149 Rue Principale, Gatineau, QC J9H 3M7 (Aylmer Sector)<\/li>\n<li>Minimum bid:<span style=\"font-family: -apple-system, BlinkMacSystemFont, 'Segoe UI', Roboto, Oxygen-Sans, Ubuntu, Cantarell, 'Helvetica Neue', sans-serif;\">\u00a0300.00$+tx<\/span><\/li>\n<\/ul>\n","protected":false},"author":4,"featured_media":865,"template":"","meta":{"_acf_changed":false},"product_brand":[],"product_cat":[72],"product_tag":[],"giftcard-category":[],"class_list":{"0":"post-38864","1":"product","2":"type-product","3":"status-publish","4":"has-post-thumbnail","6":"product_cat-art-en","8":"first","9":"outofstock","10":"virtual","11":"sold-individually","12":"taxable","13":"purchasable","14":"product-type-simple"},"acf":[],"yoast_head":"<!-- This site is optimized with the Yoast SEO plugin v27.1.1 - https:\/\/yoast.com\/product\/yoast-seo-wordpress\/ -->\n<title>Perseverance collective canvas 36x36 in - BougeBouge<\/title>\n<meta name=\"description\" content=\"Perseverance collective canvas 36x36 in - D\u00e9couvrez nos \u00e9v\u00e9nements de course, les Aventures, les clubs de course et bien plus!\" \/>\n<meta name=\"robots\" content=\"index, follow, max-snippet:-1, max-image-preview:large, max-video-preview:-1\" \/>\n<link rel=\"canonical\" href=\"https:\/\/www.bougebouge.com\/en\/shop\/art-en\/perseverance-collective-canvas-36x36-in-2\/\" \/>\n<meta property=\"og:locale\" content=\"en_US\" \/>\n<meta property=\"og:type\" content=\"article\" \/>\n<meta property=\"og:title\" content=\"Perseverance collective canvas 36x36 in - BougeBouge\" \/>\n<meta property=\"og:description\" content=\"Perseverance collective canvas 36x36 in - D\u00e9couvrez nos \u00e9v\u00e9nements de course, les Aventures, les clubs de course et bien plus!\" \/>\n<meta property=\"og:url\" content=\"https:\/\/www.bougebouge.com\/en\/shop\/art-en\/perseverance-collective-canvas-36x36-in-2\/\" \/>\n<meta property=\"og:site_name\" content=\"BougeBouge\" \/>\n<meta property=\"article:publisher\" content=\"https:\/\/www.facebook.com\/BougeBougeYesWeCan\/\" \/>\n<meta property=\"article:modified_time\" content=\"2021-10-27T22:07:22+00:00\" \/>\n<meta property=\"og:image\" content=\"https:\/\/www.bougebouge.com\/wp-content\/uploads\/2021\/10\/20201013220409-611a7578-01-coureur.jpg\" \/>\n\t<meta property=\"og:image:width\" content=\"1497\" \/>\n\t<meta property=\"og:image:height\" content=\"1280\" \/>\n\t<meta property=\"og:image:type\" content=\"image\/jpeg\" \/>\n<meta name=\"twitter:card\" content=\"summary_large_image\" \/>\n<script type=\"application\/ld+json\" class=\"yoast-schema-graph\">{\"@context\":\"https:\/\/schema.org\",\"@graph\":[{\"@type\":\"WebPage\",\"@id\":\"https:\/\/www.bougebouge.com\/en\/shop\/art-en\/perseverance-collective-canvas-36x36-in-2\/\",\"url\":\"https:\/\/www.bougebouge.com\/en\/shop\/art-en\/perseverance-collective-canvas-36x36-in-2\/\",\"name\":\"Perseverance collective canvas 36x36 in - BougeBouge\",\"isPartOf\":{\"@id\":\"https:\/\/www.bougebouge.com\/en\/#website\"},\"primaryImageOfPage\":{\"@id\":\"https:\/\/www.bougebouge.com\/en\/shop\/art-en\/perseverance-collective-canvas-36x36-in-2\/#primaryimage\"},\"image\":{\"@id\":\"https:\/\/www.bougebouge.com\/en\/shop\/art-en\/perseverance-collective-canvas-36x36-in-2\/#primaryimage\"},\"thumbnailUrl\":\"https:\/\/www.bougebouge.com\/wp-content\/uploads\/2021\/10\/20201013220409-611a7578-01-coureur.jpg\",\"datePublished\":\"2020-10-16T16:03:43+00:00\",\"dateModified\":\"2021-10-27T22:07:22+00:00\",\"description\":\"Perseverance collective canvas 36x36 in - D\u00e9couvrez nos \u00e9v\u00e9nements de course, les Aventures, les clubs de course et bien plus!\",\"breadcrumb\":{\"@id\":\"https:\/\/www.bougebouge.com\/en\/shop\/art-en\/perseverance-collective-canvas-36x36-in-2\/#breadcrumb\"},\"inLanguage\":\"en-US\",\"potentialAction\":[{\"@type\":\"ReadAction\",\"target\":[\"https:\/\/www.bougebouge.com\/en\/shop\/art-en\/perseverance-collective-canvas-36x36-in-2\/\"]}]},{\"@type\":\"ImageObject\",\"inLanguage\":\"en-US\",\"@id\":\"https:\/\/www.bougebouge.com\/en\/shop\/art-en\/perseverance-collective-canvas-36x36-in-2\/#primaryimage\",\"url\":\"https:\/\/www.bougebouge.com\/wp-content\/uploads\/2021\/10\/20201013220409-611a7578-01-coureur.jpg\",\"contentUrl\":\"https:\/\/www.bougebouge.com\/wp-content\/uploads\/2021\/10\/20201013220409-611a7578-01-coureur.jpg\",\"width\":1497,\"height\":1280},{\"@type\":\"BreadcrumbList\",\"@id\":\"https:\/\/www.bougebouge.com\/en\/shop\/art-en\/perseverance-collective-canvas-36x36-in-2\/#breadcrumb\",\"itemListElement\":[{\"@type\":\"ListItem\",\"position\":1,\"name\":\"Accueil\",\"item\":\"https:\/\/www.bougebouge.com\/en\/\"},{\"@type\":\"ListItem\",\"position\":2,\"name\":\"Shop\",\"item\":\"https:\/\/www.bougebouge.com\/en\/shop\/\"},{\"@type\":\"ListItem\",\"position\":3,\"name\":\"Perseverance collective canvas 36&#215;36 in\"}]},{\"@type\":\"WebSite\",\"@id\":\"https:\/\/www.bougebouge.com\/en\/#website\",\"url\":\"https:\/\/www.bougebouge.com\/en\/\",\"name\":\"BougeBouge\",\"description\":\"Prevent physical dropout pour prevent and counter the physical inactivity rate among at-risk youth, families and retirees.\",\"publisher\":{\"@id\":\"https:\/\/www.bougebouge.com\/en\/#organization\"},\"potentialAction\":[{\"@type\":\"SearchAction\",\"target\":{\"@type\":\"EntryPoint\",\"urlTemplate\":\"https:\/\/www.bougebouge.com\/en\/?s={search_term_string}\"},\"query-input\":{\"@type\":\"PropertyValueSpecification\",\"valueRequired\":true,\"valueName\":\"search_term_string\"}}],\"inLanguage\":\"en-US\"},{\"@type\":\"Organization\",\"@id\":\"https:\/\/www.bougebouge.com\/en\/#organization\",\"name\":\"BougeBouge\",\"url\":\"https:\/\/www.bougebouge.com\/en\/\",\"logo\":{\"@type\":\"ImageObject\",\"inLanguage\":\"en-US\",\"@id\":\"https:\/\/www.bougebouge.com\/en\/#\/schema\/logo\/image\/\",\"url\":\"https:\/\/www.bougebouge.com\/wp-content\/uploads\/2021\/10\/logo-bougebouge-final-1.png\",\"contentUrl\":\"https:\/\/www.bougebouge.com\/wp-content\/uploads\/2021\/10\/logo-bougebouge-final-1.png\",\"width\":2048,\"height\":2048,\"caption\":\"BougeBouge\"},\"image\":{\"@id\":\"https:\/\/www.bougebouge.com\/en\/#\/schema\/logo\/image\/\"},\"sameAs\":[\"https:\/\/www.facebook.com\/BougeBougeYesWeCan\/\",\"https:\/\/www.youtube.com\/channel\/UCjmcznxAR6rWymUfr6h7EjA\"]}]}<\/script>\n<!-- \/ Yoast SEO plugin. -->","yoast_head_json":{"title":"Perseverance collective canvas 36x36 in - BougeBouge","description":"Perseverance collective canvas 36x36 in - D\u00e9couvrez nos \u00e9v\u00e9nements de course, les Aventures, les clubs de course et bien plus!","robots":{"index":"index","follow":"follow","max-snippet":"max-snippet:-1","max-image-preview":"max-image-preview:large","max-video-preview":"max-video-preview:-1"},"canonical":"https:\/\/www.bougebouge.com\/en\/shop\/art-en\/perseverance-collective-canvas-36x36-in-2\/","og_locale":"en_US","og_type":"article","og_title":"Perseverance collective canvas 36x36 in - BougeBouge","og_description":"Perseverance collective canvas 36x36 in - D\u00e9couvrez nos \u00e9v\u00e9nements de course, les Aventures, les clubs de course et bien plus!","og_url":"https:\/\/www.bougebouge.com\/en\/shop\/art-en\/perseverance-collective-canvas-36x36-in-2\/","og_site_name":"BougeBouge","article_publisher":"https:\/\/www.facebook.com\/BougeBougeYesWeCan\/","article_modified_time":"2021-10-27T22:07:22+00:00","og_image":[{"width":1497,"height":1280,"url":"https:\/\/www.bougebouge.com\/wp-content\/uploads\/2021\/10\/20201013220409-611a7578-01-coureur.jpg","type":"image\/jpeg"}],"twitter_card":"summary_large_image","schema":{"@context":"https:\/\/schema.org","@graph":[{"@type":"WebPage","@id":"https:\/\/www.bougebouge.com\/en\/shop\/art-en\/perseverance-collective-canvas-36x36-in-2\/","url":"https:\/\/www.bougebouge.com\/en\/shop\/art-en\/perseverance-collective-canvas-36x36-in-2\/","name":"Perseverance collective canvas 36x36 in - BougeBouge","isPartOf":{"@id":"https:\/\/www.bougebouge.com\/en\/#website"},"primaryImageOfPage":{"@id":"https:\/\/www.bougebouge.com\/en\/shop\/art-en\/perseverance-collective-canvas-36x36-in-2\/#primaryimage"},"image":{"@id":"https:\/\/www.bougebouge.com\/en\/shop\/art-en\/perseverance-collective-canvas-36x36-in-2\/#primaryimage"},"thumbnailUrl":"https:\/\/www.bougebouge.com\/wp-content\/uploads\/2021\/10\/20201013220409-611a7578-01-coureur.jpg","datePublished":"2020-10-16T16:03:43+00:00","dateModified":"2021-10-27T22:07:22+00:00","description":"Perseverance collective canvas 36x36 in - D\u00e9couvrez nos \u00e9v\u00e9nements de course, les Aventures, les clubs de course et bien plus!","breadcrumb":{"@id":"https:\/\/www.bougebouge.com\/en\/shop\/art-en\/perseverance-collective-canvas-36x36-in-2\/#breadcrumb"},"inLanguage":"en-US","potentialAction":[{"@type":"ReadAction","target":["https:\/\/www.bougebouge.com\/en\/shop\/art-en\/perseverance-collective-canvas-36x36-in-2\/"]}]},{"@type":"ImageObject","inLanguage":"en-US","@id":"https:\/\/www.bougebouge.com\/en\/shop\/art-en\/perseverance-collective-canvas-36x36-in-2\/#primaryimage","url":"https:\/\/www.bougebouge.com\/wp-content\/uploads\/2021\/10\/20201013220409-611a7578-01-coureur.jpg","contentUrl":"https:\/\/www.bougebouge.com\/wp-content\/uploads\/2021\/10\/20201013220409-611a7578-01-coureur.jpg","width":1497,"height":1280},{"@type":"BreadcrumbList","@id":"https:\/\/www.bougebouge.com\/en\/shop\/art-en\/perseverance-collective-canvas-36x36-in-2\/#breadcrumb","itemListElement":[{"@type":"ListItem","position":1,"name":"Accueil","item":"https:\/\/www.bougebouge.com\/en\/"},{"@type":"ListItem","position":2,"name":"Shop","item":"https:\/\/www.bougebouge.com\/en\/shop\/"},{"@type":"ListItem","position":3,"name":"Perseverance collective canvas 36&#215;36 in"}]},{"@type":"WebSite","@id":"https:\/\/www.bougebouge.com\/en\/#website","url":"https:\/\/www.bougebouge.com\/en\/","name":"BougeBouge","description":"Prevent physical dropout pour prevent and counter the physical inactivity rate among at-risk youth, families and retirees.","publisher":{"@id":"https:\/\/www.bougebouge.com\/en\/#organization"},"potentialAction":[{"@type":"SearchAction","target":{"@type":"EntryPoint","urlTemplate":"https:\/\/www.bougebouge.com\/en\/?s={search_term_string}"},"query-input":{"@type":"PropertyValueSpecification","valueRequired":true,"valueName":"search_term_string"}}],"inLanguage":"en-US"},{"@type":"Organization","@id":"https:\/\/www.bougebouge.com\/en\/#organization","name":"BougeBouge","url":"https:\/\/www.bougebouge.com\/en\/","logo":{"@type":"ImageObject","inLanguage":"en-US","@id":"https:\/\/www.bougebouge.com\/en\/#\/schema\/logo\/image\/","url":"https:\/\/www.bougebouge.com\/wp-content\/uploads\/2021\/10\/logo-bougebouge-final-1.png","contentUrl":"https:\/\/www.bougebouge.com\/wp-content\/uploads\/2021\/10\/logo-bougebouge-final-1.png","width":2048,"height":2048,"caption":"BougeBouge"},"image":{"@id":"https:\/\/www.bougebouge.com\/en\/#\/schema\/logo\/image\/"},"sameAs":["https:\/\/www.facebook.com\/BougeBougeYesWeCan\/","https:\/\/www.youtube.com\/channel\/UCjmcznxAR6rWymUfr6h7EjA"]}]}},"_links":{"self":[{"href":"https:\/\/www.bougebouge.com\/en\/wp-json\/wp\/v2\/product\/38864","targetHints":{"allow":["GET"]}}],"collection":[{"href":"https:\/\/www.bougebouge.com\/en\/wp-json\/wp\/v2\/product"}],"about":[{"href":"https:\/\/www.bougebouge.com\/en\/wp-json\/wp\/v2\/types\/product"}],"author":[{"embeddable":true,"href":"https:\/\/www.bougebouge.com\/en\/wp-json\/wp\/v2\/users\/4"}],"wp:featuredmedia":[{"embeddable":true,"href":"https:\/\/www.bougebouge.com\/en\/wp-json\/wp\/v2\/media\/865"}],"wp:attachment":[{"href":"https:\/\/www.bougebouge.com\/en\/wp-json\/wp\/v2\/media?parent=38864"}],"wp:term":[{"taxonomy":"product_brand","embeddable":true,"href":"https:\/\/www.bougebouge.com\/en\/wp-json\/wp\/v2\/product_brand?post=38864"},{"taxonomy":"product_cat","embeddable":true,"href":"https:\/\/www.bougebouge.com\/en\/wp-json\/wp\/v2\/product_cat?post=38864"},{"taxonomy":"product_tag","embeddable":true,"href":"https:\/\/www.bougebouge.com\/en\/wp-json\/wp\/v2\/product_tag?post=38864"},{"taxonomy":"giftcard-category","embeddable":true,"href":"https:\/\/www.bougebouge.com\/en\/wp-json\/wp\/v2\/giftcard-category?post=38864"}],"curies":[{"name":"wp","href":"https:\/\/api.w.org\/{rel}","templated":true}]}}