{"id":38859,"date":"2020-10-22T09:33:59","date_gmt":"2020-10-22T13:33:35","guid":{"rendered":"https:\/\/www.bougebouge.com\/?post_type=product&#038;p=38859"},"modified":"2021-10-27T19:36:41","modified_gmt":"2021-10-27T23:36:41","slug":"aylmer-sanime-cet-ete-toile-collective-bougebouge-4","status":"publish","type":"product","link":"https:\/\/www.bougebouge.com\/en\/shop\/art-en\/aylmer-sanime-cet-ete-toile-collective-bougebouge-4\/","title":{"rendered":"Aylmer s&#8217;anime cet \u00e9t\u00e9: Toile collective BougeBouge 4"},"content":{"rendered":"<p><img decoding=\"async\" class=\"size-full wp-image-818 alignleft\" src=\"https:\/\/www.bougebouge.com\/wp-content\/uploads\/2021\/10\/portrait-etienne-300x193-1.jpg\" alt=\"\" width=\"300\" height=\"193\" \/><\/p>\n<p>Born in Maniwaki (Qu\u00e9bec), <a href=\"https:\/\/www.etiennegelinas.com\/en\/about\/\">Etienne G\u00e9linas<\/a> pursued college education in \u201cvisual\u00a0and media arts\u201d at the Coll\u00e8ge de l\u2019Outaouais in Gatineau, followed by a Bachelor\u2019s\u00a0degree in art and design from the UQO (BA) in\u00a02006, and later graduated with a master\u2019s degree in project management (MPM) from the UQO in 2012, and also a Master in visual art (MA) at the UQO in 2015. He has staged numerous solo\u00a0exhibitions, including at AxeNeo7, at the Art-Image and Espace Odys\u00e9e galleries of the Maison de la Culture de\u00a0Gatineau, at the D\u2019Avignon Gallery in Montr\u00e9al, at the St-Laurent+Hill Gallery in\u00a0Ottawa, at the Galerie Montcalm of the Maison du Citoyen de Gatineau, at the\u00a0Thompson Landry Gallery in Toronto, at the Lanlande &amp; Doyle Gallery of the\u00a0Shenkman Arts Centre in Ottawa, at The CACPC of Chelsea as well at the Centre d\u2019exposition de Val-d\u2019Or.<\/p>\n<div>\n<div><\/div>\n<\/div>\n","protected":false},"excerpt":{"rendered":"<p>As part of the <strong>Aylmer Active this summer<\/strong>, in collaboration with APICA, BougeBouge and its team, we are creating a series of seven (7) collective paintings, three (3) of which were created by artist Maryse B\u00e9lisle and four (4) by artist \u00c9tienne G\u00e9linas.<\/p>\n<p>The profits raised will go to the Kathy Tremblay Foundation in order to help schools in areas that are more at risk for physical activity. A charitable receipt can be given to you!<\/p>\n<ul>\n<li>Expos\u00e9: \u00c0 d\u00e9termin\u00e9 (Secteur Aylmer)<\/li>\n<\/ul>\n<p><strong style=\"font-family: -apple-system, BlinkMacSystemFont, 'Segoe UI', Roboto, Oxygen-Sans, Ubuntu, Cantarell, 'Helvetica Neue', sans-serif;\">Etienne Gelinas &amp; All<br \/>\n<\/strong>BougeBouge 4<br \/>\n24\u201dx 24\u201d \/ 60cm x 60cm<strong style=\"font-family: -apple-system, BlinkMacSystemFont, 'Segoe UI', Roboto, Oxygen-Sans, Ubuntu, Cantarell, 'Helvetica Neue', sans-serif;\"><br \/>\n<\/strong><span style=\"font-family: -apple-system, BlinkMacSystemFont, 'Segoe UI', Roboto, Oxygen-Sans, Ubuntu, Cantarell, 'Helvetica Neue', sans-serif;\">Techniques mixtes sur toile<br \/>\n<\/span><span style=\"font-family: -apple-system, BlinkMacSystemFont, 'Segoe UI', Roboto, Oxygen-Sans, Ubuntu, Cantarell, 'Helvetica Neue', sans-serif;\">2020<br \/>\n<\/span><span style=\"font-family: -apple-system, BlinkMacSystemFont, 'Segoe UI', Roboto, Oxygen-Sans, Ubuntu, Cantarell, 'Helvetica Neue', sans-serif;\">Mise de d\u00e9part 840.00$+tx<\/span><\/p>\n[gravityform id=\"30\" title=\"false\" description=\"false\" ajax=\"true\"]\n","protected":false},"author":4,"featured_media":894,"template":"","meta":{"_acf_changed":false},"product_brand":[],"product_cat":[72],"product_tag":[],"giftcard-category":[],"class_list":{"0":"post-38859","1":"product","2":"type-product","3":"status-publish","4":"has-post-thumbnail","6":"product_cat-art-en","8":"first","9":"outofstock","10":"virtual","11":"sold-individually","12":"taxable","13":"purchasable","14":"product-type-simple"},"acf":[],"yoast_head":"<!-- This site is optimized with the Yoast SEO plugin v27.1.1 - https:\/\/yoast.com\/product\/yoast-seo-wordpress\/ -->\n<title>Aylmer s&#039;anime cet \u00e9t\u00e9: Toile collective BougeBouge 4 - BougeBouge<\/title>\n<meta name=\"description\" content=\"Aylmer s&#039;anime cet \u00e9t\u00e9: Toile collective BougeBouge 4 - D\u00e9couvrez nos \u00e9v\u00e9nements de course, les Aventures, les clubs de course et bien plus!\" \/>\n<meta name=\"robots\" content=\"index, follow, max-snippet:-1, max-image-preview:large, max-video-preview:-1\" \/>\n<link rel=\"canonical\" href=\"https:\/\/www.bougebouge.com\/en\/shop\/art-en\/aylmer-sanime-cet-ete-toile-collective-bougebouge-4\/\" \/>\n<meta property=\"og:locale\" content=\"en_US\" \/>\n<meta property=\"og:type\" content=\"article\" \/>\n<meta property=\"og:title\" content=\"Aylmer s&#039;anime cet \u00e9t\u00e9: Toile collective BougeBouge 4 - BougeBouge\" \/>\n<meta property=\"og:description\" content=\"Aylmer s&#039;anime cet \u00e9t\u00e9: Toile collective BougeBouge 4 - D\u00e9couvrez nos \u00e9v\u00e9nements de course, les Aventures, les clubs de course et bien plus!\" \/>\n<meta property=\"og:url\" content=\"https:\/\/www.bougebouge.com\/en\/shop\/art-en\/aylmer-sanime-cet-ete-toile-collective-bougebouge-4\/\" \/>\n<meta property=\"og:site_name\" content=\"BougeBouge\" \/>\n<meta property=\"article:publisher\" content=\"https:\/\/www.facebook.com\/BougeBougeYesWeCan\/\" \/>\n<meta property=\"article:modified_time\" content=\"2021-10-27T23:36:41+00:00\" \/>\n<meta property=\"og:image\" content=\"https:\/\/www.bougebouge.com\/wp-content\/uploads\/2020\/10\/2020-24x24-bb-4-aylmer-sanime-cet-ete-bougebouge.jpg\" \/>\n\t<meta property=\"og:image:width\" content=\"960\" \/>\n\t<meta property=\"og:image:height\" content=\"960\" \/>\n\t<meta property=\"og:image:type\" content=\"image\/jpeg\" \/>\n<meta name=\"twitter:card\" content=\"summary_large_image\" \/>\n<meta name=\"twitter:label1\" content=\"Est. reading time\" \/>\n\t<meta name=\"twitter:data1\" content=\"1 minute\" \/>\n<script type=\"application\/ld+json\" class=\"yoast-schema-graph\">{\"@context\":\"https:\/\/schema.org\",\"@graph\":[{\"@type\":\"WebPage\",\"@id\":\"https:\/\/www.bougebouge.com\/en\/shop\/art-en\/aylmer-sanime-cet-ete-toile-collective-bougebouge-4\/\",\"url\":\"https:\/\/www.bougebouge.com\/en\/shop\/art-en\/aylmer-sanime-cet-ete-toile-collective-bougebouge-4\/\",\"name\":\"Aylmer s'anime cet \u00e9t\u00e9: Toile collective BougeBouge 4 - BougeBouge\",\"isPartOf\":{\"@id\":\"https:\/\/www.bougebouge.com\/en\/#website\"},\"primaryImageOfPage\":{\"@id\":\"https:\/\/www.bougebouge.com\/en\/shop\/art-en\/aylmer-sanime-cet-ete-toile-collective-bougebouge-4\/#primaryimage\"},\"image\":{\"@id\":\"https:\/\/www.bougebouge.com\/en\/shop\/art-en\/aylmer-sanime-cet-ete-toile-collective-bougebouge-4\/#primaryimage\"},\"thumbnailUrl\":\"https:\/\/www.bougebouge.com\/wp-content\/uploads\/2020\/10\/2020-24x24-bb-4-aylmer-sanime-cet-ete-bougebouge.jpg\",\"datePublished\":\"2020-10-22T13:33:35+00:00\",\"dateModified\":\"2021-10-27T23:36:41+00:00\",\"description\":\"Aylmer s'anime cet \u00e9t\u00e9: Toile collective BougeBouge 4 - D\u00e9couvrez nos \u00e9v\u00e9nements de course, les Aventures, les clubs de course et bien plus!\",\"breadcrumb\":{\"@id\":\"https:\/\/www.bougebouge.com\/en\/shop\/art-en\/aylmer-sanime-cet-ete-toile-collective-bougebouge-4\/#breadcrumb\"},\"inLanguage\":\"en-US\",\"potentialAction\":[{\"@type\":\"ReadAction\",\"target\":[\"https:\/\/www.bougebouge.com\/en\/shop\/art-en\/aylmer-sanime-cet-ete-toile-collective-bougebouge-4\/\"]}]},{\"@type\":\"ImageObject\",\"inLanguage\":\"en-US\",\"@id\":\"https:\/\/www.bougebouge.com\/en\/shop\/art-en\/aylmer-sanime-cet-ete-toile-collective-bougebouge-4\/#primaryimage\",\"url\":\"https:\/\/www.bougebouge.com\/wp-content\/uploads\/2020\/10\/2020-24x24-bb-4-aylmer-sanime-cet-ete-bougebouge.jpg\",\"contentUrl\":\"https:\/\/www.bougebouge.com\/wp-content\/uploads\/2020\/10\/2020-24x24-bb-4-aylmer-sanime-cet-ete-bougebouge.jpg\",\"width\":960,\"height\":960},{\"@type\":\"BreadcrumbList\",\"@id\":\"https:\/\/www.bougebouge.com\/en\/shop\/art-en\/aylmer-sanime-cet-ete-toile-collective-bougebouge-4\/#breadcrumb\",\"itemListElement\":[{\"@type\":\"ListItem\",\"position\":1,\"name\":\"Accueil\",\"item\":\"https:\/\/www.bougebouge.com\/en\/\"},{\"@type\":\"ListItem\",\"position\":2,\"name\":\"Shop\",\"item\":\"https:\/\/www.bougebouge.com\/en\/shop\/\"},{\"@type\":\"ListItem\",\"position\":3,\"name\":\"Aylmer s&#8217;anime cet \u00e9t\u00e9: Toile collective BougeBouge 4\"}]},{\"@type\":\"WebSite\",\"@id\":\"https:\/\/www.bougebouge.com\/en\/#website\",\"url\":\"https:\/\/www.bougebouge.com\/en\/\",\"name\":\"BougeBouge\",\"description\":\"Prevent physical dropout pour prevent and counter the physical inactivity rate among at-risk youth, families and retirees.\",\"publisher\":{\"@id\":\"https:\/\/www.bougebouge.com\/en\/#organization\"},\"potentialAction\":[{\"@type\":\"SearchAction\",\"target\":{\"@type\":\"EntryPoint\",\"urlTemplate\":\"https:\/\/www.bougebouge.com\/en\/?s={search_term_string}\"},\"query-input\":{\"@type\":\"PropertyValueSpecification\",\"valueRequired\":true,\"valueName\":\"search_term_string\"}}],\"inLanguage\":\"en-US\"},{\"@type\":\"Organization\",\"@id\":\"https:\/\/www.bougebouge.com\/en\/#organization\",\"name\":\"BougeBouge\",\"url\":\"https:\/\/www.bougebouge.com\/en\/\",\"logo\":{\"@type\":\"ImageObject\",\"inLanguage\":\"en-US\",\"@id\":\"https:\/\/www.bougebouge.com\/en\/#\/schema\/logo\/image\/\",\"url\":\"https:\/\/www.bougebouge.com\/wp-content\/uploads\/2021\/10\/logo-bougebouge-final-1.png\",\"contentUrl\":\"https:\/\/www.bougebouge.com\/wp-content\/uploads\/2021\/10\/logo-bougebouge-final-1.png\",\"width\":2048,\"height\":2048,\"caption\":\"BougeBouge\"},\"image\":{\"@id\":\"https:\/\/www.bougebouge.com\/en\/#\/schema\/logo\/image\/\"},\"sameAs\":[\"https:\/\/www.facebook.com\/BougeBougeYesWeCan\/\",\"https:\/\/www.youtube.com\/channel\/UCjmcznxAR6rWymUfr6h7EjA\"]}]}<\/script>\n<!-- \/ Yoast SEO plugin. -->","yoast_head_json":{"title":"Aylmer s'anime cet \u00e9t\u00e9: Toile collective BougeBouge 4 - BougeBouge","description":"Aylmer s'anime cet \u00e9t\u00e9: Toile collective BougeBouge 4 - D\u00e9couvrez nos \u00e9v\u00e9nements de course, les Aventures, les clubs de course et bien plus!","robots":{"index":"index","follow":"follow","max-snippet":"max-snippet:-1","max-image-preview":"max-image-preview:large","max-video-preview":"max-video-preview:-1"},"canonical":"https:\/\/www.bougebouge.com\/en\/shop\/art-en\/aylmer-sanime-cet-ete-toile-collective-bougebouge-4\/","og_locale":"en_US","og_type":"article","og_title":"Aylmer s'anime cet \u00e9t\u00e9: Toile collective BougeBouge 4 - BougeBouge","og_description":"Aylmer s'anime cet \u00e9t\u00e9: Toile collective BougeBouge 4 - D\u00e9couvrez nos \u00e9v\u00e9nements de course, les Aventures, les clubs de course et bien plus!","og_url":"https:\/\/www.bougebouge.com\/en\/shop\/art-en\/aylmer-sanime-cet-ete-toile-collective-bougebouge-4\/","og_site_name":"BougeBouge","article_publisher":"https:\/\/www.facebook.com\/BougeBougeYesWeCan\/","article_modified_time":"2021-10-27T23:36:41+00:00","og_image":[{"width":960,"height":960,"url":"https:\/\/www.bougebouge.com\/wp-content\/uploads\/2020\/10\/2020-24x24-bb-4-aylmer-sanime-cet-ete-bougebouge.jpg","type":"image\/jpeg"}],"twitter_card":"summary_large_image","twitter_misc":{"Est. reading time":"1 minute"},"schema":{"@context":"https:\/\/schema.org","@graph":[{"@type":"WebPage","@id":"https:\/\/www.bougebouge.com\/en\/shop\/art-en\/aylmer-sanime-cet-ete-toile-collective-bougebouge-4\/","url":"https:\/\/www.bougebouge.com\/en\/shop\/art-en\/aylmer-sanime-cet-ete-toile-collective-bougebouge-4\/","name":"Aylmer s'anime cet \u00e9t\u00e9: Toile collective BougeBouge 4 - BougeBouge","isPartOf":{"@id":"https:\/\/www.bougebouge.com\/en\/#website"},"primaryImageOfPage":{"@id":"https:\/\/www.bougebouge.com\/en\/shop\/art-en\/aylmer-sanime-cet-ete-toile-collective-bougebouge-4\/#primaryimage"},"image":{"@id":"https:\/\/www.bougebouge.com\/en\/shop\/art-en\/aylmer-sanime-cet-ete-toile-collective-bougebouge-4\/#primaryimage"},"thumbnailUrl":"https:\/\/www.bougebouge.com\/wp-content\/uploads\/2020\/10\/2020-24x24-bb-4-aylmer-sanime-cet-ete-bougebouge.jpg","datePublished":"2020-10-22T13:33:35+00:00","dateModified":"2021-10-27T23:36:41+00:00","description":"Aylmer s'anime cet \u00e9t\u00e9: Toile collective BougeBouge 4 - D\u00e9couvrez nos \u00e9v\u00e9nements de course, les Aventures, les clubs de course et bien plus!","breadcrumb":{"@id":"https:\/\/www.bougebouge.com\/en\/shop\/art-en\/aylmer-sanime-cet-ete-toile-collective-bougebouge-4\/#breadcrumb"},"inLanguage":"en-US","potentialAction":[{"@type":"ReadAction","target":["https:\/\/www.bougebouge.com\/en\/shop\/art-en\/aylmer-sanime-cet-ete-toile-collective-bougebouge-4\/"]}]},{"@type":"ImageObject","inLanguage":"en-US","@id":"https:\/\/www.bougebouge.com\/en\/shop\/art-en\/aylmer-sanime-cet-ete-toile-collective-bougebouge-4\/#primaryimage","url":"https:\/\/www.bougebouge.com\/wp-content\/uploads\/2020\/10\/2020-24x24-bb-4-aylmer-sanime-cet-ete-bougebouge.jpg","contentUrl":"https:\/\/www.bougebouge.com\/wp-content\/uploads\/2020\/10\/2020-24x24-bb-4-aylmer-sanime-cet-ete-bougebouge.jpg","width":960,"height":960},{"@type":"BreadcrumbList","@id":"https:\/\/www.bougebouge.com\/en\/shop\/art-en\/aylmer-sanime-cet-ete-toile-collective-bougebouge-4\/#breadcrumb","itemListElement":[{"@type":"ListItem","position":1,"name":"Accueil","item":"https:\/\/www.bougebouge.com\/en\/"},{"@type":"ListItem","position":2,"name":"Shop","item":"https:\/\/www.bougebouge.com\/en\/shop\/"},{"@type":"ListItem","position":3,"name":"Aylmer s&#8217;anime cet \u00e9t\u00e9: Toile collective BougeBouge 4"}]},{"@type":"WebSite","@id":"https:\/\/www.bougebouge.com\/en\/#website","url":"https:\/\/www.bougebouge.com\/en\/","name":"BougeBouge","description":"Prevent physical dropout pour prevent and counter the physical inactivity rate among at-risk youth, families and retirees.","publisher":{"@id":"https:\/\/www.bougebouge.com\/en\/#organization"},"potentialAction":[{"@type":"SearchAction","target":{"@type":"EntryPoint","urlTemplate":"https:\/\/www.bougebouge.com\/en\/?s={search_term_string}"},"query-input":{"@type":"PropertyValueSpecification","valueRequired":true,"valueName":"search_term_string"}}],"inLanguage":"en-US"},{"@type":"Organization","@id":"https:\/\/www.bougebouge.com\/en\/#organization","name":"BougeBouge","url":"https:\/\/www.bougebouge.com\/en\/","logo":{"@type":"ImageObject","inLanguage":"en-US","@id":"https:\/\/www.bougebouge.com\/en\/#\/schema\/logo\/image\/","url":"https:\/\/www.bougebouge.com\/wp-content\/uploads\/2021\/10\/logo-bougebouge-final-1.png","contentUrl":"https:\/\/www.bougebouge.com\/wp-content\/uploads\/2021\/10\/logo-bougebouge-final-1.png","width":2048,"height":2048,"caption":"BougeBouge"},"image":{"@id":"https:\/\/www.bougebouge.com\/en\/#\/schema\/logo\/image\/"},"sameAs":["https:\/\/www.facebook.com\/BougeBougeYesWeCan\/","https:\/\/www.youtube.com\/channel\/UCjmcznxAR6rWymUfr6h7EjA"]}]}},"_links":{"self":[{"href":"https:\/\/www.bougebouge.com\/en\/wp-json\/wp\/v2\/product\/38859","targetHints":{"allow":["GET"]}}],"collection":[{"href":"https:\/\/www.bougebouge.com\/en\/wp-json\/wp\/v2\/product"}],"about":[{"href":"https:\/\/www.bougebouge.com\/en\/wp-json\/wp\/v2\/types\/product"}],"author":[{"embeddable":true,"href":"https:\/\/www.bougebouge.com\/en\/wp-json\/wp\/v2\/users\/4"}],"wp:featuredmedia":[{"embeddable":true,"href":"https:\/\/www.bougebouge.com\/en\/wp-json\/wp\/v2\/media\/894"}],"wp:attachment":[{"href":"https:\/\/www.bougebouge.com\/en\/wp-json\/wp\/v2\/media?parent=38859"}],"wp:term":[{"taxonomy":"product_brand","embeddable":true,"href":"https:\/\/www.bougebouge.com\/en\/wp-json\/wp\/v2\/product_brand?post=38859"},{"taxonomy":"product_cat","embeddable":true,"href":"https:\/\/www.bougebouge.com\/en\/wp-json\/wp\/v2\/product_cat?post=38859"},{"taxonomy":"product_tag","embeddable":true,"href":"https:\/\/www.bougebouge.com\/en\/wp-json\/wp\/v2\/product_tag?post=38859"},{"taxonomy":"giftcard-category","embeddable":true,"href":"https:\/\/www.bougebouge.com\/en\/wp-json\/wp\/v2\/giftcard-category?post=38859"}],"curies":[{"name":"wp","href":"https:\/\/api.w.org\/{rel}","templated":true}]}}