{"id":700,"date":"2021-10-14T11:10:50","date_gmt":"2021-10-14T15:10:50","guid":{"rendered":"http:\/\/bougebouge.com\/my-account\/"},"modified":"2025-01-14T10:29:10","modified_gmt":"2025-01-14T15:29:10","slug":"my-account","status":"publish","type":"page","link":"https:\/\/www.bougebouge.com\/en\/my-account\/","title":{"rendered":"My Account"},"content":{"rendered":"<div class=\"wpb-content-wrapper\"><p>[vc_row unlock_row_content=&#8221;yes&#8221; row_height_percent=&#8221;0&#8243; override_padding=&#8221;yes&#8221; h_padding=&#8221;0&#8243; top_padding=&#8221;0&#8243; bottom_padding=&#8221;0&#8243; overlay_alpha=&#8221;50&#8243; gutter_size=&#8221;3&#8243; column_width_percent=&#8221;100&#8243; shift_y=&#8221;0&#8243; z_index=&#8221;0&#8243; content_parallax=&#8221;0&#8243; uncode_shortcode_id=&#8221;680064&#8243;][vc_column column_width_percent=&#8221;100&#8243; position_vertical=&#8221;middle&#8221; gutter_size=&#8221;3&#8243; override_padding=&#8221;yes&#8221; column_padding=&#8221;0&#8243; expand_height=&#8221;yes&#8221; back_color=&#8221;color-xsdn&#8221; overlay_alpha=&#8221;50&#8243; shadow=&#8221;xs&#8221; shift_x=&#8221;0&#8243; shift_y=&#8221;0&#8243; shift_y_down=&#8221;0&#8243; z_index=&#8221;0&#8243; medium_width=&#8221;0&#8243; mobile_width=&#8221;0&#8243; uncode_shortcode_id=&#8221;753176&#8243; width=&#8221;1\/1&#8243; back_color_type=&#8221;uncode-palette&#8221;][uncode_woocommerce_my_account my_account_main_area_size=&#8221;9&#8243; my_account_columns_gap=&#8221;0&#8243; equal_height=&#8221;yes&#8221; my_account_vertical_align=&#8221;top&#8221; my_account_nav_style=&#8221;dark&#8221; my_account_nav_back_color=&#8221;color-119807&#8243; my_account_nav_shadow=&#8221;xs&#8221; my_account_content_override_padding=&#8221;yes&#8221; my_account_content_column_padding=&#8221;2&#8243; my_account_content_style=&#8221;light&#8221; my_account_content_back_color=&#8221;color-xsdn&#8221; uncode_shortcode_id=&#8221;459379&#8243; my_account_nav_back_color_type=&#8221;uncode-palette&#8221; my_account_content_back_color_type=&#8221;uncode-palette&#8221;][\/vc_column][\/vc_row]<\/p>\n<\/div>","protected":false},"excerpt":{"rendered":"<p>[vc_row unlock_row_content=&#8221;yes&#8221; row_height_percent=&#8221;0&#8243; override_padding=&#8221;yes&#8221; h_padding=&#8221;0&#8243; top_padding=&#8221;0&#8243; bottom_padding=&#8221;0&#8243; overlay_alpha=&#8221;50&#8243; gutter_size=&#8221;3&#8243; column_width_percent=&#8221;100&#8243; shift_y=&#8221;0&#8243; z_index=&#8221;0&#8243; content_parallax=&#8221;0&#8243; uncode_shortcode_id=&#8221;680064&#8243;][vc_column column_width_percent=&#8221;100&#8243; position_vertical=&#8221;middle&#8221; gutter_size=&#8221;3&#8243; override_padding=&#8221;yes&#8221; column_padding=&#8221;0&#8243; expand_height=&#8221;yes&#8221; [&hellip;]<\/p>\n","protected":false},"author":1,"featured_media":0,"parent":0,"menu_order":0,"comment_status":"closed","ping_status":"closed","template":"","meta":{"_acf_changed":false,"footnotes":""},"class_list":["post-700","page","type-page","status-publish","hentry"],"acf":[],"yoast_head":"<!-- This site is optimized with the Yoast SEO plugin v27.4 - https:\/\/yoast.com\/product\/yoast-seo-wordpress\/ -->\n<title>My Account - BougeBouge<\/title>\n<meta name=\"description\" content=\"My Account - D\u00e9couvrez nos \u00e9v\u00e9nements de course, les Aventures, les clubs de course et bien plus!\" \/>\n<meta name=\"robots\" content=\"index, follow, max-snippet:-1, max-image-preview:large, max-video-preview:-1\" \/>\n<link rel=\"canonical\" href=\"https:\/\/www.bougebouge.com\/en\/my-account\/\" \/>\n<meta property=\"og:locale\" content=\"en_US\" \/>\n<meta property=\"og:type\" content=\"article\" \/>\n<meta property=\"og:title\" content=\"My Account - BougeBouge\" \/>\n<meta property=\"og:description\" content=\"My Account - D\u00e9couvrez nos \u00e9v\u00e9nements de course, les Aventures, les clubs de course et bien plus!\" \/>\n<meta property=\"og:url\" content=\"https:\/\/www.bougebouge.com\/en\/my-account\/\" \/>\n<meta property=\"og:site_name\" content=\"BougeBouge\" \/>\n<meta property=\"article:publisher\" content=\"https:\/\/www.facebook.com\/BougeBougeYesWeCan\/\" \/>\n<meta property=\"article:modified_time\" content=\"2025-01-14T15:29:10+00:00\" \/>\n<meta property=\"og:image\" content=\"https:\/\/www.bougebouge.com\/wp-content\/uploads\/2021\/10\/screenshot.jpg\" \/>\n\t<meta property=\"og:image:width\" content=\"880\" \/>\n\t<meta property=\"og:image:height\" content=\"660\" \/>\n\t<meta property=\"og:image:type\" content=\"image\/jpeg\" \/>\n<meta name=\"twitter:card\" content=\"summary_large_image\" \/>\n<meta name=\"twitter:label1\" content=\"Est. reading time\" \/>\n\t<meta name=\"twitter:data1\" content=\"1 minute\" \/>\n<script type=\"application\/ld+json\" class=\"yoast-schema-graph\">{\"@context\":\"https:\\\/\\\/schema.org\",\"@graph\":[{\"@type\":\"WebPage\",\"@id\":\"https:\\\/\\\/www.bougebouge.com\\\/en\\\/my-account\\\/\",\"url\":\"https:\\\/\\\/www.bougebouge.com\\\/en\\\/my-account\\\/\",\"name\":\"My Account - BougeBouge\",\"isPartOf\":{\"@id\":\"https:\\\/\\\/www.bougebouge.com\\\/en\\\/#website\"},\"datePublished\":\"2021-10-14T15:10:50+00:00\",\"dateModified\":\"2025-01-14T15:29:10+00:00\",\"description\":\"My Account - D\u00e9couvrez nos \u00e9v\u00e9nements de course, les Aventures, les clubs de course et bien plus!\",\"breadcrumb\":{\"@id\":\"https:\\\/\\\/www.bougebouge.com\\\/en\\\/my-account\\\/#breadcrumb\"},\"inLanguage\":\"en-US\",\"potentialAction\":[{\"@type\":\"ReadAction\",\"target\":[\"https:\\\/\\\/www.bougebouge.com\\\/en\\\/my-account\\\/\"]}]},{\"@type\":\"BreadcrumbList\",\"@id\":\"https:\\\/\\\/www.bougebouge.com\\\/en\\\/my-account\\\/#breadcrumb\",\"itemListElement\":[{\"@type\":\"ListItem\",\"position\":1,\"name\":\"Accueil\",\"item\":\"https:\\\/\\\/www.bougebouge.com\\\/en\\\/\"},{\"@type\":\"ListItem\",\"position\":2,\"name\":\"My Account\"}]},{\"@type\":\"WebSite\",\"@id\":\"https:\\\/\\\/www.bougebouge.com\\\/en\\\/#website\",\"url\":\"https:\\\/\\\/www.bougebouge.com\\\/en\\\/\",\"name\":\"BougeBouge\",\"description\":\"Prevent physical dropout pour prevent and counter the physical inactivity rate among at-risk youth, families and retirees.\",\"publisher\":{\"@id\":\"https:\\\/\\\/www.bougebouge.com\\\/en\\\/#organization\"},\"potentialAction\":[{\"@type\":\"SearchAction\",\"target\":{\"@type\":\"EntryPoint\",\"urlTemplate\":\"https:\\\/\\\/www.bougebouge.com\\\/en\\\/?s={search_term_string}\"},\"query-input\":{\"@type\":\"PropertyValueSpecification\",\"valueRequired\":true,\"valueName\":\"search_term_string\"}}],\"inLanguage\":\"en-US\"},{\"@type\":\"Organization\",\"@id\":\"https:\\\/\\\/www.bougebouge.com\\\/en\\\/#organization\",\"name\":\"BougeBouge\",\"url\":\"https:\\\/\\\/www.bougebouge.com\\\/en\\\/\",\"logo\":{\"@type\":\"ImageObject\",\"inLanguage\":\"en-US\",\"@id\":\"https:\\\/\\\/www.bougebouge.com\\\/en\\\/#\\\/schema\\\/logo\\\/image\\\/\",\"url\":\"https:\\\/\\\/www.bougebouge.com\\\/wp-content\\\/uploads\\\/2021\\\/10\\\/logo-bougebouge-final-1.png\",\"contentUrl\":\"https:\\\/\\\/www.bougebouge.com\\\/wp-content\\\/uploads\\\/2021\\\/10\\\/logo-bougebouge-final-1.png\",\"width\":2048,\"height\":2048,\"caption\":\"BougeBouge\"},\"image\":{\"@id\":\"https:\\\/\\\/www.bougebouge.com\\\/en\\\/#\\\/schema\\\/logo\\\/image\\\/\"},\"sameAs\":[\"https:\\\/\\\/www.facebook.com\\\/BougeBougeYesWeCan\\\/\",\"https:\\\/\\\/www.youtube.com\\\/channel\\\/UCjmcznxAR6rWymUfr6h7EjA\"]}]}<\/script>\n<!-- \/ Yoast SEO plugin. -->","yoast_head_json":{"title":"My Account - BougeBouge","description":"My Account - D\u00e9couvrez nos \u00e9v\u00e9nements de course, les Aventures, les clubs de course et bien plus!","robots":{"index":"index","follow":"follow","max-snippet":"max-snippet:-1","max-image-preview":"max-image-preview:large","max-video-preview":"max-video-preview:-1"},"canonical":"https:\/\/www.bougebouge.com\/en\/my-account\/","og_locale":"en_US","og_type":"article","og_title":"My Account - BougeBouge","og_description":"My Account - D\u00e9couvrez nos \u00e9v\u00e9nements de course, les Aventures, les clubs de course et bien plus!","og_url":"https:\/\/www.bougebouge.com\/en\/my-account\/","og_site_name":"BougeBouge","article_publisher":"https:\/\/www.facebook.com\/BougeBougeYesWeCan\/","article_modified_time":"2025-01-14T15:29:10+00:00","og_image":[{"width":880,"height":660,"url":"https:\/\/www.bougebouge.com\/wp-content\/uploads\/2021\/10\/screenshot.jpg","type":"image\/jpeg"}],"twitter_card":"summary_large_image","twitter_misc":{"Est. reading time":"1 minute"},"schema":{"@context":"https:\/\/schema.org","@graph":[{"@type":"WebPage","@id":"https:\/\/www.bougebouge.com\/en\/my-account\/","url":"https:\/\/www.bougebouge.com\/en\/my-account\/","name":"My Account - BougeBouge","isPartOf":{"@id":"https:\/\/www.bougebouge.com\/en\/#website"},"datePublished":"2021-10-14T15:10:50+00:00","dateModified":"2025-01-14T15:29:10+00:00","description":"My Account - D\u00e9couvrez nos \u00e9v\u00e9nements de course, les Aventures, les clubs de course et bien plus!","breadcrumb":{"@id":"https:\/\/www.bougebouge.com\/en\/my-account\/#breadcrumb"},"inLanguage":"en-US","potentialAction":[{"@type":"ReadAction","target":["https:\/\/www.bougebouge.com\/en\/my-account\/"]}]},{"@type":"BreadcrumbList","@id":"https:\/\/www.bougebouge.com\/en\/my-account\/#breadcrumb","itemListElement":[{"@type":"ListItem","position":1,"name":"Accueil","item":"https:\/\/www.bougebouge.com\/en\/"},{"@type":"ListItem","position":2,"name":"My Account"}]},{"@type":"WebSite","@id":"https:\/\/www.bougebouge.com\/en\/#website","url":"https:\/\/www.bougebouge.com\/en\/","name":"BougeBouge","description":"Prevent physical dropout pour prevent and counter the physical inactivity rate among at-risk youth, families and retirees.","publisher":{"@id":"https:\/\/www.bougebouge.com\/en\/#organization"},"potentialAction":[{"@type":"SearchAction","target":{"@type":"EntryPoint","urlTemplate":"https:\/\/www.bougebouge.com\/en\/?s={search_term_string}"},"query-input":{"@type":"PropertyValueSpecification","valueRequired":true,"valueName":"search_term_string"}}],"inLanguage":"en-US"},{"@type":"Organization","@id":"https:\/\/www.bougebouge.com\/en\/#organization","name":"BougeBouge","url":"https:\/\/www.bougebouge.com\/en\/","logo":{"@type":"ImageObject","inLanguage":"en-US","@id":"https:\/\/www.bougebouge.com\/en\/#\/schema\/logo\/image\/","url":"https:\/\/www.bougebouge.com\/wp-content\/uploads\/2021\/10\/logo-bougebouge-final-1.png","contentUrl":"https:\/\/www.bougebouge.com\/wp-content\/uploads\/2021\/10\/logo-bougebouge-final-1.png","width":2048,"height":2048,"caption":"BougeBouge"},"image":{"@id":"https:\/\/www.bougebouge.com\/en\/#\/schema\/logo\/image\/"},"sameAs":["https:\/\/www.facebook.com\/BougeBougeYesWeCan\/","https:\/\/www.youtube.com\/channel\/UCjmcznxAR6rWymUfr6h7EjA"]}]}},"_links":{"self":[{"href":"https:\/\/www.bougebouge.com\/en\/wp-json\/wp\/v2\/pages\/700","targetHints":{"allow":["GET"]}}],"collection":[{"href":"https:\/\/www.bougebouge.com\/en\/wp-json\/wp\/v2\/pages"}],"about":[{"href":"https:\/\/www.bougebouge.com\/en\/wp-json\/wp\/v2\/types\/page"}],"author":[{"embeddable":true,"href":"https:\/\/www.bougebouge.com\/en\/wp-json\/wp\/v2\/users\/1"}],"replies":[{"embeddable":true,"href":"https:\/\/www.bougebouge.com\/en\/wp-json\/wp\/v2\/comments?post=700"}],"version-history":[{"count":1,"href":"https:\/\/www.bougebouge.com\/en\/wp-json\/wp\/v2\/pages\/700\/revisions"}],"predecessor-version":[{"id":83886,"href":"https:\/\/www.bougebouge.com\/en\/wp-json\/wp\/v2\/pages\/700\/revisions\/83886"}],"wp:attachment":[{"href":"https:\/\/www.bougebouge.com\/en\/wp-json\/wp\/v2\/media?parent=700"}],"curies":[{"name":"wp","href":"https:\/\/api.w.org\/{rel}","templated":true}]}}