{"id":49881,"date":"2022-10-26T14:32:48","date_gmt":"2022-10-26T18:32:48","guid":{"rendered":"https:\/\/www.bougebouge.com\/defi-entreprise\/"},"modified":"2023-08-30T15:20:04","modified_gmt":"2023-08-30T19:20:04","slug":"defi-entreprise","status":"publish","type":"page","link":"https:\/\/www.bougebouge.com\/en\/defi-entreprise\/","title":{"rendered":"Corporate challenge"},"content":{"rendered":"<div class=\"wpb-content-wrapper\"><p>[vc_row][vc_column width=&#8221;1\/2&#8243;][vc_empty_space empty_h=&#8221;5&#8243;][vc_button size=&#8221;btn-xl&#8221; border_width=&#8221;0&#8243; link=&#8221;url:https%3A%2F%2Fwww.bougebouge.com%2Fevenements%2F|target:_blank&#8221; uncode_shortcode_id=&#8221;106448&#8243;]I want to register my team![\/vc_button][\/vc_column][vc_column width=&#8221;1\/2&#8243;][vc_single_image media=&#8221;688&#8243; media_width_percent=&#8221;100&#8243; uncode_shortcode_id=&#8221;204024&#8243;][\/vc_column][\/vc_row][vc_row row_height_percent=&#8221;0&#8243; overlay_alpha=&#8221;50&#8243; equal_height=&#8221;yes&#8221; gutter_size=&#8221;3&#8243; column_width_percent=&#8221;100&#8243; shift_y=&#8221;0&#8243; z_index=&#8221;0&#8243; uncode_shortcode_id=&#8221;168735&#8243;][vc_column column_width_percent=&#8221;100&#8243; position_vertical=&#8221;middle&#8221; gutter_size=&#8221;3&#8243; override_padding=&#8221;yes&#8221; column_padding=&#8221;2&#8243; back_color=&#8221;color-xsdn&#8221; overlay_alpha=&#8221;50&#8243; shift_x=&#8221;0&#8243; shift_y=&#8221;0&#8243; shift_y_down=&#8221;0&#8243; z_index=&#8221;0&#8243; medium_width=&#8221;0&#8243; mobile_width=&#8221;0&#8243; width=&#8221;1\/1&#8243; uncode_shortcode_id=&#8221;675599&#8243; back_color_type=&#8221;uncode-palette&#8221;][vc_custom_heading text_color=&#8221;accent&#8221; uncode_shortcode_id=&#8221;195164&#8243; text_color_type=&#8221;uncode-palette&#8221;]Are you part of a company that wants to get moving? Discover the Challenge![\/vc_custom_heading][vc_accordion active_tab=&#8221;0&#8243;][vc_accordion_tab gutter_size=&#8221;2&#8243; column_padding=&#8221;2&#8243; title=&#8221;Where does the challenge come from?&#8221; tab_id=&#8221;1666894205069-5-4&#8243;][vc_column_text uncode_shortcode_id=&#8221;712630&#8243;]For several years now, BougeBouge has been working with companies across Quebec to offer team-building activities. We wanted to make this principle more widely accessible, so we created the Business in Action Challenge. This challenge is a team-building and fitness opportunity for your team! It combines autonomy and supervision, making it adaptable to your schedule and needs. The challenge consists in preparing together to take part in a BougeBouge! event. These are the perfect events for your team, thanks to their dynamism and festive atmosphere![\/vc_column_text][\/vc_accordion_tab][vc_accordion_tab gutter_size=&#8221;2&#8243; column_padding=&#8221;2&#8243; title=&#8221;What is it?&#8221; tab_id=&#8221;1637005844-1-14&#8243;][vc_row_inner][vc_column_inner width=&#8221;1\/1&#8243;][vc_column_text uncode_shortcode_id=&#8221;901423&#8243;]Taking up the D\u00e9fi Entreprises en Action means getting active with your work team before, during and after a BougeBouge event. You can run as a gang or in a relay &#8211; the choice is yours![\/vc_column_text][\/vc_column_inner][\/vc_row_inner][\/vc_accordion_tab][vc_accordion_tab gutter_size=&#8221;2&#8243; column_padding=&#8221;2&#8243; title=&#8221;Who&#8217;s it for?&#8221; tab_id=&#8221;1637005844-2-42&#8243;][vc_row_inner][vc_column_inner width=&#8221;1\/1&#8243;][vc_column_text uncode_shortcode_id=&#8221;288415&#8243;]Any company, organization or group in the region.[\/vc_column_text][\/vc_column_inner][\/vc_row_inner][\/vc_accordion_tab][vc_accordion_tab gutter_size=&#8221;2&#8243; column_padding=&#8221;2&#8243; title=&#8221;Why is that?&#8221; tab_id=&#8221;1637006890692-4-1&#8243;][vc_row_inner][vc_column_inner width=&#8221;1\/2&#8243;][vc_column_text uncode_shortcode_id=&#8221;177416&#8243;]<strong>Team building<\/strong><\/p>\n<p>Develop and improve the bonds between your team members with a day of fun outside the office.<\/p>\n<p><strong>Family day<\/strong><\/p>\n<p>Encourage your employees to participate with their families and replace the traditional work barbecue with a fun field day.[\/vc_column_text][\/vc_column_inner][vc_column_inner width=&#8221;1\/2&#8243;][vc_column_text uncode_shortcode_id=&#8221;732640&#8243;]<strong>Networking<\/strong><\/p>\n<p>Take advantage of this opportunity to meet other companies in your region in a setting different from the traditional 5 \u00e0 7.<\/p>\n<p><strong>Social involvement<\/strong><\/p>\n<p>Get involved, connect and have a direct positive impact on your community.[\/vc_column_text][\/vc_column_inner][\/vc_row_inner][\/vc_accordion_tab][vc_accordion_tab gutter_size=&#8221;2&#8243; column_padding=&#8221;2&#8243; title=&#8221;How do we do it?&#8221; tab_id=&#8221;1637006755696-3-7&#8243;][vc_row_inner][vc_column_inner width=&#8221;1\/1&#8243;][vc_column_text uncode_shortcode_id=&#8221;637157&#8243;]<strong>Before the event:<\/strong><\/p>\n<ul>\n<li>Download our free training plans <span style=\"font-weight: 400;\"> <a href=\"https:\/\/www.bougebouge.com\/recevoir-ton-plan-dentrainement\/\" target=\"_blank\" rel=\"noopener\">HERE<\/a><\/span><\/li>\n<li>We invite you to make a short video announcing that the challenge will be taken up by your company. Send this video internally and also to our team marketing@bougebouge.com so that we can also share in a publication on our social networks.<\/li>\n<\/ul>\n<p><strong>During the event:<\/strong><\/p>\n<ul>\n<li>Purchase a reserved space on the site for the company for $500 to have a: gathering point, visibility, networking and access to customers. See also our visibility plan <a href=\"https:\/\/www.bougebouge.com\/plan-de-visibilite-et-partenariat\/\" target=\"_blank\" rel=\"noopener\">HERE<\/a><\/li>\n<li>We&#8217;ll have photographers on site, so make sure you&#8217;re visible. All our photos will be published in our Facebook album<span style=\"font-weight: 400;\"> <a href=\"https:\/\/www.facebook.com\/BougeBougeOfficiel\/photos_albums\" target=\"_blank\" rel=\"noopener\">HERE<\/a><\/span><\/li>\n<\/ul>\n<p>[\/vc_column_text][\/vc_column_inner][\/vc_row_inner][\/vc_accordion_tab][vc_accordion_tab gutter_size=&#8221;2&#8243; column_padding=&#8221;2&#8243; title=&#8221;How do I sign up?&#8221; tab_id=&#8221;1637005959072-2-10&#8243;][vc_column_text uncode_shortcode_id=&#8221;156131&#8243;]<strong>Trois \u00e9tapes faciles:<\/strong><\/p>\n<ol>\n<li>Choisissez votre \u00e9v\u00e9nement.<\/li>\n<li>S<span style=\"font-weight: 400;\">\u00e9lectionnez le <\/span><b>billet &#8220;d\u00e9fi entreprise&#8221;<\/b><span style=\"font-weight: 400;\"> et ajustez la quantit\u00e9 selon votre situation. Des distances allant de 1km \u00e0 42.2km sont offertes, selon l&#8217;\u00e9v\u00e9nement.<\/span><\/li>\n<li>Remplissez les champs des participants et compl\u00e9tez l&#8217;inscription.<\/li>\n<li>Explorez le plan de visibilit\u00e9 pour encore mieux positionner votre entreprise<\/li>\n<\/ol>\n<p><strong>Contactez info@bougebouge.com pour toute question!<\/strong>[\/vc_column_text][vc_button border_width=&#8221;0&#8243; link=&#8221;url:https%3A%2F%2Fwww.bougebouge.com%2Fevenements%2F|target:_blank&#8221; uncode_shortcode_id=&#8221;117813&#8243;]Choose your event and register your team![\/vc_button][\/vc_accordion_tab][\/vc_accordion][\/vc_column][\/vc_row][vc_row][vc_column width=&#8221;1\/1&#8243;][vc_column_text text_lead=&#8221;yes&#8221; uncode_shortcode_id=&#8221;144117&#8243;]<\/p>\n<p style=\"text-align: center;\">The BougeBouge Business in Action Challenge is the perfect opportunity to make your company shine by putting health back at the heart of your priorities!<\/p>\n<p>[\/vc_column_text][\/vc_column][\/vc_row][vc_row][vc_column width=&#8221;1\/3&#8243;][\/vc_column][vc_column column_width_percent=&#8221;100&#8243; align_horizontal=&#8221;align_center&#8221; gutter_size=&#8221;3&#8243; overlay_alpha=&#8221;50&#8243; shift_x=&#8221;0&#8243; shift_y=&#8221;0&#8243; shift_y_down=&#8221;0&#8243; z_index=&#8221;0&#8243; medium_width=&#8221;0&#8243; mobile_width=&#8221;0&#8243; width=&#8221;1\/3&#8243; uncode_shortcode_id=&#8221;168882&#8243;][vc_button border_width=&#8221;0&#8243; link=&#8221;url:https%3A%2F%2Fwww.bougebouge.com%2Fevenements%2F|target:_blank&#8221; uncode_shortcode_id=&#8221;100769&#8243;]On passe \u00e0 l&#8217;action![\/vc_button][\/vc_column][vc_column width=&#8221;1\/3&#8243;][\/vc_column][\/vc_row][vc_row][vc_column width=&#8221;1\/2&#8243;][vc_single_image media=&#8221;48605&#8243; media_width_percent=&#8221;100&#8243; uncode_shortcode_id=&#8221;263287&#8243;][\/vc_column][vc_column width=&#8221;1\/2&#8243;][vc_single_image media=&#8221;47112&#8243; media_width_percent=&#8221;100&#8243; uncode_shortcode_id=&#8221;263242&#8243;][\/vc_column][\/vc_row]<\/p>\n<\/div>","protected":false},"excerpt":{"rendered":"<p>[vc_row][vc_column width=&#8221;1\/2&#8243;][vc_empty_space empty_h=&#8221;5&#8243;][vc_button size=&#8221;btn-xl&#8221; border_width=&#8221;0&#8243; link=&#8221;url:https%3A%2F%2Fwww.bougebouge.com%2Fevenements%2F|target:_blank&#8221; uncode_shortcode_id=&#8221;106448&#8243;]I want to register my team![\/vc_button][\/vc_column][vc_column width=&#8221;1\/2&#8243;][vc_single_image media=&#8221;688&#8243; media_width_percent=&#8221;100&#8243; uncode_shortcode_id=&#8221;204024&#8243;][\/vc_column][\/vc_row][vc_row row_height_percent=&#8221;0&#8243; overlay_alpha=&#8221;50&#8243; equal_height=&#8221;yes&#8221; gutter_size=&#8221;3&#8243; [&hellip;]<\/p>\n","protected":false},"author":9,"featured_media":0,"parent":0,"menu_order":0,"comment_status":"closed","ping_status":"closed","template":"","meta":{"_acf_changed":false,"footnotes":""},"class_list":["post-49881","page","type-page","status-publish","hentry"],"acf":[],"yoast_head":"<!-- This site is optimized with the Yoast SEO plugin v27.4 - https:\/\/yoast.com\/product\/yoast-seo-wordpress\/ -->\n<title>Corporate challenge - BougeBouge<\/title>\n<meta name=\"description\" content=\"Corporate challenge - D\u00e9couvrez nos \u00e9v\u00e9nements de course, les Aventures, les clubs de course et bien plus, en groupe!\" \/>\n<meta name=\"robots\" content=\"index, follow, max-snippet:-1, max-image-preview:large, max-video-preview:-1\" \/>\n<link rel=\"canonical\" href=\"https:\/\/www.bougebouge.com\/en\/defi-entreprise\/\" \/>\n<meta property=\"og:locale\" content=\"en_US\" \/>\n<meta property=\"og:type\" content=\"article\" \/>\n<meta property=\"og:title\" content=\"Corporate challenge - BougeBouge\" \/>\n<meta property=\"og:description\" content=\"Corporate challenge - D\u00e9couvrez nos \u00e9v\u00e9nements de course, les Aventures, les clubs de course et bien plus, en groupe!\" \/>\n<meta property=\"og:url\" content=\"https:\/\/www.bougebouge.com\/en\/defi-entreprise\/\" \/>\n<meta property=\"og:site_name\" content=\"BougeBouge\" \/>\n<meta property=\"article:publisher\" content=\"https:\/\/www.facebook.com\/BougeBougeYesWeCan\/\" \/>\n<meta property=\"article:modified_time\" content=\"2023-08-30T19:20:04+00:00\" \/>\n<meta property=\"og:image\" content=\"https:\/\/www.bougebouge.com\/wp-content\/uploads\/2021\/10\/screenshot.jpg\" \/>\n\t<meta property=\"og:image:width\" content=\"880\" \/>\n\t<meta property=\"og:image:height\" content=\"660\" \/>\n\t<meta property=\"og:image:type\" content=\"image\/jpeg\" \/>\n<meta name=\"twitter:card\" content=\"summary_large_image\" \/>\n<meta name=\"twitter:label1\" content=\"Est. reading time\" \/>\n\t<meta name=\"twitter:data1\" content=\"3 minutes\" \/>\n<script type=\"application\/ld+json\" class=\"yoast-schema-graph\">{\"@context\":\"https:\\\/\\\/schema.org\",\"@graph\":[{\"@type\":\"WebPage\",\"@id\":\"https:\\\/\\\/www.bougebouge.com\\\/en\\\/defi-entreprise\\\/\",\"url\":\"https:\\\/\\\/www.bougebouge.com\\\/en\\\/defi-entreprise\\\/\",\"name\":\"Corporate challenge - BougeBouge\",\"isPartOf\":{\"@id\":\"https:\\\/\\\/www.bougebouge.com\\\/en\\\/#website\"},\"datePublished\":\"2022-10-26T18:32:48+00:00\",\"dateModified\":\"2023-08-30T19:20:04+00:00\",\"description\":\"Corporate challenge - D\u00e9couvrez nos \u00e9v\u00e9nements de course, les Aventures, les clubs de course et bien plus, en groupe!\",\"breadcrumb\":{\"@id\":\"https:\\\/\\\/www.bougebouge.com\\\/en\\\/defi-entreprise\\\/#breadcrumb\"},\"inLanguage\":\"en-US\",\"potentialAction\":[{\"@type\":\"ReadAction\",\"target\":[\"https:\\\/\\\/www.bougebouge.com\\\/en\\\/defi-entreprise\\\/\"]}]},{\"@type\":\"BreadcrumbList\",\"@id\":\"https:\\\/\\\/www.bougebouge.com\\\/en\\\/defi-entreprise\\\/#breadcrumb\",\"itemListElement\":[{\"@type\":\"ListItem\",\"position\":1,\"name\":\"Accueil\",\"item\":\"https:\\\/\\\/www.bougebouge.com\\\/en\\\/\"},{\"@type\":\"ListItem\",\"position\":2,\"name\":\"Corporate challenge\"}]},{\"@type\":\"WebSite\",\"@id\":\"https:\\\/\\\/www.bougebouge.com\\\/en\\\/#website\",\"url\":\"https:\\\/\\\/www.bougebouge.com\\\/en\\\/\",\"name\":\"BougeBouge\",\"description\":\"Prevent physical dropout pour prevent and counter the physical inactivity rate among at-risk youth, families and retirees.\",\"publisher\":{\"@id\":\"https:\\\/\\\/www.bougebouge.com\\\/en\\\/#organization\"},\"potentialAction\":[{\"@type\":\"SearchAction\",\"target\":{\"@type\":\"EntryPoint\",\"urlTemplate\":\"https:\\\/\\\/www.bougebouge.com\\\/en\\\/?s={search_term_string}\"},\"query-input\":{\"@type\":\"PropertyValueSpecification\",\"valueRequired\":true,\"valueName\":\"search_term_string\"}}],\"inLanguage\":\"en-US\"},{\"@type\":\"Organization\",\"@id\":\"https:\\\/\\\/www.bougebouge.com\\\/en\\\/#organization\",\"name\":\"BougeBouge\",\"url\":\"https:\\\/\\\/www.bougebouge.com\\\/en\\\/\",\"logo\":{\"@type\":\"ImageObject\",\"inLanguage\":\"en-US\",\"@id\":\"https:\\\/\\\/www.bougebouge.com\\\/en\\\/#\\\/schema\\\/logo\\\/image\\\/\",\"url\":\"https:\\\/\\\/www.bougebouge.com\\\/wp-content\\\/uploads\\\/2021\\\/10\\\/logo-bougebouge-final-1.png\",\"contentUrl\":\"https:\\\/\\\/www.bougebouge.com\\\/wp-content\\\/uploads\\\/2021\\\/10\\\/logo-bougebouge-final-1.png\",\"width\":2048,\"height\":2048,\"caption\":\"BougeBouge\"},\"image\":{\"@id\":\"https:\\\/\\\/www.bougebouge.com\\\/en\\\/#\\\/schema\\\/logo\\\/image\\\/\"},\"sameAs\":[\"https:\\\/\\\/www.facebook.com\\\/BougeBougeYesWeCan\\\/\",\"https:\\\/\\\/www.youtube.com\\\/channel\\\/UCjmcznxAR6rWymUfr6h7EjA\"]}]}<\/script>\n<!-- \/ Yoast SEO plugin. -->","yoast_head_json":{"title":"Corporate challenge - BougeBouge","description":"Corporate challenge - D\u00e9couvrez nos \u00e9v\u00e9nements de course, les Aventures, les clubs de course et bien plus, en groupe!","robots":{"index":"index","follow":"follow","max-snippet":"max-snippet:-1","max-image-preview":"max-image-preview:large","max-video-preview":"max-video-preview:-1"},"canonical":"https:\/\/www.bougebouge.com\/en\/defi-entreprise\/","og_locale":"en_US","og_type":"article","og_title":"Corporate challenge - BougeBouge","og_description":"Corporate challenge - D\u00e9couvrez nos \u00e9v\u00e9nements de course, les Aventures, les clubs de course et bien plus, en groupe!","og_url":"https:\/\/www.bougebouge.com\/en\/defi-entreprise\/","og_site_name":"BougeBouge","article_publisher":"https:\/\/www.facebook.com\/BougeBougeYesWeCan\/","article_modified_time":"2023-08-30T19:20:04+00:00","og_image":[{"width":880,"height":660,"url":"https:\/\/www.bougebouge.com\/wp-content\/uploads\/2021\/10\/screenshot.jpg","type":"image\/jpeg"}],"twitter_card":"summary_large_image","twitter_misc":{"Est. reading time":"3 minutes"},"schema":{"@context":"https:\/\/schema.org","@graph":[{"@type":"WebPage","@id":"https:\/\/www.bougebouge.com\/en\/defi-entreprise\/","url":"https:\/\/www.bougebouge.com\/en\/defi-entreprise\/","name":"Corporate challenge - BougeBouge","isPartOf":{"@id":"https:\/\/www.bougebouge.com\/en\/#website"},"datePublished":"2022-10-26T18:32:48+00:00","dateModified":"2023-08-30T19:20:04+00:00","description":"Corporate challenge - D\u00e9couvrez nos \u00e9v\u00e9nements de course, les Aventures, les clubs de course et bien plus, en groupe!","breadcrumb":{"@id":"https:\/\/www.bougebouge.com\/en\/defi-entreprise\/#breadcrumb"},"inLanguage":"en-US","potentialAction":[{"@type":"ReadAction","target":["https:\/\/www.bougebouge.com\/en\/defi-entreprise\/"]}]},{"@type":"BreadcrumbList","@id":"https:\/\/www.bougebouge.com\/en\/defi-entreprise\/#breadcrumb","itemListElement":[{"@type":"ListItem","position":1,"name":"Accueil","item":"https:\/\/www.bougebouge.com\/en\/"},{"@type":"ListItem","position":2,"name":"Corporate challenge"}]},{"@type":"WebSite","@id":"https:\/\/www.bougebouge.com\/en\/#website","url":"https:\/\/www.bougebouge.com\/en\/","name":"BougeBouge","description":"Prevent physical dropout pour prevent and counter the physical inactivity rate among at-risk youth, families and retirees.","publisher":{"@id":"https:\/\/www.bougebouge.com\/en\/#organization"},"potentialAction":[{"@type":"SearchAction","target":{"@type":"EntryPoint","urlTemplate":"https:\/\/www.bougebouge.com\/en\/?s={search_term_string}"},"query-input":{"@type":"PropertyValueSpecification","valueRequired":true,"valueName":"search_term_string"}}],"inLanguage":"en-US"},{"@type":"Organization","@id":"https:\/\/www.bougebouge.com\/en\/#organization","name":"BougeBouge","url":"https:\/\/www.bougebouge.com\/en\/","logo":{"@type":"ImageObject","inLanguage":"en-US","@id":"https:\/\/www.bougebouge.com\/en\/#\/schema\/logo\/image\/","url":"https:\/\/www.bougebouge.com\/wp-content\/uploads\/2021\/10\/logo-bougebouge-final-1.png","contentUrl":"https:\/\/www.bougebouge.com\/wp-content\/uploads\/2021\/10\/logo-bougebouge-final-1.png","width":2048,"height":2048,"caption":"BougeBouge"},"image":{"@id":"https:\/\/www.bougebouge.com\/en\/#\/schema\/logo\/image\/"},"sameAs":["https:\/\/www.facebook.com\/BougeBougeYesWeCan\/","https:\/\/www.youtube.com\/channel\/UCjmcznxAR6rWymUfr6h7EjA"]}]}},"_links":{"self":[{"href":"https:\/\/www.bougebouge.com\/en\/wp-json\/wp\/v2\/pages\/49881","targetHints":{"allow":["GET"]}}],"collection":[{"href":"https:\/\/www.bougebouge.com\/en\/wp-json\/wp\/v2\/pages"}],"about":[{"href":"https:\/\/www.bougebouge.com\/en\/wp-json\/wp\/v2\/types\/page"}],"author":[{"embeddable":true,"href":"https:\/\/www.bougebouge.com\/en\/wp-json\/wp\/v2\/users\/9"}],"replies":[{"embeddable":true,"href":"https:\/\/www.bougebouge.com\/en\/wp-json\/wp\/v2\/comments?post=49881"}],"version-history":[{"count":0,"href":"https:\/\/www.bougebouge.com\/en\/wp-json\/wp\/v2\/pages\/49881\/revisions"}],"wp:attachment":[{"href":"https:\/\/www.bougebouge.com\/en\/wp-json\/wp\/v2\/media?parent=49881"}],"curies":[{"name":"wp","href":"https:\/\/api.w.org\/{rel}","templated":true}]}}