{"id":47017,"date":"2022-07-26T09:57:54","date_gmt":"2022-07-26T13:57:54","guid":{"rendered":"https:\/\/www.bougebouge.com\/recevoir-mon-plan-dentrainement\/"},"modified":"2022-07-26T11:30:06","modified_gmt":"2022-07-26T15:30:06","slug":"receive-my-training-plan","status":"publish","type":"page","link":"https:\/\/www.bougebouge.com\/en\/receive-my-training-plan\/","title":{"rendered":"Receive my training plan"},"content":{"rendered":"<div class=\"wpb-content-wrapper\"><p>[vc_row row_height_percent=&#8221;0&#8243; override_padding=&#8221;yes&#8221; h_padding=&#8221;2&#8243; top_padding=&#8221;3&#8243; bottom_padding=&#8221;3&#8243; overlay_alpha=&#8221;50&#8243; gutter_size=&#8221;3&#8243; column_width_percent=&#8221;100&#8243; shift_y=&#8221;0&#8243; z_index=&#8221;0&#8243; uncode_shortcode_id=&#8221;105583&#8243;][vc_column column_width_use_pixel=&#8221;yes&#8221; position_vertical=&#8221;middle&#8221; align_horizontal=&#8221;align_center&#8221; gutter_size=&#8221;3&#8243; back_color=&#8221;color-xsdn&#8221; overlay_alpha=&#8221;50&#8243; shift_x=&#8221;0&#8243; shift_y=&#8221;0&#8243; shift_y_down=&#8221;0&#8243; z_index=&#8221;0&#8243; medium_width=&#8221;0&#8243; mobile_width=&#8221;0&#8243; shadow=&#8221;sm&#8221; width=&#8221;1\/1&#8243; uncode_shortcode_id=&#8221;330007&#8243; column_width_pixel=&#8221;900&#8243; back_color_type=&#8221;uncode-palette&#8221;][vc_single_image media=&#8221;40&#8243; media_width_use_pixel=&#8221;yes&#8221; media_ratio=&#8221;one-one&#8221; alignment=&#8221;center&#8221; shape=&#8221;img-circle&#8221; uncode_shortcode_id=&#8221;140300&#8243; media_width_pixel=&#8221;200&#8243;][vc_custom_heading uncode_shortcode_id=&#8221;151112&#8243;]Receives your training plan instantly.[\/vc_custom_heading][vc_custom_heading text_color=&#8221;color-116309&#8243; text_size=&#8221;h1&#8243; text_weight=&#8221;900&#8243; text_transform=&#8221;uppercase&#8221; uncode_shortcode_id=&#8221;122123&#8243; text_color_type=&#8221;uncode-palette&#8221;]100% free![\/vc_custom_heading]<script type=\"text\/javascript\">\n\/* <![CDATA[ *\/\nvar gform;gform||(document.addEventListener(\"gform_main_scripts_loaded\",function(){gform.scriptsLoaded=!0}),document.addEventListener(\"gform\/theme\/scripts_loaded\",function(){gform.themeScriptsLoaded=!0}),window.addEventListener(\"DOMContentLoaded\",function(){gform.domLoaded=!0}),gform={domLoaded:!1,scriptsLoaded:!1,themeScriptsLoaded:!1,isFormEditor:()=>\"function\"==typeof InitializeEditor,callIfLoaded:function(o){return!(!gform.domLoaded||!gform.scriptsLoaded||!gform.themeScriptsLoaded&&!gform.isFormEditor()||(gform.isFormEditor()&&console.warn(\"The use of gform.initializeOnLoaded() is deprecated in the form editor context and will be removed in Gravity Forms 3.1.\"),o(),0))},initializeOnLoaded:function(o){gform.callIfLoaded(o)||(document.addEventListener(\"gform_main_scripts_loaded\",()=>{gform.scriptsLoaded=!0,gform.callIfLoaded(o)}),document.addEventListener(\"gform\/theme\/scripts_loaded\",()=>{gform.themeScriptsLoaded=!0,gform.callIfLoaded(o)}),window.addEventListener(\"DOMContentLoaded\",()=>{gform.domLoaded=!0,gform.callIfLoaded(o)}))},hooks:{action:{},filter:{}},addAction:function(o,r,e,t){gform.addHook(\"action\",o,r,e,t)},addFilter:function(o,r,e,t){gform.addHook(\"filter\",o,r,e,t)},doAction:function(o){gform.doHook(\"action\",o,arguments)},applyFilters:function(o){return gform.doHook(\"filter\",o,arguments)},removeAction:function(o,r){gform.removeHook(\"action\",o,r)},removeFilter:function(o,r,e){gform.removeHook(\"filter\",o,r,e)},addHook:function(o,r,e,t,n){null==gform.hooks[o][r]&&(gform.hooks[o][r]=[]);var d=gform.hooks[o][r];null==n&&(n=r+\"_\"+d.length),gform.hooks[o][r].push({tag:n,callable:e,priority:t=null==t?10:t})},doHook:function(r,o,e){var t;if(e=Array.prototype.slice.call(e,1),null!=gform.hooks[r][o]&&((o=gform.hooks[r][o]).sort(function(o,r){return o.priority-r.priority}),o.forEach(function(o){\"function\"!=typeof(t=o.callable)&&(t=window[t]),\"action\"==r?t.apply(null,e):e[0]=t.apply(null,e)})),\"filter\"==r)return e[0]},removeHook:function(o,r,t,n){var e;null!=gform.hooks[o][r]&&(e=(e=gform.hooks[o][r]).filter(function(o,r,e){return!!(null!=n&&n!=o.tag||null!=t&&t!=o.priority)}),gform.hooks[o][r]=e)}});\n\/* ]]> *\/\n<\/script>\n\n                <div class='gf_browser_gecko gform_wrapper gravity-theme gform-theme--no-framework' data-form-theme='gravity-theme' data-form-index='0' id='gform_wrapper_46' >\n                        <div class='gform_heading'>\n\t\t\t\t\t\t\t<p class='gform_required_legend'>&quot;<span class=\"gfield_required gfield_required_asterisk\">*<\/span>&quot; indicates required fields<\/p>\n                        <\/div><form method='post' enctype='multipart\/form-data'  id='gform_46'  action='\/en\/wp-json\/wp\/v2\/pages\/47017' data-formid='46' novalidate><div class='gf_invisible ginput_recaptchav3' data-sitekey='6Ldp2LoqAAAAAIbdKkCPd0wW0x7QmLm_XFlxEUYd' data-tabindex='0'><input id=\"input_d6d82347310a32664fa6aabd7a64151c\" class=\"gfield_recaptcha_response\" type=\"hidden\" name=\"input_d6d82347310a32664fa6aabd7a64151c\" value=\"\"\/><\/div> \r\n <input type='hidden' class='gforms-pum' value='{\"closepopup\":false,\"closedelay\":0,\"openpopup\":false,\"openpopup_id\":0}' \/>\n                        <div class='gform-body gform_body'><div id='gform_fields_46' class='gform_fields top_label form_sublabel_below description_below validation_below'><div id=\"field_46_1\" class=\"gfield gfield--type-email gfield--width-full gfield_contains_required field_sublabel_below gfield--no-description field_description_below field_validation_below gfield_visibility_visible\"  ><label class='gfield_label gform-field-label' for='input_46_1'>E-mail<span class=\"gfield_required\"><span class=\"gfield_required gfield_required_asterisk\">*<\/span><\/span><\/label><div class='ginput_container ginput_container_email'>\n                            <input name='input_1' id='input_46_1' type='email' value='' class='large'    aria-required=\"true\" aria-invalid=\"false\"  \/>\n                        <\/div><\/div><fieldset id=\"field_46_3\" class=\"gfield gfield--type-checkbox gfield--type-choice gfield--width-full gfield_contains_required field_sublabel_below gfield--no-description field_description_below field_validation_below gfield_visibility_visible\"  ><legend class='gfield_label gform-field-label gfield_label_before_complex' >Consentement | Consent<span class=\"gfield_required\"><span class=\"gfield_required gfield_required_asterisk\">*<\/span><\/span><\/legend><div class='ginput_container ginput_container_checkbox'><div class='gfield_checkbox ' id='input_46_3'><div class='gchoice gchoice_46_3_1'>\n\t\t\t\t\t\t\t\t<input class='gfield-choice-input' name='input_3.1' type='checkbox'  value='J&#039;accepte de recevoir l&#039;infolettre et les communications de la part de BougeBouge.| I agree to receive newsletters and communications from BougeBouge.'  id='choice_46_3_1'   \/>\n\t\t\t\t\t\t\t\t<label for='choice_46_3_1' id='label_46_3_1' class='gform-field-label gform-field-label--type-inline'>J'accepte de recevoir l'infolettre et les communications de la part de BougeBouge.| I agree to receive newsletters and communications from BougeBouge.<\/label>\n\t\t\t\t\t\t\t<\/div><\/div><\/div><\/fieldset><\/div><\/div>\n        <div class='gform-footer gform_footer top_label'> <input type='submit' id='gform_submit_button_46' class='gform_button button' onclick='gform.submission.handleButtonClick(this);' data-submission-type='submit' value='Envoyer'  \/> \n            <input type='hidden' class='gform_hidden' name='gform_submission_method' data-js='gform_submission_method_46' value='postback' \/>\n            <input type='hidden' class='gform_hidden' name='gform_theme' data-js='gform_theme_46' id='gform_theme_46' value='gravity-theme' \/>\n            <input type='hidden' class='gform_hidden' name='gform_style_settings' data-js='gform_style_settings_46' id='gform_style_settings_46' value='[]' \/>\n            <input type='hidden' class='gform_hidden' name='is_submit_46' value='1' \/>\n            <input type='hidden' class='gform_hidden' name='gform_submit' value='46' \/>\n            \n            <input type='hidden' class='gform_hidden' name='gform_currency' data-currency='CAD' value='aYWG0260bNxz35SIvP+KBeuVHl4cRqAN5SL2z5Rc7txwbKTiA5AzxU2J89bORzmRYVAFkpP7hyonv26r+fTFVQBC2IzBxSNL0B1LCddoSpOAYqc=' \/>\n            <input type='hidden' class='gform_hidden' name='gform_unique_id' value='' \/>\n            <input type='hidden' class='gform_hidden' name='state_46' value='WyJbXSIsIjEyZWM1MTIxYzM1NjJjNjAxNWZhODRiZjZmN2FhNzE1Il0=' \/>\n            <input type='hidden' autocomplete='off' class='gform_hidden' name='gform_target_page_number_46' id='gform_target_page_number_46' value='0' \/>\n            <input type='hidden' autocomplete='off' class='gform_hidden' name='gform_source_page_number_46' id='gform_source_page_number_46' value='1' \/>\n            <input type='hidden' name='gform_field_values' value='' \/>\n            \n        <\/div>\n                        <\/form>\n                        <\/div><script type=\"text\/javascript\">\n\/* <![CDATA[ *\/\n gform.initializeOnLoaded( function() {gformInitSpinner( 46, 'https:\/\/www.bougebouge.com\/wp-content\/plugins\/gravityforms\/images\/spinner.svg', true );jQuery('#gform_ajax_frame_46').on('load',function(){var contents = jQuery(this).contents().find('*').html();var is_postback = contents.indexOf('GF_AJAX_POSTBACK') >= 0;if(!is_postback){return;}var form_content = jQuery(this).contents().find('#gform_wrapper_46');var is_confirmation = jQuery(this).contents().find('#gform_confirmation_wrapper_46').length > 0;var is_redirect = contents.indexOf('gformRedirect(){') >= 0;var is_form = form_content.length > 0 && ! is_redirect && ! is_confirmation;var mt = parseInt(jQuery('html').css('margin-top'), 10) + parseInt(jQuery('body').css('margin-top'), 10) + 100;if(is_form){jQuery('#gform_wrapper_46').html(form_content.html());if(form_content.hasClass('gform_validation_error')){jQuery('#gform_wrapper_46').addClass('gform_validation_error');} else {jQuery('#gform_wrapper_46').removeClass('gform_validation_error');}setTimeout( function() { \/* delay the scroll by 50 milliseconds to fix a bug in chrome *\/  }, 50 );if(window['gformInitDatepicker']) {gformInitDatepicker();}if(window['gformInitPriceFields']) {gformInitPriceFields();}var current_page = jQuery('#gform_source_page_number_46').val();gformInitSpinner( 46, 'https:\/\/www.bougebouge.com\/wp-content\/plugins\/gravityforms\/images\/spinner.svg', true );jQuery(document).trigger('gform_page_loaded', [46, current_page]);window['gf_submitting_46'] = false;}else if(!is_redirect){var confirmation_content = jQuery(this).contents().find('.GF_AJAX_POSTBACK').html();if(!confirmation_content){confirmation_content = contents;}jQuery('#gform_wrapper_46').replaceWith(confirmation_content);jQuery(document).trigger('gform_confirmation_loaded', [46]);window['gf_submitting_46'] = false;wp.a11y.speak(jQuery('#gform_confirmation_message_46').text());}else{jQuery('#gform_46').append(contents);if(window['gformRedirect']) {gformRedirect();}}jQuery(document).trigger(\"gform_pre_post_render\", [{ formId: \"46\", currentPage: \"current_page\", abort: function() { this.preventDefault(); } }]);        if (event && event.defaultPrevented) {                return;        }        const gformWrapperDiv = document.getElementById( \"gform_wrapper_46\" );        if ( gformWrapperDiv ) {            const visibilitySpan = document.createElement( \"span\" );            visibilitySpan.id = \"gform_visibility_test_46\";            gformWrapperDiv.insertAdjacentElement( \"afterend\", visibilitySpan );        }        const visibilityTestDiv = document.getElementById( \"gform_visibility_test_46\" );        let postRenderFired = false;        function triggerPostRender() {            if ( postRenderFired ) {                return;            }            postRenderFired = true;            gform.core.triggerPostRenderEvents( 46, current_page );            if ( visibilityTestDiv ) {                visibilityTestDiv.parentNode.removeChild( visibilityTestDiv );            }        }        function debounce( func, wait, immediate ) {            var timeout;            return function() {                var context = this, args = arguments;                var later = function() {                    timeout = null;                    if ( !immediate ) func.apply( context, args );                };                var callNow = immediate && !timeout;                clearTimeout( timeout );                timeout = setTimeout( later, wait );                if ( callNow ) func.apply( context, args );            };        }        const debouncedTriggerPostRender = debounce( function() {            triggerPostRender();        }, 200 );        if ( visibilityTestDiv && visibilityTestDiv.offsetParent === null ) {            const observer = new MutationObserver( ( mutations ) => {                mutations.forEach( ( mutation ) => {                    if ( mutation.type === 'attributes' && visibilityTestDiv.offsetParent !== null ) {                        debouncedTriggerPostRender();                        observer.disconnect();                    }                });            });            observer.observe( document.body, {                attributes: true,                childList: false,                subtree: true,                attributeFilter: [ 'style', 'class' ],            });        } else {            triggerPostRender();        }    } );} ); \n\/* ]]> *\/\n<\/script>\n[\/vc_column][\/vc_row]<\/p>\n<\/div>","protected":false},"excerpt":{"rendered":"<p>[vc_row row_height_percent=&#8221;0&#8243; override_padding=&#8221;yes&#8221; h_padding=&#8221;2&#8243; top_padding=&#8221;3&#8243; bottom_padding=&#8221;3&#8243; overlay_alpha=&#8221;50&#8243; gutter_size=&#8221;3&#8243; column_width_percent=&#8221;100&#8243; shift_y=&#8221;0&#8243; z_index=&#8221;0&#8243; uncode_shortcode_id=&#8221;105583&#8243;][vc_column column_width_use_pixel=&#8221;yes&#8221; position_vertical=&#8221;middle&#8221; align_horizontal=&#8221;align_center&#8221; gutter_size=&#8221;3&#8243; back_color=&#8221;color-xsdn&#8221; overlay_alpha=&#8221;50&#8243; shift_x=&#8221;0&#8243; shift_y=&#8221;0&#8243; [&hellip;]<\/p>\n","protected":false},"author":4,"featured_media":0,"parent":0,"menu_order":0,"comment_status":"closed","ping_status":"closed","template":"","meta":{"_acf_changed":false,"footnotes":""},"class_list":["post-47017","page","type-page","status-publish","hentry"],"acf":[],"yoast_head":"<!-- This site is optimized with the Yoast SEO plugin v27.4 - https:\/\/yoast.com\/product\/yoast-seo-wordpress\/ -->\n<title>Receive my training plan - BougeBouge<\/title>\n<meta name=\"description\" content=\"Receive my training plan - D\u00e9couvrez nos \u00e9v\u00e9nements de course, les Aventures, les clubs de course et bien plus!\" \/>\n<meta name=\"robots\" content=\"index, follow, max-snippet:-1, max-image-preview:large, max-video-preview:-1\" \/>\n<link rel=\"canonical\" href=\"https:\/\/www.bougebouge.com\/en\/receive-my-training-plan\/\" \/>\n<meta property=\"og:locale\" content=\"en_US\" \/>\n<meta property=\"og:type\" content=\"article\" \/>\n<meta property=\"og:title\" content=\"Receive my training plan - BougeBouge\" \/>\n<meta property=\"og:description\" content=\"Receive my training plan - D\u00e9couvrez nos \u00e9v\u00e9nements de course, les Aventures, les clubs de course et bien plus!\" \/>\n<meta property=\"og:url\" content=\"https:\/\/www.bougebouge.com\/en\/receive-my-training-plan\/\" \/>\n<meta property=\"og:site_name\" content=\"BougeBouge\" \/>\n<meta property=\"article:publisher\" content=\"https:\/\/www.facebook.com\/BougeBougeYesWeCan\/\" \/>\n<meta property=\"article:modified_time\" content=\"2022-07-26T15:30:06+00:00\" \/>\n<meta property=\"og:image\" content=\"https:\/\/www.bougebouge.com\/wp-content\/uploads\/2021\/10\/screenshot.jpg\" \/>\n\t<meta property=\"og:image:width\" content=\"880\" \/>\n\t<meta property=\"og:image:height\" content=\"660\" \/>\n\t<meta property=\"og:image:type\" content=\"image\/jpeg\" \/>\n<meta name=\"twitter:card\" content=\"summary_large_image\" \/>\n<meta name=\"twitter:label1\" content=\"Est. reading time\" \/>\n\t<meta name=\"twitter:data1\" content=\"1 minute\" \/>\n<script type=\"application\/ld+json\" class=\"yoast-schema-graph\">{\"@context\":\"https:\\\/\\\/schema.org\",\"@graph\":[{\"@type\":\"WebPage\",\"@id\":\"https:\\\/\\\/www.bougebouge.com\\\/en\\\/receive-my-training-plan\\\/\",\"url\":\"https:\\\/\\\/www.bougebouge.com\\\/en\\\/receive-my-training-plan\\\/\",\"name\":\"Receive my training plan - BougeBouge\",\"isPartOf\":{\"@id\":\"https:\\\/\\\/www.bougebouge.com\\\/en\\\/#website\"},\"datePublished\":\"2022-07-26T13:57:54+00:00\",\"dateModified\":\"2022-07-26T15:30:06+00:00\",\"description\":\"Receive my training plan - D\u00e9couvrez nos \u00e9v\u00e9nements de course, les Aventures, les clubs de course et bien plus!\",\"breadcrumb\":{\"@id\":\"https:\\\/\\\/www.bougebouge.com\\\/en\\\/receive-my-training-plan\\\/#breadcrumb\"},\"inLanguage\":\"en-US\",\"potentialAction\":[{\"@type\":\"ReadAction\",\"target\":[\"https:\\\/\\\/www.bougebouge.com\\\/en\\\/receive-my-training-plan\\\/\"]}]},{\"@type\":\"BreadcrumbList\",\"@id\":\"https:\\\/\\\/www.bougebouge.com\\\/en\\\/receive-my-training-plan\\\/#breadcrumb\",\"itemListElement\":[{\"@type\":\"ListItem\",\"position\":1,\"name\":\"Accueil\",\"item\":\"https:\\\/\\\/www.bougebouge.com\\\/en\\\/\"},{\"@type\":\"ListItem\",\"position\":2,\"name\":\"Receive my training plan\"}]},{\"@type\":\"WebSite\",\"@id\":\"https:\\\/\\\/www.bougebouge.com\\\/en\\\/#website\",\"url\":\"https:\\\/\\\/www.bougebouge.com\\\/en\\\/\",\"name\":\"BougeBouge\",\"description\":\"Prevent physical dropout pour prevent and counter the physical inactivity rate among at-risk youth, families and retirees.\",\"publisher\":{\"@id\":\"https:\\\/\\\/www.bougebouge.com\\\/en\\\/#organization\"},\"potentialAction\":[{\"@type\":\"SearchAction\",\"target\":{\"@type\":\"EntryPoint\",\"urlTemplate\":\"https:\\\/\\\/www.bougebouge.com\\\/en\\\/?s={search_term_string}\"},\"query-input\":{\"@type\":\"PropertyValueSpecification\",\"valueRequired\":true,\"valueName\":\"search_term_string\"}}],\"inLanguage\":\"en-US\"},{\"@type\":\"Organization\",\"@id\":\"https:\\\/\\\/www.bougebouge.com\\\/en\\\/#organization\",\"name\":\"BougeBouge\",\"url\":\"https:\\\/\\\/www.bougebouge.com\\\/en\\\/\",\"logo\":{\"@type\":\"ImageObject\",\"inLanguage\":\"en-US\",\"@id\":\"https:\\\/\\\/www.bougebouge.com\\\/en\\\/#\\\/schema\\\/logo\\\/image\\\/\",\"url\":\"https:\\\/\\\/www.bougebouge.com\\\/wp-content\\\/uploads\\\/2021\\\/10\\\/logo-bougebouge-final-1.png\",\"contentUrl\":\"https:\\\/\\\/www.bougebouge.com\\\/wp-content\\\/uploads\\\/2021\\\/10\\\/logo-bougebouge-final-1.png\",\"width\":2048,\"height\":2048,\"caption\":\"BougeBouge\"},\"image\":{\"@id\":\"https:\\\/\\\/www.bougebouge.com\\\/en\\\/#\\\/schema\\\/logo\\\/image\\\/\"},\"sameAs\":[\"https:\\\/\\\/www.facebook.com\\\/BougeBougeYesWeCan\\\/\",\"https:\\\/\\\/www.youtube.com\\\/channel\\\/UCjmcznxAR6rWymUfr6h7EjA\"]}]}<\/script>\n<!-- \/ Yoast SEO plugin. -->","yoast_head_json":{"title":"Receive my training plan - BougeBouge","description":"Receive my training plan - D\u00e9couvrez nos \u00e9v\u00e9nements de course, les Aventures, les clubs de course et bien plus!","robots":{"index":"index","follow":"follow","max-snippet":"max-snippet:-1","max-image-preview":"max-image-preview:large","max-video-preview":"max-video-preview:-1"},"canonical":"https:\/\/www.bougebouge.com\/en\/receive-my-training-plan\/","og_locale":"en_US","og_type":"article","og_title":"Receive my training plan - BougeBouge","og_description":"Receive my training plan - D\u00e9couvrez nos \u00e9v\u00e9nements de course, les Aventures, les clubs de course et bien plus!","og_url":"https:\/\/www.bougebouge.com\/en\/receive-my-training-plan\/","og_site_name":"BougeBouge","article_publisher":"https:\/\/www.facebook.com\/BougeBougeYesWeCan\/","article_modified_time":"2022-07-26T15:30:06+00:00","og_image":[{"width":880,"height":660,"url":"https:\/\/www.bougebouge.com\/wp-content\/uploads\/2021\/10\/screenshot.jpg","type":"image\/jpeg"}],"twitter_card":"summary_large_image","twitter_misc":{"Est. reading time":"1 minute"},"schema":{"@context":"https:\/\/schema.org","@graph":[{"@type":"WebPage","@id":"https:\/\/www.bougebouge.com\/en\/receive-my-training-plan\/","url":"https:\/\/www.bougebouge.com\/en\/receive-my-training-plan\/","name":"Receive my training plan - BougeBouge","isPartOf":{"@id":"https:\/\/www.bougebouge.com\/en\/#website"},"datePublished":"2022-07-26T13:57:54+00:00","dateModified":"2022-07-26T15:30:06+00:00","description":"Receive my training plan - D\u00e9couvrez nos \u00e9v\u00e9nements de course, les Aventures, les clubs de course et bien plus!","breadcrumb":{"@id":"https:\/\/www.bougebouge.com\/en\/receive-my-training-plan\/#breadcrumb"},"inLanguage":"en-US","potentialAction":[{"@type":"ReadAction","target":["https:\/\/www.bougebouge.com\/en\/receive-my-training-plan\/"]}]},{"@type":"BreadcrumbList","@id":"https:\/\/www.bougebouge.com\/en\/receive-my-training-plan\/#breadcrumb","itemListElement":[{"@type":"ListItem","position":1,"name":"Accueil","item":"https:\/\/www.bougebouge.com\/en\/"},{"@type":"ListItem","position":2,"name":"Receive my training plan"}]},{"@type":"WebSite","@id":"https:\/\/www.bougebouge.com\/en\/#website","url":"https:\/\/www.bougebouge.com\/en\/","name":"BougeBouge","description":"Prevent physical dropout pour prevent and counter the physical inactivity rate among at-risk youth, families and retirees.","publisher":{"@id":"https:\/\/www.bougebouge.com\/en\/#organization"},"potentialAction":[{"@type":"SearchAction","target":{"@type":"EntryPoint","urlTemplate":"https:\/\/www.bougebouge.com\/en\/?s={search_term_string}"},"query-input":{"@type":"PropertyValueSpecification","valueRequired":true,"valueName":"search_term_string"}}],"inLanguage":"en-US"},{"@type":"Organization","@id":"https:\/\/www.bougebouge.com\/en\/#organization","name":"BougeBouge","url":"https:\/\/www.bougebouge.com\/en\/","logo":{"@type":"ImageObject","inLanguage":"en-US","@id":"https:\/\/www.bougebouge.com\/en\/#\/schema\/logo\/image\/","url":"https:\/\/www.bougebouge.com\/wp-content\/uploads\/2021\/10\/logo-bougebouge-final-1.png","contentUrl":"https:\/\/www.bougebouge.com\/wp-content\/uploads\/2021\/10\/logo-bougebouge-final-1.png","width":2048,"height":2048,"caption":"BougeBouge"},"image":{"@id":"https:\/\/www.bougebouge.com\/en\/#\/schema\/logo\/image\/"},"sameAs":["https:\/\/www.facebook.com\/BougeBougeYesWeCan\/","https:\/\/www.youtube.com\/channel\/UCjmcznxAR6rWymUfr6h7EjA"]}]}},"_links":{"self":[{"href":"https:\/\/www.bougebouge.com\/en\/wp-json\/wp\/v2\/pages\/47017","targetHints":{"allow":["GET"]}}],"collection":[{"href":"https:\/\/www.bougebouge.com\/en\/wp-json\/wp\/v2\/pages"}],"about":[{"href":"https:\/\/www.bougebouge.com\/en\/wp-json\/wp\/v2\/types\/page"}],"author":[{"embeddable":true,"href":"https:\/\/www.bougebouge.com\/en\/wp-json\/wp\/v2\/users\/4"}],"replies":[{"embeddable":true,"href":"https:\/\/www.bougebouge.com\/en\/wp-json\/wp\/v2\/comments?post=47017"}],"version-history":[{"count":0,"href":"https:\/\/www.bougebouge.com\/en\/wp-json\/wp\/v2\/pages\/47017\/revisions"}],"wp:attachment":[{"href":"https:\/\/www.bougebouge.com\/en\/wp-json\/wp\/v2\/media?parent=47017"}],"curies":[{"name":"wp","href":"https:\/\/api.w.org\/{rel}","templated":true}]}}