{"id":39569,"date":"2021-11-16T13:19:19","date_gmt":"2021-11-16T18:19:19","guid":{"rendered":"https:\/\/www.bougebouge.com\/?page_id=39569"},"modified":"2022-09-16T14:48:47","modified_gmt":"2022-09-16T18:48:47","slug":"bougebouge-adventures-project","status":"publish","type":"page","link":"https:\/\/www.bougebouge.com\/en\/bougebouge-adventures-project\/","title":{"rendered":"BougeBouge Adventure Projects"},"content":{"rendered":"<div class=\"wpb-content-wrapper\"><p>[vc_row unlock_row_content=&#8221;yes&#8221; row_height_percent=&#8221;0&#8243; override_padding=&#8221;yes&#8221; h_padding=&#8221;3&#8243; top_padding=&#8221;3&#8243; bottom_padding=&#8221;3&#8243; overlay_alpha=&#8221;50&#8243; gutter_size=&#8221;3&#8243; column_width_percent=&#8221;100&#8243; shift_y=&#8221;0&#8243; z_index=&#8221;0&#8243; uncode_shortcode_id=&#8221;420181&#8243;][vc_column column_width_percent=&#8221;100&#8243; gutter_size=&#8221;3&#8243; overlay_alpha=&#8221;50&#8243; shift_x=&#8221;0&#8243; shift_y=&#8221;0&#8243; shift_y_down=&#8221;0&#8243; z_index=&#8221;0&#8243; medium_width=&#8221;0&#8243; mobile_width=&#8221;0&#8243; width=&#8221;3\/4&#8243; uncode_shortcode_id=&#8221;422435&#8243;][vc_custom_heading uncode_shortcode_id=&#8221;111472&#8243;]Choose your adventure[\/vc_custom_heading][vc_column_text uncode_shortcode_id=&#8221;833684&#8243;]<div class=\"event-wrapper\"><div class=\"event-item\"><div class=\"event-thumb\"><a href=\"https:\/\/www.bougebouge.com\/en\/shop\/adventures\/bougebouge-from-coast-to-coast\/\"><img decoding=\"async\" width=\"1081\" height=\"1081\" src=\"https:\/\/www.bougebouge.com\/wp-content\/uploads\/2021\/10\/publications-ms-parcours-canada.png\" class=\"attachment-post-thumbnail size-post-thumbnail wp-post-image\" alt=\"aventures bougebouge parcours canada\" srcset=\"https:\/\/www.bougebouge.com\/wp-content\/uploads\/2021\/10\/publications-ms-parcours-canada.png 1081w, https:\/\/www.bougebouge.com\/wp-content\/uploads\/2021\/10\/publications-ms-parcours-canada-300x300.png 300w, https:\/\/www.bougebouge.com\/wp-content\/uploads\/2021\/10\/publications-ms-parcours-canada-1024x1024.png 1024w, https:\/\/www.bougebouge.com\/wp-content\/uploads\/2021\/10\/publications-ms-parcours-canada-150x150.png 150w, https:\/\/www.bougebouge.com\/wp-content\/uploads\/2021\/10\/publications-ms-parcours-canada-768x768.png 768w, https:\/\/www.bougebouge.com\/wp-content\/uploads\/2021\/10\/publications-ms-parcours-canada-600x600.png 600w, https:\/\/www.bougebouge.com\/wp-content\/uploads\/2021\/10\/publications-ms-parcours-canada-100x100.png 100w\" sizes=\"(max-width: 1081px) 100vw, 1081px\" \/><\/a><\/div><div class=\"event-content\"><div style=\"padding:10px;\"><\/div><div style=\"padding:20px;\"><p style=\"font-size:15px;font-weight:bold;text-transform:uppercase;color:#072a3a;\"><i class=\"fa fa-calendar-o fa-1x fa-fw\"><\/i> 1 September 2022<\/p><h3 class=\"h4\" style=\"margin-top:5px;margin-bottom:10px;font-weight:700;text-transform:uppercase;\"><a href=\"https:\/\/www.bougebouge.com\/en\/shop\/adventures\/bougebouge-from-coast-to-coast\/\">BougeBouge from coast to coast<\/a><\/h3><\/div><a class=\"custom-link btn btn-no-scale border-width-0 btn-color-119807 btn-block btn-icon-left btn-sm\" href=\"https:\/\/www.bougebouge.com\/en\/shop\/adventures\/bougebouge-from-coast-to-coast\/\">Buy Tickets<\/a><\/div><\/div><div class=\"event-item\"><div class=\"event-thumb\"><a href=\"https:\/\/www.bougebouge.com\/en\/shop\/adventures\/europe-adventure\/\"><img decoding=\"async\" width=\"1081\" height=\"1081\" src=\"https:\/\/www.bougebouge.com\/wp-content\/uploads\/2021\/12\/publications-ms-parcours-europe.png\" class=\"attachment-post-thumbnail size-post-thumbnail wp-post-image\" alt=\"aventures bougebouge parcours europe\" srcset=\"https:\/\/www.bougebouge.com\/wp-content\/uploads\/2021\/12\/publications-ms-parcours-europe.png 1081w, https:\/\/www.bougebouge.com\/wp-content\/uploads\/2021\/12\/publications-ms-parcours-europe-300x300.png 300w, https:\/\/www.bougebouge.com\/wp-content\/uploads\/2021\/12\/publications-ms-parcours-europe-1024x1024.png 1024w, https:\/\/www.bougebouge.com\/wp-content\/uploads\/2021\/12\/publications-ms-parcours-europe-150x150.png 150w, https:\/\/www.bougebouge.com\/wp-content\/uploads\/2021\/12\/publications-ms-parcours-europe-768x768.png 768w, https:\/\/www.bougebouge.com\/wp-content\/uploads\/2021\/12\/publications-ms-parcours-europe-600x600.png 600w, https:\/\/www.bougebouge.com\/wp-content\/uploads\/2021\/12\/publications-ms-parcours-europe-100x100.png 100w\" sizes=\"(max-width: 1081px) 100vw, 1081px\" \/><\/a><\/div><div class=\"event-content\"><div style=\"padding:10px;\"><\/div><div style=\"padding:20px;\"><p style=\"font-size:15px;font-weight:bold;text-transform:uppercase;color:#072a3a;\"><i class=\"fa fa-calendar-o fa-1x fa-fw\"><\/i> 1 September 2022<\/p><h3 class=\"h4\" style=\"margin-top:5px;margin-bottom:10px;font-weight:700;text-transform:uppercase;\"><a href=\"https:\/\/www.bougebouge.com\/en\/shop\/adventures\/europe-adventure\/\">Europe Adventure<\/a><\/h3><\/div><a class=\"custom-link btn btn-no-scale border-width-0 btn-color-119807 btn-block btn-icon-left btn-sm\" href=\"https:\/\/www.bougebouge.com\/en\/shop\/adventures\/europe-adventure\/\">Buy Tickets<\/a><\/div><\/div><div class=\"event-item\"><div class=\"event-thumb\"><a href=\"https:\/\/www.bougebouge.com\/en\/shop\/adventures\/costa-rica-adventure\/\"><img decoding=\"async\" width=\"1081\" height=\"1081\" src=\"https:\/\/www.bougebouge.com\/wp-content\/uploads\/2021\/12\/publications-ms-parcours-costa.png\" class=\"attachment-post-thumbnail size-post-thumbnail wp-post-image\" alt=\"aventures bougebouge parcours costa rica\" srcset=\"https:\/\/www.bougebouge.com\/wp-content\/uploads\/2021\/12\/publications-ms-parcours-costa.png 1081w, https:\/\/www.bougebouge.com\/wp-content\/uploads\/2021\/12\/publications-ms-parcours-costa-300x300.png 300w, https:\/\/www.bougebouge.com\/wp-content\/uploads\/2021\/12\/publications-ms-parcours-costa-1024x1024.png 1024w, https:\/\/www.bougebouge.com\/wp-content\/uploads\/2021\/12\/publications-ms-parcours-costa-150x150.png 150w, https:\/\/www.bougebouge.com\/wp-content\/uploads\/2021\/12\/publications-ms-parcours-costa-768x768.png 768w, https:\/\/www.bougebouge.com\/wp-content\/uploads\/2021\/12\/publications-ms-parcours-costa-600x600.png 600w, https:\/\/www.bougebouge.com\/wp-content\/uploads\/2021\/12\/publications-ms-parcours-costa-100x100.png 100w\" sizes=\"(max-width: 1081px) 100vw, 1081px\" \/><\/a><\/div><div class=\"event-content\"><div style=\"padding:10px;\"><\/div><div style=\"padding:20px;\"><p style=\"font-size:15px;font-weight:bold;text-transform:uppercase;color:#072a3a;\"><i class=\"fa fa-calendar-o fa-1x fa-fw\"><\/i> 1 September 2022<\/p><h3 class=\"h4\" style=\"margin-top:5px;margin-bottom:10px;font-weight:700;text-transform:uppercase;\"><a href=\"https:\/\/www.bougebouge.com\/en\/shop\/adventures\/costa-rica-adventure\/\">Costa Rica Adventure<\/a><\/h3><\/div><a class=\"custom-link btn btn-no-scale border-width-0 btn-color-119807 btn-block btn-icon-left btn-sm\" href=\"https:\/\/www.bougebouge.com\/en\/shop\/adventures\/costa-rica-adventure\/\">Buy Tickets<\/a><\/div><\/div><\/div>[\/vc_column_text][vc_column_text uncode_shortcode_id=&#8221;204898&#8243;]<iframe title=\"YouTube video player\" src=\"https:\/\/www.youtube.com\/embed\/ov_0fSAPysE\" width=\"560\" height=\"315\" frameborder=\"0\" allowfullscreen=\"allowfullscreen\"><\/iframe>[\/vc_column_text][\/vc_column][vc_column width=&#8221;1\/4&#8243;][uncode_block id=&#8221;39498&#8243; inside_column=&#8221;yes&#8221;][\/vc_column][\/vc_row]<\/p>\n<\/div>","protected":false},"excerpt":{"rendered":"<p>[vc_row unlock_row_content=&#8221;yes&#8221; row_height_percent=&#8221;0&#8243; override_padding=&#8221;yes&#8221; h_padding=&#8221;3&#8243; top_padding=&#8221;3&#8243; bottom_padding=&#8221;3&#8243; overlay_alpha=&#8221;50&#8243; gutter_size=&#8221;3&#8243; column_width_percent=&#8221;100&#8243; shift_y=&#8221;0&#8243; z_index=&#8221;0&#8243; uncode_shortcode_id=&#8221;420181&#8243;][vc_column column_width_percent=&#8221;100&#8243; gutter_size=&#8221;3&#8243; overlay_alpha=&#8221;50&#8243; shift_x=&#8221;0&#8243; shift_y=&#8221;0&#8243; shift_y_down=&#8221;0&#8243; z_index=&#8221;0&#8243; [&hellip;]<\/p>\n","protected":false},"author":6,"featured_media":0,"parent":0,"menu_order":0,"comment_status":"closed","ping_status":"closed","template":"","meta":{"_acf_changed":false,"footnotes":""},"class_list":["post-39569","page","type-page","status-publish","hentry"],"acf":[],"yoast_head":"<!-- This site is optimized with the Yoast SEO plugin v27.4 - https:\/\/yoast.com\/product\/yoast-seo-wordpress\/ -->\n<title>BougeBouge Adventure Projects - BougeBouge<\/title>\n<meta name=\"description\" content=\"BougeBouge Adventure Projects - D\u00e9couvrez nos \u00e9v\u00e9nements de course, les Aventures, les clubs de course et bien plus!\" \/>\n<meta name=\"robots\" content=\"index, follow, max-snippet:-1, max-image-preview:large, max-video-preview:-1\" \/>\n<link rel=\"canonical\" href=\"https:\/\/www.bougebouge.com\/en\/bougebouge-adventures-project\/\" \/>\n<meta property=\"og:locale\" content=\"en_US\" \/>\n<meta property=\"og:type\" content=\"article\" \/>\n<meta property=\"og:title\" content=\"BougeBouge Adventure Projects - BougeBouge\" \/>\n<meta property=\"og:description\" content=\"BougeBouge Adventure Projects - D\u00e9couvrez nos \u00e9v\u00e9nements de course, les Aventures, les clubs de course et bien plus!\" \/>\n<meta property=\"og:url\" content=\"https:\/\/www.bougebouge.com\/en\/bougebouge-adventures-project\/\" \/>\n<meta property=\"og:site_name\" content=\"BougeBouge\" \/>\n<meta property=\"article:publisher\" content=\"https:\/\/www.facebook.com\/BougeBougeYesWeCan\/\" \/>\n<meta property=\"article:modified_time\" content=\"2022-09-16T18:48:47+00:00\" \/>\n<meta property=\"og:image\" content=\"https:\/\/www.bougebouge.com\/wp-content\/uploads\/2021\/10\/screenshot.jpg\" \/>\n\t<meta property=\"og:image:width\" content=\"880\" \/>\n\t<meta property=\"og:image:height\" content=\"660\" \/>\n\t<meta property=\"og:image:type\" content=\"image\/jpeg\" \/>\n<meta name=\"twitter:card\" content=\"summary_large_image\" \/>\n<meta name=\"twitter:label1\" content=\"Est. reading time\" \/>\n\t<meta name=\"twitter:data1\" content=\"1 minute\" \/>\n<script type=\"application\/ld+json\" class=\"yoast-schema-graph\">{\"@context\":\"https:\\\/\\\/schema.org\",\"@graph\":[{\"@type\":\"WebPage\",\"@id\":\"https:\\\/\\\/www.bougebouge.com\\\/en\\\/bougebouge-adventures-project\\\/\",\"url\":\"https:\\\/\\\/www.bougebouge.com\\\/en\\\/bougebouge-adventures-project\\\/\",\"name\":\"BougeBouge Adventure Projects - BougeBouge\",\"isPartOf\":{\"@id\":\"https:\\\/\\\/www.bougebouge.com\\\/en\\\/#website\"},\"datePublished\":\"2021-11-16T18:19:19+00:00\",\"dateModified\":\"2022-09-16T18:48:47+00:00\",\"description\":\"BougeBouge Adventure Projects - D\u00e9couvrez nos \u00e9v\u00e9nements de course, les Aventures, les clubs de course et bien plus!\",\"breadcrumb\":{\"@id\":\"https:\\\/\\\/www.bougebouge.com\\\/en\\\/bougebouge-adventures-project\\\/#breadcrumb\"},\"inLanguage\":\"en-US\",\"potentialAction\":[{\"@type\":\"ReadAction\",\"target\":[\"https:\\\/\\\/www.bougebouge.com\\\/en\\\/bougebouge-adventures-project\\\/\"]}]},{\"@type\":\"BreadcrumbList\",\"@id\":\"https:\\\/\\\/www.bougebouge.com\\\/en\\\/bougebouge-adventures-project\\\/#breadcrumb\",\"itemListElement\":[{\"@type\":\"ListItem\",\"position\":1,\"name\":\"Accueil\",\"item\":\"https:\\\/\\\/www.bougebouge.com\\\/en\\\/\"},{\"@type\":\"ListItem\",\"position\":2,\"name\":\"BougeBouge Adventure Projects\"}]},{\"@type\":\"WebSite\",\"@id\":\"https:\\\/\\\/www.bougebouge.com\\\/en\\\/#website\",\"url\":\"https:\\\/\\\/www.bougebouge.com\\\/en\\\/\",\"name\":\"BougeBouge\",\"description\":\"Prevent physical dropout pour prevent and counter the physical inactivity rate among at-risk youth, families and retirees.\",\"publisher\":{\"@id\":\"https:\\\/\\\/www.bougebouge.com\\\/en\\\/#organization\"},\"potentialAction\":[{\"@type\":\"SearchAction\",\"target\":{\"@type\":\"EntryPoint\",\"urlTemplate\":\"https:\\\/\\\/www.bougebouge.com\\\/en\\\/?s={search_term_string}\"},\"query-input\":{\"@type\":\"PropertyValueSpecification\",\"valueRequired\":true,\"valueName\":\"search_term_string\"}}],\"inLanguage\":\"en-US\"},{\"@type\":\"Organization\",\"@id\":\"https:\\\/\\\/www.bougebouge.com\\\/en\\\/#organization\",\"name\":\"BougeBouge\",\"url\":\"https:\\\/\\\/www.bougebouge.com\\\/en\\\/\",\"logo\":{\"@type\":\"ImageObject\",\"inLanguage\":\"en-US\",\"@id\":\"https:\\\/\\\/www.bougebouge.com\\\/en\\\/#\\\/schema\\\/logo\\\/image\\\/\",\"url\":\"https:\\\/\\\/www.bougebouge.com\\\/wp-content\\\/uploads\\\/2021\\\/10\\\/logo-bougebouge-final-1.png\",\"contentUrl\":\"https:\\\/\\\/www.bougebouge.com\\\/wp-content\\\/uploads\\\/2021\\\/10\\\/logo-bougebouge-final-1.png\",\"width\":2048,\"height\":2048,\"caption\":\"BougeBouge\"},\"image\":{\"@id\":\"https:\\\/\\\/www.bougebouge.com\\\/en\\\/#\\\/schema\\\/logo\\\/image\\\/\"},\"sameAs\":[\"https:\\\/\\\/www.facebook.com\\\/BougeBougeYesWeCan\\\/\",\"https:\\\/\\\/www.youtube.com\\\/channel\\\/UCjmcznxAR6rWymUfr6h7EjA\"]}]}<\/script>\n<!-- \/ Yoast SEO plugin. -->","yoast_head_json":{"title":"BougeBouge Adventure Projects - BougeBouge","description":"BougeBouge Adventure Projects - D\u00e9couvrez nos \u00e9v\u00e9nements de course, les Aventures, les clubs de course et bien plus!","robots":{"index":"index","follow":"follow","max-snippet":"max-snippet:-1","max-image-preview":"max-image-preview:large","max-video-preview":"max-video-preview:-1"},"canonical":"https:\/\/www.bougebouge.com\/en\/bougebouge-adventures-project\/","og_locale":"en_US","og_type":"article","og_title":"BougeBouge Adventure Projects - BougeBouge","og_description":"BougeBouge Adventure Projects - D\u00e9couvrez nos \u00e9v\u00e9nements de course, les Aventures, les clubs de course et bien plus!","og_url":"https:\/\/www.bougebouge.com\/en\/bougebouge-adventures-project\/","og_site_name":"BougeBouge","article_publisher":"https:\/\/www.facebook.com\/BougeBougeYesWeCan\/","article_modified_time":"2022-09-16T18:48:47+00:00","og_image":[{"width":880,"height":660,"url":"https:\/\/www.bougebouge.com\/wp-content\/uploads\/2021\/10\/screenshot.jpg","type":"image\/jpeg"}],"twitter_card":"summary_large_image","twitter_misc":{"Est. reading time":"1 minute"},"schema":{"@context":"https:\/\/schema.org","@graph":[{"@type":"WebPage","@id":"https:\/\/www.bougebouge.com\/en\/bougebouge-adventures-project\/","url":"https:\/\/www.bougebouge.com\/en\/bougebouge-adventures-project\/","name":"BougeBouge Adventure Projects - BougeBouge","isPartOf":{"@id":"https:\/\/www.bougebouge.com\/en\/#website"},"datePublished":"2021-11-16T18:19:19+00:00","dateModified":"2022-09-16T18:48:47+00:00","description":"BougeBouge Adventure Projects - D\u00e9couvrez nos \u00e9v\u00e9nements de course, les Aventures, les clubs de course et bien plus!","breadcrumb":{"@id":"https:\/\/www.bougebouge.com\/en\/bougebouge-adventures-project\/#breadcrumb"},"inLanguage":"en-US","potentialAction":[{"@type":"ReadAction","target":["https:\/\/www.bougebouge.com\/en\/bougebouge-adventures-project\/"]}]},{"@type":"BreadcrumbList","@id":"https:\/\/www.bougebouge.com\/en\/bougebouge-adventures-project\/#breadcrumb","itemListElement":[{"@type":"ListItem","position":1,"name":"Accueil","item":"https:\/\/www.bougebouge.com\/en\/"},{"@type":"ListItem","position":2,"name":"BougeBouge Adventure Projects"}]},{"@type":"WebSite","@id":"https:\/\/www.bougebouge.com\/en\/#website","url":"https:\/\/www.bougebouge.com\/en\/","name":"BougeBouge","description":"Prevent physical dropout pour prevent and counter the physical inactivity rate among at-risk youth, families and retirees.","publisher":{"@id":"https:\/\/www.bougebouge.com\/en\/#organization"},"potentialAction":[{"@type":"SearchAction","target":{"@type":"EntryPoint","urlTemplate":"https:\/\/www.bougebouge.com\/en\/?s={search_term_string}"},"query-input":{"@type":"PropertyValueSpecification","valueRequired":true,"valueName":"search_term_string"}}],"inLanguage":"en-US"},{"@type":"Organization","@id":"https:\/\/www.bougebouge.com\/en\/#organization","name":"BougeBouge","url":"https:\/\/www.bougebouge.com\/en\/","logo":{"@type":"ImageObject","inLanguage":"en-US","@id":"https:\/\/www.bougebouge.com\/en\/#\/schema\/logo\/image\/","url":"https:\/\/www.bougebouge.com\/wp-content\/uploads\/2021\/10\/logo-bougebouge-final-1.png","contentUrl":"https:\/\/www.bougebouge.com\/wp-content\/uploads\/2021\/10\/logo-bougebouge-final-1.png","width":2048,"height":2048,"caption":"BougeBouge"},"image":{"@id":"https:\/\/www.bougebouge.com\/en\/#\/schema\/logo\/image\/"},"sameAs":["https:\/\/www.facebook.com\/BougeBougeYesWeCan\/","https:\/\/www.youtube.com\/channel\/UCjmcznxAR6rWymUfr6h7EjA"]}]}},"_links":{"self":[{"href":"https:\/\/www.bougebouge.com\/en\/wp-json\/wp\/v2\/pages\/39569","targetHints":{"allow":["GET"]}}],"collection":[{"href":"https:\/\/www.bougebouge.com\/en\/wp-json\/wp\/v2\/pages"}],"about":[{"href":"https:\/\/www.bougebouge.com\/en\/wp-json\/wp\/v2\/types\/page"}],"author":[{"embeddable":true,"href":"https:\/\/www.bougebouge.com\/en\/wp-json\/wp\/v2\/users\/6"}],"replies":[{"embeddable":true,"href":"https:\/\/www.bougebouge.com\/en\/wp-json\/wp\/v2\/comments?post=39569"}],"version-history":[{"count":0,"href":"https:\/\/www.bougebouge.com\/en\/wp-json\/wp\/v2\/pages\/39569\/revisions"}],"wp:attachment":[{"href":"https:\/\/www.bougebouge.com\/en\/wp-json\/wp\/v2\/media?parent=39569"}],"curies":[{"name":"wp","href":"https:\/\/api.w.org\/{rel}","templated":true}]}}