{"id":38684,"date":"2021-10-22T12:39:45","date_gmt":"2021-10-22T16:39:45","guid":{"rendered":"https:\/\/www.bougebouge.com\/?page_id=38684"},"modified":"2021-10-22T12:45:26","modified_gmt":"2021-10-22T16:45:26","slug":"kathy-tremblay","status":"publish","type":"page","link":"https:\/\/www.bougebouge.com\/en\/kathy-tremblay\/","title":{"rendered":"Kathy Tremblay"},"content":{"rendered":"<div class=\"wpb-content-wrapper\"><p>[vc_row unlock_row=&#8221;&#8221; row_height_percent=&#8221;0&#8243; back_color=&#8221;color-xsdn&#8221; overlay_alpha=&#8221;50&#8243; gutter_size=&#8221;3&#8243; column_width_percent=&#8221;100&#8243; shift_y=&#8221;0&#8243; z_index=&#8221;0&#8243;][vc_column][vc_custom_heading text_height=&#8221;&#8221; text=&#8221;Kathy Tremblay invites you to running events&#8221;]Kathy Tremblay: BougeBouge Ambasador[\/vc_custom_heading][vc_column_text uncode_shortcode_id=&#8221;530757&#8243;]<\/p>\n<div class=\"pw-hidden-cp\">\n<p><img decoding=\"async\" class=\"alignright size-full wp-image-159\" src=\"https:\/\/www.bougebouge.com\/wp-content\/uploads\/2021\/10\/kathy-tremblay-altius-les-classiques.png\" alt=\"\" width=\"250\" height=\"375\" \/><\/p>\n<p>Double Olympian in triathlon (swim\/bike\/run), Kathy Tremblay has persevered and excelled in her field for seventeen years. An entrepreneur at heart, she has always surrounded herself with a high-performance team while searching for financial partners to reach the highest heights of her sport. With the experience she acquired with these partners, including Cascades, Saputo and Oakley, Kathy has broadened her knowledge of the world of work and the close link between elite sports and corporate performance.<\/p>\n<p>With a Bachelor of Arts degree from the Universit\u00e9 de Montr\u00e9al, Kathy Tremblay has earned three certificates, two at the Universit\u00e9 de Montr\u00e9al in Public Relations and Industrial Relations and another at HEC Montr\u00e9al in Business Creation. \u2028As early as 2006, Kathy planned to go into business and create a health and wellness program in the workplace, thereby leaving the values of health and balance to people in the workplace and to the next generation with the goal of optimizing human performance. However, it wasn&#8217;t until after her participation in two Olympic Games (Beijing, 2008 and London, 2012) that she officially decided to retire from amateur sport to go into business. Today, it is the passion to pursue this other dream just as ambitious as the Olympic Games that absorbs her.<\/p>\n<\/div>\n<p>[\/vc_column_text][vc_separator sep_color=&#8221;,Default&#8221;][vc_column_text]<\/p>\n<h2>Elite Sport<\/h2>\n<p>[\/vc_column_text][vc_row_inner][vc_column_inner width=&#8221;1\/3&#8243;][vc_column_text]<\/p>\n<div class=\"pw-hidden-cp\" style=\"text-align: center;\">\n<p><strong>2 x Olympian &#8211; Olympic Games Beijing, 2008 and London, 2012<\/strong><\/p>\n<p><strong>17 years of career in Triathlon<\/strong><\/p>\n<p><strong>Gold Medal Ishigaki World Cup &#8211; JAPAN 2012<\/strong><\/p>\n<p>Article from leSoleil July 19, 2020 by Jean-Fran\u00e7ois Tardif: Kathy Tremblay: a sport made for her personality<\/p>\n<\/div>\n<p>[\/vc_column_text][\/vc_column_inner][vc_column_inner width=&#8221;1\/3&#8243;][vc_column_text]<\/p>\n<h4>Victory<\/h4>\n<p>[\/vc_column_text][vc_gallery el_id=&#8221;gallery-833993&#8243; medias=&#8221;38699&#8243; gutter_size=&#8221;3&#8243; screen_lg=&#8221;1000&#8243; screen_md=&#8221;600&#8243; screen_sm=&#8221;480&#8243; single_overlay_opacity=&#8221;50&#8243; single_padding=&#8221;2&#8243; single_title_height=&#8221;&#8221; uncode_shortcode_id=&#8221;157455&#8243;][\/vc_column_inner][vc_column_inner width=&#8221;1\/3&#8243;][vc_column_text]<\/p>\n<h4>Portrait<\/h4>\n<p>[\/vc_column_text][vc_gallery el_id=&#8221;gallery-833993&#8243; medias=&#8221;38701&#8243; gutter_size=&#8221;3&#8243; screen_lg=&#8221;1000&#8243; screen_md=&#8221;600&#8243; screen_sm=&#8221;480&#8243; single_overlay_opacity=&#8221;50&#8243; single_padding=&#8221;2&#8243; single_title_height=&#8221;&#8221; uncode_shortcode_id=&#8221;209553&#8243;][\/vc_column_inner][\/vc_row_inner][\/vc_column][\/vc_row][vc_row unlock_row=&#8221;&#8221; row_height_percent=&#8221;0&#8243; back_color=&#8221;color-xsdn&#8221; overlay_alpha=&#8221;50&#8243; gutter_size=&#8221;3&#8243; column_width_percent=&#8221;100&#8243; shift_y=&#8221;0&#8243; z_index=&#8221;0&#8243;][vc_column][vc_separator sep_color=&#8221;,Default&#8221;][vc_row_inner][vc_column_inner width=&#8221;1\/2&#8243;][vc_column_text]<\/p>\n<h2>Trainings<\/h2>\n<div class=\"pw-hidden-cp\">\n<ul>\n<li>Dale Carnegie &#8211; Strategic Presentation (HIP) 2013<\/li>\n<li>B.A &#8211; HEC Montr\u00e9al &#8211; Business Creation, Public Relations, Industrial Relations<\/li>\n<li>Nutritious lifestyle &#8211; Kin\u00e9-Concept<\/li>\n<li><a href=\"https:\/\/www.linkedin.com\/in\/kathytremblayolympienne\/\">Linkedin Profile <\/a><\/li>\n<\/ul>\n<\/div>\n<p>[\/vc_column_text][\/vc_column_inner][vc_column_inner width=&#8221;1\/2&#8243;][vc_column_text]<\/p>\n<h2>Entrepreneurial Awards<\/h2>\n<div class=\"pw-hidden-cp\">\n<ul>\n<li>Kathy Tremblay, one of the eight must-have entrepreneurs of 2013, according to Premi\u00e8res en affaires: l&#8217;actualit\u00e9 des affaires au f\u00e9minin.<\/li>\n<li>Winner of the second prize in the 2013 Quebec Entrepreneurship Contest in the &#8220;Business Services&#8221; category Kathy Tremblay, founder and president of Team Altius.<\/li>\n<li><a href=\"https:\/\/www.linkedin.com\/in\/kathytremblayolympienne\/\">Linkedin Profile <\/a><\/li>\n<li><\/li>\n<\/ul>\n<\/div>\n<p>[\/vc_column_text][\/vc_column_inner][\/vc_row_inner][vc_column_text uncode_shortcode_id=&#8221;183956&#8243;]<\/p>\n<h2><img decoding=\"async\" class=\"alignleft size-full wp-image-163\" src=\"https:\/\/www.bougebouge.com\/wp-content\/uploads\/2021\/10\/kathy-tremblay-altius-les-classiques-2.png\" alt=\"\" width=\"150\" height=\"225\" \/>Passion: Health &amp; Communication<\/h2>\n<div class=\"pw-hidden-cp\">\n<p>I have always wanted to demonstrate that it is possible to perform while maintaining a balance between our personal life and professional field. Even though at several points in my athletic career I have suffered numerous physical injuries and burnout, I have always found ways to get back on my feet and regain the balance that is crucial to reaching peak performance. Considering that I have had a brilliant sports career with ups and downs, I would not change anything in my career if I had to start all over again. I have learned from my mistakes and progressed with my achievements.<\/p>\n<\/div>\n<p>[\/vc_column_text][vc_row_inner][vc_column_inner width=&#8221;1\/3&#8243;][vc_column_text]<\/p>\n<div class=\"pw-hidden-cp\">\n<h2>My motto:<\/h2>\n<h4>&#8220;You can&#8217;t buy success. You can neither steal it nor inherit it. You can only get it if you believe in it, work hard, take risks, and, ultimately, persevere. \u00bb<\/h4>\n<\/div>\n<p>[\/vc_column_text][\/vc_column_inner][vc_column_inner width=&#8221;2\/3&#8243;][vc_column_text]<\/p>\n<div class=\"pw-hidden-cp\">\n<h2>My experiences:<\/h2>\n<ul>\n<li>Speaker<br \/>\nSpokesperson for the March\u00e9 de solidarit\u00e9 r\u00e9gional de l&#8217;Outaouais<br \/>\nPresto Lunch Spokesperson<br \/>\nAmbassador Cascades, Saputo, Oakley, Asics<br \/>\nKick-off of the Relay for Life in Gatineau<\/li>\n<\/ul>\n<\/div>\n<p>[\/vc_column_text][\/vc_column_inner][\/vc_row_inner][\/vc_column][\/vc_row]<\/p>\n<\/div>","protected":false},"excerpt":{"rendered":"<p>[vc_row unlock_row=&#8221;&#8221; row_height_percent=&#8221;0&#8243; back_color=&#8221;color-xsdn&#8221; overlay_alpha=&#8221;50&#8243; gutter_size=&#8221;3&#8243; column_width_percent=&#8221;100&#8243; shift_y=&#8221;0&#8243; z_index=&#8221;0&#8243;][vc_column][vc_custom_heading text_height=&#8221;&#8221; text=&#8221;Kathy Tremblay invites you to running events&#8221;]Kathy Tremblay: BougeBouge Ambasador[\/vc_custom_heading][vc_column_text [&hellip;]<\/p>\n","protected":false},"author":1,"featured_media":0,"parent":0,"menu_order":0,"comment_status":"closed","ping_status":"closed","template":"","meta":{"_acf_changed":false,"footnotes":""},"class_list":["post-38684","page","type-page","status-publish","hentry"],"acf":[],"yoast_head":"<!-- This site is optimized with the Yoast SEO plugin v27.1.1 - https:\/\/yoast.com\/product\/yoast-seo-wordpress\/ -->\n<title>Kathy Tremblay - BougeBouge<\/title>\n<meta name=\"description\" content=\"Double olympienne en triathlon (natation\/v\u00e9lo\/course), Kathy Tremblay pers\u00e9v\u00e8re et excelle dans son domaine depuis dix-sept ans.\" \/>\n<meta name=\"robots\" content=\"index, follow, max-snippet:-1, max-image-preview:large, max-video-preview:-1\" \/>\n<link rel=\"canonical\" href=\"https:\/\/www.bougebouge.com\/en\/kathy-tremblay\/\" \/>\n<meta property=\"og:locale\" content=\"en_US\" \/>\n<meta property=\"og:type\" content=\"article\" \/>\n<meta property=\"og:title\" content=\"Kathy Tremblay - BougeBouge\" \/>\n<meta property=\"og:description\" content=\"Double olympienne en triathlon (natation\/v\u00e9lo\/course), Kathy Tremblay pers\u00e9v\u00e8re et excelle dans son domaine depuis dix-sept ans.\" \/>\n<meta property=\"og:url\" content=\"https:\/\/www.bougebouge.com\/en\/kathy-tremblay\/\" \/>\n<meta property=\"og:site_name\" content=\"BougeBouge\" \/>\n<meta property=\"article:publisher\" content=\"https:\/\/www.facebook.com\/BougeBougeYesWeCan\/\" \/>\n<meta property=\"article:modified_time\" content=\"2021-10-22T16:45:26+00:00\" \/>\n<meta property=\"og:image\" content=\"https:\/\/www.bougebouge.com\/wp-content\/uploads\/2021\/10\/kathy-tremblay-altius-les-classiques.png\" \/>\n<meta name=\"twitter:card\" content=\"summary_large_image\" \/>\n<meta name=\"twitter:label1\" content=\"Est. reading time\" \/>\n\t<meta name=\"twitter:data1\" content=\"3 minutes\" \/>\n<script type=\"application\/ld+json\" class=\"yoast-schema-graph\">{\"@context\":\"https:\/\/schema.org\",\"@graph\":[{\"@type\":\"WebPage\",\"@id\":\"https:\/\/www.bougebouge.com\/en\/kathy-tremblay\/\",\"url\":\"https:\/\/www.bougebouge.com\/en\/kathy-tremblay\/\",\"name\":\"Kathy Tremblay - BougeBouge\",\"isPartOf\":{\"@id\":\"https:\/\/www.bougebouge.com\/en\/#website\"},\"primaryImageOfPage\":{\"@id\":\"https:\/\/www.bougebouge.com\/en\/kathy-tremblay\/#primaryimage\"},\"image\":{\"@id\":\"https:\/\/www.bougebouge.com\/en\/kathy-tremblay\/#primaryimage\"},\"thumbnailUrl\":\"https:\/\/www.bougebouge.com\/wp-content\/uploads\/2021\/10\/kathy-tremblay-altius-les-classiques.png\",\"datePublished\":\"2021-10-22T16:39:45+00:00\",\"dateModified\":\"2021-10-22T16:45:26+00:00\",\"description\":\"Double olympienne en triathlon (natation\/v\u00e9lo\/course), Kathy Tremblay pers\u00e9v\u00e8re et excelle dans son domaine depuis dix-sept ans.\",\"breadcrumb\":{\"@id\":\"https:\/\/www.bougebouge.com\/en\/kathy-tremblay\/#breadcrumb\"},\"inLanguage\":\"en-US\",\"potentialAction\":[{\"@type\":\"ReadAction\",\"target\":[\"https:\/\/www.bougebouge.com\/en\/kathy-tremblay\/\"]}]},{\"@type\":\"ImageObject\",\"inLanguage\":\"en-US\",\"@id\":\"https:\/\/www.bougebouge.com\/en\/kathy-tremblay\/#primaryimage\",\"url\":\"https:\/\/www.bougebouge.com\/wp-content\/uploads\/2021\/10\/kathy-tremblay-altius-les-classiques.png\",\"contentUrl\":\"https:\/\/www.bougebouge.com\/wp-content\/uploads\/2021\/10\/kathy-tremblay-altius-les-classiques.png\"},{\"@type\":\"BreadcrumbList\",\"@id\":\"https:\/\/www.bougebouge.com\/en\/kathy-tremblay\/#breadcrumb\",\"itemListElement\":[{\"@type\":\"ListItem\",\"position\":1,\"name\":\"Accueil\",\"item\":\"https:\/\/www.bougebouge.com\/en\/\"},{\"@type\":\"ListItem\",\"position\":2,\"name\":\"Kathy Tremblay\"}]},{\"@type\":\"WebSite\",\"@id\":\"https:\/\/www.bougebouge.com\/en\/#website\",\"url\":\"https:\/\/www.bougebouge.com\/en\/\",\"name\":\"BougeBouge\",\"description\":\"Prevent physical dropout pour prevent and counter the physical inactivity rate among at-risk youth, families and retirees.\",\"publisher\":{\"@id\":\"https:\/\/www.bougebouge.com\/en\/#organization\"},\"potentialAction\":[{\"@type\":\"SearchAction\",\"target\":{\"@type\":\"EntryPoint\",\"urlTemplate\":\"https:\/\/www.bougebouge.com\/en\/?s={search_term_string}\"},\"query-input\":{\"@type\":\"PropertyValueSpecification\",\"valueRequired\":true,\"valueName\":\"search_term_string\"}}],\"inLanguage\":\"en-US\"},{\"@type\":\"Organization\",\"@id\":\"https:\/\/www.bougebouge.com\/en\/#organization\",\"name\":\"BougeBouge\",\"url\":\"https:\/\/www.bougebouge.com\/en\/\",\"logo\":{\"@type\":\"ImageObject\",\"inLanguage\":\"en-US\",\"@id\":\"https:\/\/www.bougebouge.com\/en\/#\/schema\/logo\/image\/\",\"url\":\"https:\/\/www.bougebouge.com\/wp-content\/uploads\/2021\/10\/logo-bougebouge-final-1.png\",\"contentUrl\":\"https:\/\/www.bougebouge.com\/wp-content\/uploads\/2021\/10\/logo-bougebouge-final-1.png\",\"width\":2048,\"height\":2048,\"caption\":\"BougeBouge\"},\"image\":{\"@id\":\"https:\/\/www.bougebouge.com\/en\/#\/schema\/logo\/image\/\"},\"sameAs\":[\"https:\/\/www.facebook.com\/BougeBougeYesWeCan\/\",\"https:\/\/www.youtube.com\/channel\/UCjmcznxAR6rWymUfr6h7EjA\"]}]}<\/script>\n<!-- \/ Yoast SEO plugin. -->","yoast_head_json":{"title":"Kathy Tremblay - BougeBouge","description":"Double olympienne en triathlon (natation\/v\u00e9lo\/course), Kathy Tremblay pers\u00e9v\u00e8re et excelle dans son domaine depuis dix-sept ans.","robots":{"index":"index","follow":"follow","max-snippet":"max-snippet:-1","max-image-preview":"max-image-preview:large","max-video-preview":"max-video-preview:-1"},"canonical":"https:\/\/www.bougebouge.com\/en\/kathy-tremblay\/","og_locale":"en_US","og_type":"article","og_title":"Kathy Tremblay - BougeBouge","og_description":"Double olympienne en triathlon (natation\/v\u00e9lo\/course), Kathy Tremblay pers\u00e9v\u00e8re et excelle dans son domaine depuis dix-sept ans.","og_url":"https:\/\/www.bougebouge.com\/en\/kathy-tremblay\/","og_site_name":"BougeBouge","article_publisher":"https:\/\/www.facebook.com\/BougeBougeYesWeCan\/","article_modified_time":"2021-10-22T16:45:26+00:00","og_image":[{"url":"https:\/\/www.bougebouge.com\/wp-content\/uploads\/2021\/10\/kathy-tremblay-altius-les-classiques.png","type":"","width":"","height":""}],"twitter_card":"summary_large_image","twitter_misc":{"Est. reading time":"3 minutes"},"schema":{"@context":"https:\/\/schema.org","@graph":[{"@type":"WebPage","@id":"https:\/\/www.bougebouge.com\/en\/kathy-tremblay\/","url":"https:\/\/www.bougebouge.com\/en\/kathy-tremblay\/","name":"Kathy Tremblay - BougeBouge","isPartOf":{"@id":"https:\/\/www.bougebouge.com\/en\/#website"},"primaryImageOfPage":{"@id":"https:\/\/www.bougebouge.com\/en\/kathy-tremblay\/#primaryimage"},"image":{"@id":"https:\/\/www.bougebouge.com\/en\/kathy-tremblay\/#primaryimage"},"thumbnailUrl":"https:\/\/www.bougebouge.com\/wp-content\/uploads\/2021\/10\/kathy-tremblay-altius-les-classiques.png","datePublished":"2021-10-22T16:39:45+00:00","dateModified":"2021-10-22T16:45:26+00:00","description":"Double olympienne en triathlon (natation\/v\u00e9lo\/course), Kathy Tremblay pers\u00e9v\u00e8re et excelle dans son domaine depuis dix-sept ans.","breadcrumb":{"@id":"https:\/\/www.bougebouge.com\/en\/kathy-tremblay\/#breadcrumb"},"inLanguage":"en-US","potentialAction":[{"@type":"ReadAction","target":["https:\/\/www.bougebouge.com\/en\/kathy-tremblay\/"]}]},{"@type":"ImageObject","inLanguage":"en-US","@id":"https:\/\/www.bougebouge.com\/en\/kathy-tremblay\/#primaryimage","url":"https:\/\/www.bougebouge.com\/wp-content\/uploads\/2021\/10\/kathy-tremblay-altius-les-classiques.png","contentUrl":"https:\/\/www.bougebouge.com\/wp-content\/uploads\/2021\/10\/kathy-tremblay-altius-les-classiques.png"},{"@type":"BreadcrumbList","@id":"https:\/\/www.bougebouge.com\/en\/kathy-tremblay\/#breadcrumb","itemListElement":[{"@type":"ListItem","position":1,"name":"Accueil","item":"https:\/\/www.bougebouge.com\/en\/"},{"@type":"ListItem","position":2,"name":"Kathy Tremblay"}]},{"@type":"WebSite","@id":"https:\/\/www.bougebouge.com\/en\/#website","url":"https:\/\/www.bougebouge.com\/en\/","name":"BougeBouge","description":"Prevent physical dropout pour prevent and counter the physical inactivity rate among at-risk youth, families and retirees.","publisher":{"@id":"https:\/\/www.bougebouge.com\/en\/#organization"},"potentialAction":[{"@type":"SearchAction","target":{"@type":"EntryPoint","urlTemplate":"https:\/\/www.bougebouge.com\/en\/?s={search_term_string}"},"query-input":{"@type":"PropertyValueSpecification","valueRequired":true,"valueName":"search_term_string"}}],"inLanguage":"en-US"},{"@type":"Organization","@id":"https:\/\/www.bougebouge.com\/en\/#organization","name":"BougeBouge","url":"https:\/\/www.bougebouge.com\/en\/","logo":{"@type":"ImageObject","inLanguage":"en-US","@id":"https:\/\/www.bougebouge.com\/en\/#\/schema\/logo\/image\/","url":"https:\/\/www.bougebouge.com\/wp-content\/uploads\/2021\/10\/logo-bougebouge-final-1.png","contentUrl":"https:\/\/www.bougebouge.com\/wp-content\/uploads\/2021\/10\/logo-bougebouge-final-1.png","width":2048,"height":2048,"caption":"BougeBouge"},"image":{"@id":"https:\/\/www.bougebouge.com\/en\/#\/schema\/logo\/image\/"},"sameAs":["https:\/\/www.facebook.com\/BougeBougeYesWeCan\/","https:\/\/www.youtube.com\/channel\/UCjmcznxAR6rWymUfr6h7EjA"]}]}},"_links":{"self":[{"href":"https:\/\/www.bougebouge.com\/en\/wp-json\/wp\/v2\/pages\/38684","targetHints":{"allow":["GET"]}}],"collection":[{"href":"https:\/\/www.bougebouge.com\/en\/wp-json\/wp\/v2\/pages"}],"about":[{"href":"https:\/\/www.bougebouge.com\/en\/wp-json\/wp\/v2\/types\/page"}],"author":[{"embeddable":true,"href":"https:\/\/www.bougebouge.com\/en\/wp-json\/wp\/v2\/users\/1"}],"replies":[{"embeddable":true,"href":"https:\/\/www.bougebouge.com\/en\/wp-json\/wp\/v2\/comments?post=38684"}],"version-history":[{"count":0,"href":"https:\/\/www.bougebouge.com\/en\/wp-json\/wp\/v2\/pages\/38684\/revisions"}],"wp:attachment":[{"href":"https:\/\/www.bougebouge.com\/en\/wp-json\/wp\/v2\/media?parent=38684"}],"curies":[{"name":"wp","href":"https:\/\/api.w.org\/{rel}","templated":true}]}}