{"id":38100,"date":"2019-08-06T13:24:13","date_gmt":"2019-08-06T17:24:13","guid":{"rendered":"https:\/\/www.bougebouge.com\/?page_id=38100"},"modified":"2026-01-13T15:03:44","modified_gmt":"2026-01-13T20:03:44","slug":"sport-events","status":"publish","type":"page","link":"https:\/\/www.bougebouge.com\/en\/","title":{"rendered":"Sport Events"},"content":{"rendered":"<div class=\"wpb-content-wrapper\"><p>[vc_row unlock_row_content=&#8221;yes&#8221; row_height_percent=&#8221;0&#8243; back_color=&#8221;color-xsdn&#8221; overlay_alpha=&#8221;50&#8243; gutter_size=&#8221;3&#8243; column_width_percent=&#8221;100&#8243; shift_y=&#8221;0&#8243; z_index=&#8221;0&#8243; content_parallax=&#8221;0&#8243; uncode_shortcode_id=&#8221;191194&#8243; back_color_type=&#8221;uncode-palette&#8221;][vc_column column_width_percent=&#8221;100&#8243; gutter_size=&#8221;3&#8243; overlay_alpha=&#8221;50&#8243; shift_x=&#8221;0&#8243; shift_y=&#8221;0&#8243; shift_y_down=&#8221;0&#8243; z_index=&#8221;0&#8243; medium_width=&#8221;0&#8243; mobile_width=&#8221;0&#8243;][vc_row_inner css=&#8221;.vc_custom_1524510901850{margin-top: 0px !important;margin-right: 8px !important;padding-top: 0px !important;}&#8221; el_class=&#8221;embleme-boite&#8221;][vc_column_inner width=&#8221;1\/6&#8243; css=&#8221;.vc_custom_1513184914276{margin-right: 0px !important;margin-left: 0px !important;}&#8221;][vc_single_image media=&#8221;501&#8243; media_width_use_pixel=&#8221;yes&#8221; alignment=&#8221;center&#8221; image=&#8221;10672&#8243; img_size=&#8221;&#8221; uncode_shortcode_id=&#8221;674717&#8243; media_width_pixel=&#8221;100&#8243;][vc_column_text uncode_shortcode_id=&#8221;438438&#8243;]<\/p>\n<h1 style=\"text-align: center;\"><span style=\"color: #f6d83e;\">MISSION<\/span><\/h1>\n<p style=\"text-align: left;\"><span style=\"font-weight: 400;\">To <strong>prevent<\/strong> physical <strong>activity dropout<\/strong> for the long term by building the foundations of self-determined <strong>motivation<\/strong>, promoting active and sustainable communities among <\/span><b>adolescents, young families, and retirees.<\/b><\/p>\n<p>[\/vc_column_text][\/vc_column_inner][vc_column_inner width=&#8221;1\/6&#8243;][vc_single_image media=&#8221;503&#8243; media_width_use_pixel=&#8221;yes&#8221; alignment=&#8221;center&#8221; image=&#8221;10672&#8243; img_size=&#8221;&#8221; uncode_shortcode_id=&#8221;204819&#8243; media_width_pixel=&#8221;100&#8243;][vc_column_text uncode_shortcode_id=&#8221;963067&#8243;]<\/p>\n<h1 style=\"text-align: center;\"><span style=\"color: #f6d83e;\">HOW<\/span><\/h1>\n<p style=\"text-align: left;\"><span style=\"font-weight: 400;\">BougeBouge develops and <strong>supports community<\/strong> projects to help individuals adopt healthy and sustainable lifestyle habits. By preventing physical activity dropout, we <strong>prevent chronic diseases<\/strong>. We take direct action within communities by: providing tools to promote active transportation among youth, supporting community mobilization, and introducing children to organized sports in their own neighborhoods.<\/span><\/p>\n<p>[\/vc_column_text][\/vc_column_inner][vc_column_inner width=&#8221;1\/6&#8243;][vc_single_image media=&#8221;506&#8243; media_width_use_pixel=&#8221;yes&#8221; alignment=&#8221;center&#8221; image=&#8221;10672&#8243; img_size=&#8221;&#8221; uncode_shortcode_id=&#8221;179852&#8243; media_width_pixel=&#8221;100&#8243;][vc_column_text uncode_shortcode_id=&#8221;528430&#8243;]<\/p>\n<h1 style=\"text-align: center;\"><span style=\"color: #f6d83e;\">TAKE ACTION<br \/>\n<\/span><\/h1>\n<p style=\"text-align: left;\"><span style=\"font-weight: 400;\">Do you want to be a catalyst for change in your community? It\u2019s easy! Support our mission by signing up for the<strong> BougeBouge event<\/strong> of your choice or by volunteering near you. Every contribution is a step toward active and sustainable communities.<\/span><\/p>\n<p>[\/vc_column_text][\/vc_column_inner][\/vc_row_inner][\/vc_column][\/vc_row][vc_row row_height_percent=&#8221;0&#8243; overlay_alpha=&#8221;50&#8243; gutter_size=&#8221;3&#8243; column_width_percent=&#8221;100&#8243; shift_y=&#8221;0&#8243; z_index=&#8221;0&#8243;][vc_column width=&#8221;1\/1&#8243;][vc_column_text uncode_shortcode_id=&#8221;186616&#8243;]<\/p>\n<h1 style=\"text-align: center;\"><span style=\"color: #f6d83e;\">JOIN US AT THE NEXT EVENT!<br \/>\n<\/span><\/h1>\n<p>[\/vc_column_text][vc_column_text uncode_shortcode_id=&#8221;405954&#8243;]<\/p>\n<p style=\"text-align: center;\"><div class=\"event-wrapper\"><div class=\"event-item\"><div class=\"event-thumb\"><a href=\"https:\/\/www.bougebouge.com\/en\/shop\/events\/festivals-en\/bougebouge-festival-ile-perrot-marathon-2026\/\"><img decoding=\"async\" width=\"1080\" height=\"1080\" src=\"https:\/\/www.bougebouge.com\/wp-content\/uploads\/2025\/11\/ile-perrot.jpg\" class=\"attachment-post-thumbnail size-post-thumbnail wp-post-image\" alt=\"BougeBouge course run marathon ile perrot\" srcset=\"https:\/\/www.bougebouge.com\/wp-content\/uploads\/2025\/11\/ile-perrot.jpg 1080w, https:\/\/www.bougebouge.com\/wp-content\/uploads\/2025\/11\/ile-perrot-300x300.jpg 300w, https:\/\/www.bougebouge.com\/wp-content\/uploads\/2025\/11\/ile-perrot-1024x1024.jpg 1024w, https:\/\/www.bougebouge.com\/wp-content\/uploads\/2025\/11\/ile-perrot-150x150.jpg 150w, https:\/\/www.bougebouge.com\/wp-content\/uploads\/2025\/11\/ile-perrot-768x768.jpg 768w, https:\/\/www.bougebouge.com\/wp-content\/uploads\/2025\/11\/ile-perrot-350x350.jpg 350w, https:\/\/www.bougebouge.com\/wp-content\/uploads\/2025\/11\/ile-perrot-348x348.jpg 348w, https:\/\/www.bougebouge.com\/wp-content\/uploads\/2025\/11\/ile-perrot-600x600.jpg 600w, https:\/\/www.bougebouge.com\/wp-content\/uploads\/2025\/11\/ile-perrot-100x100.jpg 100w\" sizes=\"(max-width: 1080px) 100vw, 1080px\" \/><\/a><\/div><div class=\"event-content\"><div style=\"padding:10px;\"><\/div><div style=\"padding:20px;\"><p style=\"margin-top:0;font-size:15px;font-weight:bold;text-transform:uppercase;color:#072a3a;display:inline-block;padding:5px;border:1px solid #072a3a\"><i class=\"fa fa-calendar-o fa-1x fa-fw\"><\/i> 3 May 2026<\/p><h3 class=\"h4\" style=\"margin-top:5px;margin-bottom:10px;font-weight:700;text-transform:uppercase;\"><a href=\"https:\/\/www.bougebouge.com\/en\/shop\/events\/festivals-en\/bougebouge-festival-ile-perrot-marathon-2026\/\">2026 BougeBouge Festival &#038; Ile Perrot Marathon<\/a><\/h3><div class=\"event-categories\"><a href=\"https:\/\/www.bougebouge.com\/en\/events\/?event_cat=festivals-en\" class=\"event-category festivals-en\">Festivals multisports<\/a><\/div><\/div><a class=\"custom-link btn btn-no-scale border-width-0 btn-color-119807 btn-block btn-icon-left btn-sm\" href=\"https:\/\/www.bougebouge.com\/en\/shop\/events\/festivals-en\/bougebouge-festival-ile-perrot-marathon-2026\/\">Buy Tickets<\/a><\/div><\/div><div class=\"event-item\"><div class=\"event-thumb\"><a href=\"https:\/\/www.bougebouge.com\/en\/shop\/events\/festivals-en\/bougebouge-outaouais-festival-and-world-cultures-2026\/\"><img decoding=\"async\" width=\"1080\" height=\"1080\" src=\"https:\/\/www.bougebouge.com\/wp-content\/uploads\/2025\/11\/outaouais.jpg\" class=\"attachment-post-thumbnail size-post-thumbnail wp-post-image\" alt=\"BougeBouge course run Outaouais sports festival\" srcset=\"https:\/\/www.bougebouge.com\/wp-content\/uploads\/2025\/11\/outaouais.jpg 1080w, https:\/\/www.bougebouge.com\/wp-content\/uploads\/2025\/11\/outaouais-300x300.jpg 300w, https:\/\/www.bougebouge.com\/wp-content\/uploads\/2025\/11\/outaouais-1024x1024.jpg 1024w, https:\/\/www.bougebouge.com\/wp-content\/uploads\/2025\/11\/outaouais-150x150.jpg 150w, https:\/\/www.bougebouge.com\/wp-content\/uploads\/2025\/11\/outaouais-768x768.jpg 768w, https:\/\/www.bougebouge.com\/wp-content\/uploads\/2025\/11\/outaouais-350x350.jpg 350w, https:\/\/www.bougebouge.com\/wp-content\/uploads\/2025\/11\/outaouais-348x348.jpg 348w, https:\/\/www.bougebouge.com\/wp-content\/uploads\/2025\/11\/outaouais-600x600.jpg 600w, https:\/\/www.bougebouge.com\/wp-content\/uploads\/2025\/11\/outaouais-100x100.jpg 100w\" sizes=\"(max-width: 1080px) 100vw, 1080px\" \/><\/a><\/div><div class=\"event-content\"><div style=\"padding:10px;\"><\/div><div style=\"padding:20px;\"><p style=\"margin-top:0;font-size:15px;font-weight:bold;text-transform:uppercase;color:#072a3a;display:inline-block;padding:5px;border:1px solid #072a3a\"><i class=\"fa fa-calendar-o fa-1x fa-fw\"><\/i> 10 May 2026<\/p><h3 class=\"h4\" style=\"margin-top:5px;margin-bottom:10px;font-weight:700;text-transform:uppercase;\"><a href=\"https:\/\/www.bougebouge.com\/en\/shop\/events\/festivals-en\/bougebouge-outaouais-festival-and-world-cultures-2026\/\">2026 BougeBouge Outaouais Festival and World Cultures<\/a><\/h3><div class=\"event-categories\"><a href=\"https:\/\/www.bougebouge.com\/en\/events\/?event_cat=festivals-en\" class=\"event-category festivals-en\">Festivals multisports<\/a><\/div><\/div><a class=\"custom-link btn btn-no-scale border-width-0 btn-color-119807 btn-block btn-icon-left btn-sm\" href=\"https:\/\/www.bougebouge.com\/en\/shop\/events\/festivals-en\/bougebouge-outaouais-festival-and-world-cultures-2026\/\">Buy Tickets<\/a><\/div><\/div><\/div>\n<p>[\/vc_column_text][\/vc_column][\/vc_row][vc_row unlock_row_content=&#8221;yes&#8221; row_height_percent=&#8221;0&#8243; override_padding=&#8221;yes&#8221; h_padding=&#8221;0&#8243; top_padding=&#8221;2&#8243; bottom_padding=&#8221;2&#8243; back_image=&#8221;45&#8243; back_repeat=&#8221;no-repeat&#8221; back_attachment=&#8221;fixed&#8221; back_position=&#8221;center center&#8221; parallax=&#8221;yes&#8221; overlay_alpha=&#8221;50&#8243; gutter_size=&#8221;3&#8243; column_width_percent=&#8221;100&#8243; shift_y=&#8221;0&#8243; z_index=&#8221;0&#8243; full_width=&#8221;stretch_row_content_no_spaces&#8221; content_placement=&#8221;middle&#8221; parallax_image=&#8221;10667&#8243; uncode_shortcode_id=&#8221;143817&#8243;][vc_column][vc_column_text uncode_shortcode_id=&#8221;356286&#8243;]<\/p>\n<h1 style=\"text-align: center;\"><span style=\"color: #f6d83e;\"> BETTER TOGETHER \u201cYES WE CAN\u201d<\/span><\/h1>\n<p>[\/vc_column_text][vc_row_inner row_inner_height_percent=&#8221;0&#8243; overlay_alpha=&#8221;50&#8243; equal_height=&#8221;yes&#8221; gutter_size=&#8221;3&#8243; shift_y=&#8221;0&#8243; z_index=&#8221;0&#8243; content_placement=&#8221;middle&#8221; gap=&#8221;35&#8243; css=&#8221;.vc_custom_1565034379820{padding-right: 10% !important;padding-left: 10% !important;}&#8221;][vc_column_inner column_width_percent=&#8221;100&#8243; gutter_size=&#8221;3&#8243; style=&#8221;dark&#8221; overlay_alpha=&#8221;50&#8243; shift_x=&#8221;0&#8243; shift_y=&#8221;0&#8243; shift_y_down=&#8221;0&#8243; z_index=&#8221;0&#8243; medium_width=&#8221;0&#8243; mobile_width=&#8221;0&#8243; width=&#8221;1\/3&#8243;][vc_column_text uncode_shortcode_id=&#8221;126134&#8243;]<\/p>\n<h4 class=\"p1\" style=\"text-align: right;\"><span style=\"color: #ffffff;\"><span class=\"s1\">BougeBouge is a community organization that develops and supports active lifestyles by providing experiences based on established principles of motivation.<\/span><\/span><\/h4>\n<p>&nbsp;<\/p>\n<h4 style=\"text-align: right;\"><span style=\"color: #ffffff;\">The mission of our organization is to prevent physical dropout among adolescents, young families and retirees. We bring people together by providing support and education, developing their individual sense of competence and self-reliance while creating sustainable active living within communities.<br \/>\n<\/span><\/h4>\n<p>[\/vc_column_text][\/vc_column_inner][vc_column_inner column_width_percent=&#8221;100&#8243; position_vertical=&#8221;middle&#8221; align_horizontal=&#8221;align_center&#8221; gutter_size=&#8221;3&#8243; expand_height=&#8221;yes&#8221; overlay_alpha=&#8221;50&#8243; shift_x=&#8221;0&#8243; shift_y=&#8221;0&#8243; shift_y_down=&#8221;0&#8243; z_index=&#8221;0&#8243; medium_width=&#8221;0&#8243; mobile_width=&#8221;0&#8243; width=&#8221;1\/3&#8243; css=&#8221;.vc_custom_1565034419617{padding-right: 15% !important;padding-left: 15% !important;}&#8221;][vc_single_image media=&#8221;508&#8243; media_width_percent=&#8221;100&#8243; alignment=&#8221;center&#8221; image=&#8221;10713&#8243; img_size=&#8221;full&#8221; uncode_shortcode_id=&#8221;145333&#8243;][\/vc_column_inner][vc_column_inner column_width_percent=&#8221;100&#8243; gutter_size=&#8221;3&#8243; style=&#8221;dark&#8221; overlay_alpha=&#8221;50&#8243; shift_x=&#8221;0&#8243; shift_y=&#8221;0&#8243; shift_y_down=&#8221;0&#8243; z_index=&#8221;0&#8243; medium_width=&#8221;0&#8243; mobile_width=&#8221;0&#8243; width=&#8221;1\/3&#8243;][vc_column_text uncode_shortcode_id=&#8221;636020&#8243;]<\/p>\n<div>\n<p><span style=\"color: #ffffff;\"><span style=\"color: #ffffff;\">Our<b> virtues and values :<\/b><\/span><\/span><\/p>\n<ul>\n<li><span style=\"color: #ffffff;\"><strong>One step at a time<\/strong> \u2013 humility and empathy: our ambitions are realistic and we accomplish our goals respecting the limitations of each and every one.<\/span><\/li>\n<li><span style=\"color: #ffffff;\"><strong>If you want, you can<\/strong> \u2013 optimism and perseverance: we believe in the will and capabilities of each individual to get engaged.<\/span><\/li>\n<li><span style=\"color: #ffffff;\"><strong><strong>Better together\u00a0\u2013<\/strong> <\/strong>\u00a0fun and cooperation: we believe it is better to celebrate a success as a team than to shoulder a failure alone.<\/span><\/li>\n<\/ul>\n<\/div>\n<div><span style=\"color: #ffffff;\"><b><strong>Our voice, our personality<\/strong> \u2013 We are optimistic and inclusive.<\/b><\/span><\/div>\n<p><span style=\"color: #ffffff;\">This mantra expresses who we are and our approach towards individuals and communities : <strong>\u201cYes we can\u201d<\/strong><\/span>[\/vc_column_text][\/vc_column_inner][\/vc_row_inner][\/vc_column][\/vc_row][vc_row row_height_percent=&#8221;0&#8243; back_color=&#8221;color-142629&#8243; overlay_alpha=&#8221;50&#8243; gutter_size=&#8221;3&#8243; column_width_percent=&#8221;100&#8243; shift_y=&#8221;0&#8243; z_index=&#8221;0&#8243; uncode_shortcode_id=&#8221;122239&#8243; back_color_type=&#8221;uncode-palette&#8221;][vc_column column_width_percent=&#8221;100&#8243; align_horizontal=&#8221;align_center&#8221; gutter_size=&#8221;3&#8243; overlay_alpha=&#8221;50&#8243; shift_x=&#8221;0&#8243; shift_y=&#8221;0&#8243; shift_y_down=&#8221;0&#8243; z_index=&#8221;0&#8243; medium_width=&#8221;0&#8243; mobile_width=&#8221;0&#8243; width=&#8221;1\/1&#8243; uncode_shortcode_id=&#8221;235751&#8243;][vc_single_image media=&#8221;509&#8243; media_width_use_pixel=&#8221;yes&#8221; alignment=&#8221;center&#8221; media_width_pixel=&#8221;200&#8243; uncode_shortcode_id=&#8221;997899&#8243;][vc_column_text uncode_shortcode_id=&#8221;133519&#8243;]BougeBouge is an organization created, directed and inspired by the double triathlon Olympic athlete, <a href=\"https:\/\/www.bougebouge.com\/en\/kathy-tremblay\/\">Kathy Tremblay<\/a>. As a follow-up to other successful youth-targeted programs, BougeBouge offers \u201cThe Classics\u201d circuit. These are sporting events for everyone which include 1km, 2km, 5km, 10km, and 21km races, as well as yoga, Zumba, Pound, BootCamp and more. Discover new initiatives, disciplines, courses or clubs near you![\/vc_column_text][\/vc_column][\/vc_row][vc_row row_height_percent=&#8221;0&#8243; overlay_alpha=&#8221;50&#8243; gutter_size=&#8221;3&#8243; column_width_percent=&#8221;100&#8243; shift_y=&#8221;0&#8243; z_index=&#8221;0&#8243; uncode_shortcode_id=&#8221;386402&#8243;][vc_column column_width_percent=&#8221;100&#8243; position_vertical=&#8221;middle&#8221; gutter_size=&#8221;2&#8243; overlay_alpha=&#8221;50&#8243; shift_x=&#8221;0&#8243; shift_y=&#8221;0&#8243; shift_y_down=&#8221;0&#8243; z_index=&#8221;0&#8243; align_medium=&#8221;align_center_tablet&#8221; medium_width=&#8221;0&#8243; align_mobile=&#8221;align_center_mobile&#8221; mobile_width=&#8221;0&#8243; width=&#8221;1\/3&#8243;][vc_custom_heading text_size=&#8221;h3&#8243; text_height=&#8221;&#8221; subheading=&#8221;Never miss our latest news and event updates!&#8221; uncode_shortcode_id=&#8221;182464&#8243;]Subscribe to our newsletter[\/vc_custom_heading][\/vc_column][vc_column column_width_percent=&#8221;100&#8243; gutter_size=&#8221;3&#8243; overlay_alpha=&#8221;50&#8243; shift_x=&#8221;0&#8243; shift_y=&#8221;0&#8243; shift_y_down=&#8221;0&#8243; z_index=&#8221;0&#8243; align_medium=&#8221;align_center_tablet&#8221; medium_width=&#8221;0&#8243; align_mobile=&#8221;align_center_mobile&#8221; mobile_width=&#8221;0&#8243; width=&#8221;2\/3&#8243;][vc_raw_html]JTVCbWM0d3BfZm9ybSUyMGlkJTNEJTIyMzgwMTQlMjIlNUQ=[\/vc_raw_html][\/vc_column][\/vc_row][vc_row row_height_percent=&#8221;0&#8243; back_color=&#8221;color-xsdn&#8221; overlay_alpha=&#8221;50&#8243; gutter_size=&#8221;3&#8243; column_width_percent=&#8221;100&#8243; shift_y=&#8221;0&#8243; z_index=&#8221;0&#8243;][vc_column column_width_percent=&#8221;100&#8243; align_horizontal=&#8221;align_center&#8221; gutter_size=&#8221;3&#8243; overlay_alpha=&#8221;50&#8243; shift_x=&#8221;0&#8243; shift_y=&#8221;0&#8243; shift_y_down=&#8221;0&#8243; z_index=&#8221;0&#8243; medium_width=&#8221;0&#8243; mobile_width=&#8221;0&#8243; width=&#8221;1\/1&#8243;][vc_custom_heading text_height=&#8221;&#8221; uncode_shortcode_id=&#8221;815542&#8243;]Our Sponsors[\/vc_custom_heading][vc_raw_html]JTVCbG9nb3Nob3djYXNlJTIwZGVzaWduJTNEJTIyZGVzaWduLTIlMjIlMjBzbGlkZXNfY29sdW1uJTNEJTIyNiUyMiUyMGNhdF9pZCUzRCUyMjIlMjIlMjBpbWFnZV9zaXplJTNEJTIyc21hbGwlMjIlMjBzaG93X3RpdGxlJTNEJTIyZmFsc2UlMjIlMjB0aWNrZXIlM0QlMjJ0cnVlJTIyJTIwc3BlZWQlM0QlMjIzMDAwJTIyJTIwbGlua190YXJnZXQlM0QlMjJibGFuayUyMiUyMGxvb3AlM0QlMjJ0cnVlJTIyJTVE[\/vc_raw_html][\/vc_column][\/vc_row]<\/p>\n<\/div>","protected":false},"excerpt":{"rendered":"<p>[vc_row unlock_row_content=&#8221;yes&#8221; row_height_percent=&#8221;0&#8243; back_color=&#8221;color-xsdn&#8221; overlay_alpha=&#8221;50&#8243; gutter_size=&#8221;3&#8243; column_width_percent=&#8221;100&#8243; shift_y=&#8221;0&#8243; z_index=&#8221;0&#8243; content_parallax=&#8221;0&#8243; uncode_shortcode_id=&#8221;191194&#8243; back_color_type=&#8221;uncode-palette&#8221;][vc_column column_width_percent=&#8221;100&#8243; gutter_size=&#8221;3&#8243; overlay_alpha=&#8221;50&#8243; shift_x=&#8221;0&#8243; shift_y=&#8221;0&#8243; shift_y_down=&#8221;0&#8243; z_index=&#8221;0&#8243; medium_width=&#8221;0&#8243; [&hellip;]<\/p>\n","protected":false},"author":4,"featured_media":0,"parent":0,"menu_order":0,"comment_status":"closed","ping_status":"closed","template":"","meta":{"_acf_changed":false,"footnotes":""},"class_list":["post-38100","page","type-page","status-publish","hentry"],"acf":[],"yoast_head":"<!-- This site is optimized with the Yoast SEO plugin v27.1.1 - https:\/\/yoast.com\/product\/yoast-seo-wordpress\/ -->\n<title>Sport Events - BougeBouge<\/title>\n<meta name=\"description\" content=\"Sport Events - D\u00e9couvrez nos \u00e9v\u00e9nements de course, les Aventures, les clubs de course et bien plus!\" \/>\n<meta name=\"robots\" content=\"index, follow, max-snippet:-1, max-image-preview:large, max-video-preview:-1\" \/>\n<link rel=\"canonical\" href=\"https:\/\/www.bougebouge.com\/en\/\" \/>\n<meta property=\"og:locale\" content=\"en_US\" \/>\n<meta property=\"og:type\" content=\"article\" \/>\n<meta property=\"og:title\" content=\"Sport Events - BougeBouge\" \/>\n<meta property=\"og:description\" content=\"Sport Events - D\u00e9couvrez nos \u00e9v\u00e9nements de course, les Aventures, les clubs de course et bien plus!\" \/>\n<meta property=\"og:url\" content=\"https:\/\/www.bougebouge.com\/en\/\" \/>\n<meta property=\"og:site_name\" content=\"BougeBouge\" \/>\n<meta property=\"article:publisher\" content=\"https:\/\/www.facebook.com\/BougeBougeYesWeCan\/\" \/>\n<meta property=\"article:modified_time\" content=\"2026-01-13T20:03:44+00:00\" \/>\n<meta property=\"og:image\" content=\"https:\/\/www.bougebouge.com\/wp-content\/uploads\/2021\/10\/screenshot.jpg\" \/>\n\t<meta property=\"og:image:width\" content=\"880\" \/>\n\t<meta property=\"og:image:height\" content=\"660\" \/>\n\t<meta property=\"og:image:type\" content=\"image\/jpeg\" \/>\n<meta name=\"twitter:card\" content=\"summary_large_image\" \/>\n<meta name=\"twitter:label1\" content=\"Est. reading time\" \/>\n\t<meta name=\"twitter:data1\" content=\"4 minutes\" \/>\n<script type=\"application\/ld+json\" class=\"yoast-schema-graph\">{\"@context\":\"https:\/\/schema.org\",\"@graph\":[{\"@type\":\"WebPage\",\"@id\":\"https:\/\/www.bougebouge.com\/en\/\",\"url\":\"https:\/\/www.bougebouge.com\/en\/\",\"name\":\"Sport Events - BougeBouge\",\"isPartOf\":{\"@id\":\"https:\/\/www.bougebouge.com\/en\/#website\"},\"datePublished\":\"2019-08-06T17:24:13+00:00\",\"dateModified\":\"2026-01-13T20:03:44+00:00\",\"description\":\"Sport Events - D\u00e9couvrez nos \u00e9v\u00e9nements de course, les Aventures, les clubs de course et bien plus!\",\"breadcrumb\":{\"@id\":\"https:\/\/www.bougebouge.com\/en\/#breadcrumb\"},\"inLanguage\":\"en-US\",\"potentialAction\":[{\"@type\":\"ReadAction\",\"target\":[\"https:\/\/www.bougebouge.com\/en\/\"]}]},{\"@type\":\"BreadcrumbList\",\"@id\":\"https:\/\/www.bougebouge.com\/en\/#breadcrumb\",\"itemListElement\":[{\"@type\":\"ListItem\",\"position\":1,\"name\":\"Accueil\",\"item\":\"https:\/\/www.bougebouge.com\/en\/\"},{\"@type\":\"ListItem\",\"position\":2,\"name\":\"Sport Events\"}]},{\"@type\":\"WebSite\",\"@id\":\"https:\/\/www.bougebouge.com\/en\/#website\",\"url\":\"https:\/\/www.bougebouge.com\/en\/\",\"name\":\"BougeBouge\",\"description\":\"Prevent physical dropout pour prevent and counter the physical inactivity rate among at-risk youth, families and retirees.\",\"publisher\":{\"@id\":\"https:\/\/www.bougebouge.com\/en\/#organization\"},\"potentialAction\":[{\"@type\":\"SearchAction\",\"target\":{\"@type\":\"EntryPoint\",\"urlTemplate\":\"https:\/\/www.bougebouge.com\/en\/?s={search_term_string}\"},\"query-input\":{\"@type\":\"PropertyValueSpecification\",\"valueRequired\":true,\"valueName\":\"search_term_string\"}}],\"inLanguage\":\"en-US\"},{\"@type\":\"Organization\",\"@id\":\"https:\/\/www.bougebouge.com\/en\/#organization\",\"name\":\"BougeBouge\",\"url\":\"https:\/\/www.bougebouge.com\/en\/\",\"logo\":{\"@type\":\"ImageObject\",\"inLanguage\":\"en-US\",\"@id\":\"https:\/\/www.bougebouge.com\/en\/#\/schema\/logo\/image\/\",\"url\":\"https:\/\/www.bougebouge.com\/wp-content\/uploads\/2021\/10\/logo-bougebouge-final-1.png\",\"contentUrl\":\"https:\/\/www.bougebouge.com\/wp-content\/uploads\/2021\/10\/logo-bougebouge-final-1.png\",\"width\":2048,\"height\":2048,\"caption\":\"BougeBouge\"},\"image\":{\"@id\":\"https:\/\/www.bougebouge.com\/en\/#\/schema\/logo\/image\/\"},\"sameAs\":[\"https:\/\/www.facebook.com\/BougeBougeYesWeCan\/\",\"https:\/\/www.youtube.com\/channel\/UCjmcznxAR6rWymUfr6h7EjA\"]}]}<\/script>\n<!-- \/ Yoast SEO plugin. -->","yoast_head_json":{"title":"Sport Events - BougeBouge","description":"Sport Events - D\u00e9couvrez nos \u00e9v\u00e9nements de course, les Aventures, les clubs de course et bien plus!","robots":{"index":"index","follow":"follow","max-snippet":"max-snippet:-1","max-image-preview":"max-image-preview:large","max-video-preview":"max-video-preview:-1"},"canonical":"https:\/\/www.bougebouge.com\/en\/","og_locale":"en_US","og_type":"article","og_title":"Sport Events - BougeBouge","og_description":"Sport Events - D\u00e9couvrez nos \u00e9v\u00e9nements de course, les Aventures, les clubs de course et bien plus!","og_url":"https:\/\/www.bougebouge.com\/en\/","og_site_name":"BougeBouge","article_publisher":"https:\/\/www.facebook.com\/BougeBougeYesWeCan\/","article_modified_time":"2026-01-13T20:03:44+00:00","og_image":[{"width":880,"height":660,"url":"https:\/\/www.bougebouge.com\/wp-content\/uploads\/2021\/10\/screenshot.jpg","type":"image\/jpeg"}],"twitter_card":"summary_large_image","twitter_misc":{"Est. reading time":"4 minutes"},"schema":{"@context":"https:\/\/schema.org","@graph":[{"@type":"WebPage","@id":"https:\/\/www.bougebouge.com\/en\/","url":"https:\/\/www.bougebouge.com\/en\/","name":"Sport Events - BougeBouge","isPartOf":{"@id":"https:\/\/www.bougebouge.com\/en\/#website"},"datePublished":"2019-08-06T17:24:13+00:00","dateModified":"2026-01-13T20:03:44+00:00","description":"Sport Events - D\u00e9couvrez nos \u00e9v\u00e9nements de course, les Aventures, les clubs de course et bien plus!","breadcrumb":{"@id":"https:\/\/www.bougebouge.com\/en\/#breadcrumb"},"inLanguage":"en-US","potentialAction":[{"@type":"ReadAction","target":["https:\/\/www.bougebouge.com\/en\/"]}]},{"@type":"BreadcrumbList","@id":"https:\/\/www.bougebouge.com\/en\/#breadcrumb","itemListElement":[{"@type":"ListItem","position":1,"name":"Accueil","item":"https:\/\/www.bougebouge.com\/en\/"},{"@type":"ListItem","position":2,"name":"Sport Events"}]},{"@type":"WebSite","@id":"https:\/\/www.bougebouge.com\/en\/#website","url":"https:\/\/www.bougebouge.com\/en\/","name":"BougeBouge","description":"Prevent physical dropout pour prevent and counter the physical inactivity rate among at-risk youth, families and retirees.","publisher":{"@id":"https:\/\/www.bougebouge.com\/en\/#organization"},"potentialAction":[{"@type":"SearchAction","target":{"@type":"EntryPoint","urlTemplate":"https:\/\/www.bougebouge.com\/en\/?s={search_term_string}"},"query-input":{"@type":"PropertyValueSpecification","valueRequired":true,"valueName":"search_term_string"}}],"inLanguage":"en-US"},{"@type":"Organization","@id":"https:\/\/www.bougebouge.com\/en\/#organization","name":"BougeBouge","url":"https:\/\/www.bougebouge.com\/en\/","logo":{"@type":"ImageObject","inLanguage":"en-US","@id":"https:\/\/www.bougebouge.com\/en\/#\/schema\/logo\/image\/","url":"https:\/\/www.bougebouge.com\/wp-content\/uploads\/2021\/10\/logo-bougebouge-final-1.png","contentUrl":"https:\/\/www.bougebouge.com\/wp-content\/uploads\/2021\/10\/logo-bougebouge-final-1.png","width":2048,"height":2048,"caption":"BougeBouge"},"image":{"@id":"https:\/\/www.bougebouge.com\/en\/#\/schema\/logo\/image\/"},"sameAs":["https:\/\/www.facebook.com\/BougeBougeYesWeCan\/","https:\/\/www.youtube.com\/channel\/UCjmcznxAR6rWymUfr6h7EjA"]}]}},"_links":{"self":[{"href":"https:\/\/www.bougebouge.com\/en\/wp-json\/wp\/v2\/pages\/38100","targetHints":{"allow":["GET"]}}],"collection":[{"href":"https:\/\/www.bougebouge.com\/en\/wp-json\/wp\/v2\/pages"}],"about":[{"href":"https:\/\/www.bougebouge.com\/en\/wp-json\/wp\/v2\/types\/page"}],"author":[{"embeddable":true,"href":"https:\/\/www.bougebouge.com\/en\/wp-json\/wp\/v2\/users\/4"}],"replies":[{"embeddable":true,"href":"https:\/\/www.bougebouge.com\/en\/wp-json\/wp\/v2\/comments?post=38100"}],"version-history":[{"count":8,"href":"https:\/\/www.bougebouge.com\/en\/wp-json\/wp\/v2\/pages\/38100\/revisions"}],"predecessor-version":[{"id":105145,"href":"https:\/\/www.bougebouge.com\/en\/wp-json\/wp\/v2\/pages\/38100\/revisions\/105145"}],"wp:attachment":[{"href":"https:\/\/www.bougebouge.com\/en\/wp-json\/wp\/v2\/media?parent=38100"}],"curies":[{"name":"wp","href":"https:\/\/api.w.org\/{rel}","templated":true}]}}