{"id":38044,"date":"2021-02-23T08:46:53","date_gmt":"2021-02-23T13:46:53","guid":{"rendered":"https:\/\/www.bougebouge.com\/?page_id=38044"},"modified":"2022-04-25T11:00:00","modified_gmt":"2022-04-25T15:00:00","slug":"bougebouge-running-clubs-social-franchises","status":"publish","type":"page","link":"https:\/\/www.bougebouge.com\/en\/bougebouge-running-clubs-social-franchises\/","title":{"rendered":"BougeBouge running clubs &#8211; Social franchises"},"content":{"rendered":"<div class=\"wpb-content-wrapper\"><p>[vc_row row_height_percent=&#8221;12&#8243; override_padding=&#8221;yes&#8221; h_padding=&#8221;2&#8243; top_padding=&#8221;2&#8243; bottom_padding=&#8221;2&#8243; back_color=&#8221;accent&#8221; overlay_alpha=&#8221;50&#8243; gutter_size=&#8221;3&#8243; column_width_percent=&#8221;100&#8243; shift_y=&#8221;0&#8243; z_index=&#8221;0&#8243;][vc_column column_width_percent=&#8221;100&#8243; position_vertical=&#8221;middle&#8221; gutter_size=&#8221;3&#8243; overlay_alpha=&#8221;50&#8243; shift_x=&#8221;0&#8243; shift_y=&#8221;0&#8243; shift_y_down=&#8221;0&#8243; z_index=&#8221;0&#8243; medium_width=&#8221;0&#8243; mobile_width=&#8221;0&#8243; width=&#8221;1\/1&#8243;][vc_custom_heading text_height=&#8221;&#8221;]Get involved in your community and launch your turn-key running club![\/vc_custom_heading][\/vc_column][\/vc_row][vc_row row_height_percent=&#8221;0&#8243; back_color=&#8221;color-xsdn&#8221; overlay_alpha=&#8221;50&#8243; gutter_size=&#8221;3&#8243; column_width_percent=&#8221;100&#8243; shift_y=&#8221;0&#8243; z_index=&#8221;0&#8243;][vc_column column_width_percent=&#8221;100&#8243; gutter_size=&#8221;3&#8243; overlay_alpha=&#8221;50&#8243; shift_x=&#8221;0&#8243; shift_y=&#8221;0&#8243; shift_y_down=&#8221;0&#8243; z_index=&#8221;0&#8243; medium_width=&#8221;0&#8243; mobile_width=&#8221;0&#8243; width=&#8221;1\/3&#8243;][vc_custom_heading heading_semantic=&#8221;h3&#8243; text_size=&#8221;h3&#8243; text_height=&#8221;&#8221;]The financial and strategic advantages of a franchise[\/vc_custom_heading][uncode_list icon=&#8221;fa fa-check&#8221; icon_color=&#8221;accent&#8221;]<\/p>\n<ul>\n<li>Sharing professionals with expertise in different fields such as graphic design, communication, erb, etc.<\/li>\n<li>Negotiating agreements with common suppliers to reduce costs;<\/li>\n<li>The development of computer and automation tools for franchisees;<\/li>\n<li>The development of a joint promotional campaign;<\/li>\n<li>Jointly conduct research and development activities on local issues in the fight against physical dropout.<\/li>\n<\/ul>\n<p>[\/uncode_list][vc_button border_width=&#8221;0&#8243; link=&#8221;url:https%3A%2F%2Fwww.bougebouge.com%2Ffranchise-sociale%2F|||&#8221;]More infos[\/vc_button][\/vc_column][vc_column column_width_percent=&#8221;100&#8243; gutter_size=&#8221;3&#8243; overlay_alpha=&#8221;50&#8243; shift_x=&#8221;0&#8243; shift_y=&#8221;0&#8243; shift_y_down=&#8221;0&#8243; z_index=&#8221;0&#8243; medium_width=&#8221;0&#8243; mobile_width=&#8221;0&#8243; width=&#8221;2\/3&#8243; uncode_shortcode_id=&#8221;453396&#8243;][vc_custom_heading heading_semantic=&#8221;h3&#8243; text_size=&#8221;h3&#8243; text_height=&#8221;&#8221;]What is a social franchise?[\/vc_custom_heading][vc_column_text]<strong>A social franchise is a partnership in which franchisees (running clubs) use the successful BougeBouge business concept in exchange for a basic agreement to create an independent running club. The franchise system serves and supports the mission of BougeBouge against physical dropout and the common goals of economic expansion. We can help you create a BougeBouge Running Club while remaining totally independent.<\/strong>[\/vc_column_text][vc_single_image media=&#8221;588&#8243; media_width_percent=&#8221;80&#8243; alignment=&#8221;right&#8221; uncode_shortcode_id=&#8221;543402&#8243;][\/vc_column][\/vc_row][vc_row unlock_row_content=&#8221;yes&#8221; row_height_percent=&#8221;0&#8243; override_padding=&#8221;yes&#8221; h_padding=&#8221;0&#8243; top_padding=&#8221;0&#8243; bottom_padding=&#8221;0&#8243; back_color=&#8221;color-119807&#8243; overlay_alpha=&#8221;50&#8243; equal_height=&#8221;yes&#8221; gutter_size=&#8221;0&#8243; column_width_percent=&#8221;100&#8243; shift_y=&#8221;-5&#8243; z_index=&#8221;0&#8243;][vc_column column_width_percent=&#8221;85&#8243; position_vertical=&#8221;middle&#8221; gutter_size=&#8221;4&#8243; override_padding=&#8221;yes&#8221; column_padding=&#8221;3&#8243; style=&#8221;dark&#8221; back_color=&#8221;color-119807&#8243; overlay_alpha=&#8221;50&#8243; shift_x=&#8221;0&#8243; shift_y=&#8221;0&#8243; shift_y_down=&#8221;0&#8243; z_index=&#8221;0&#8243; medium_width=&#8221;0&#8243; mobile_width=&#8221;0&#8243; width=&#8221;1\/2&#8243;][vc_accordion active_tab=&#8221;100&#8243;][vc_accordion_tab title=&#8221;How do we make it profitable?&#8221; tab_id=&#8221;1611770830-1-84&#8243;][vc_column_text]Social franchising is rarely a strategy to generate surpluses for the company that initiates it. However, franchisees will benefit, just like BougeBouge, from the advantages of belonging to a network; increase in market share, group purchases on the online store, optimization of sporting events.<\/p>\n<p>Especially since the beginning of the pandemic and the new reality that has to be faced, the development of a simple concept allowing people to move was a need we felt in the community. Franchising thus allows a balance between what the franchisee receives in terms of infrastructure and support from the franchisor and the franchisee&#8217;s revenues with registrations and the cost of maintaining the digital structure.<\/p>\n<p>We make this concept profitable through the participation of franchise members in our sporting events and through local visibility.[\/vc_column_text][\/vc_accordion_tab][vc_accordion_tab title=&#8221;The target clientele&#8221; tab_id=&#8221;1611770830-2-100&#8243;][vc_column_text]Who can aspire to become a BougeBouge franchisee?<\/p>\n<ul>\n<li>A social economy enterprise that wishes to diversify its activities and meet new needs or aspirations based on an existing model.<\/li>\n<li>A group or local active living actors who wish to respond to an aspiration or address specific local issues regarding the mission of BougeBouge in its fight against physical dropout in their community.<\/li>\n<li>A group wishing to launch a social economy enterprise with a turnkey model and benefit from the tools and support of another enterprise.<\/li>\n<\/ul>\n<p>[\/vc_column_text][\/vc_accordion_tab][vc_accordion_tab title=&#8221;Why launch social franchises?&#8221; tab_id=&#8221;1611772626042-2-5&#8243;][vc_column_text]We chose to create social franchises in order to have a better anchoring in the communities and to increase the positive spin-offs in society through local actors. In addition, social franchises make it possible to respond to social issues arising from the new reality of the pandemic by making sport accessible and inclusive for all.[\/vc_column_text][\/vc_accordion_tab][vc_accordion_tab title=&#8221;The benefits of franchising&#8221; tab_id=&#8221;1611772651782-3-1&#8243;][vc_column_text]<\/p>\n<ul>\n<li aria-level=\"1\">Highlighting local issues<\/li>\n<li aria-level=\"1\">Promotes learning and knowledge sharing among citizens<\/li>\n<li aria-level=\"1\">Facilitates the implementation or creation of an innovative project<\/li>\n<li aria-level=\"1\">Promotes the involvement of the franchisee in the BougeBouge initiatives<\/li>\n<li aria-level=\"1\">To allow franchise members to develop by using their skills<\/li>\n<li aria-level=\"1\">Promotes ownership and a sense of belonging<\/li>\n<li aria-level=\"1\">Member of the organizing committee for local events<\/li>\n<li aria-level=\"1\">Job creation<\/li>\n<\/ul>\n<p>[\/vc_column_text][\/vc_accordion_tab][vc_accordion_tab title=&#8221;How does social franchising support the mission of BougeBouge?&#8221; tab_id=&#8221;1611772676520-4-4&#8243;][vc_column_text]Our franchising project will multiply the number of people and communities that will benefit from our activities, services and products.<\/p>\n<p>The network of social franchises will help to ensure the sustainability, relevance and efficiency of our business model aiming, among other things, at optimizing our sporting events and producing new lucrative initiatives. This project represents one of our most important sources of autonomous revenue.<\/p>\n<p>This project also aims to increase the organization&#8217;s notoriety and its power of political influence for possible subsidies or financial support.[\/vc_column_text][\/vc_accordion_tab][\/vc_accordion][\/vc_column][vc_column column_width_percent=&#8221;70&#8243; position_vertical=&#8221;middle&#8221; align_horizontal=&#8221;align_center&#8221; gutter_size=&#8221;3&#8243; override_padding=&#8221;yes&#8221; column_padding=&#8221;2&#8243; style=&#8221;dark&#8221; back_image=&#8221;589&#8243; parallax=&#8221;yes&#8221; overlay_color=&#8221;color-119807&#8243; overlay_alpha=&#8221;80&#8243; shift_x=&#8221;0&#8243; shift_y=&#8221;0&#8243; shift_y_down=&#8221;0&#8243; z_index=&#8221;0&#8243; medium_width=&#8221;0&#8243; mobile_width=&#8221;0&#8243; width=&#8221;1\/2&#8243; uncode_shortcode_id=&#8221;929656&#8243; overlay_color_type=&#8221;uncode-palette&#8221;][vc_custom_heading text_color=&#8221;color-116309&#8243; text_height=&#8221;&#8221;]Includes a registration page, <span style=\"color: #00e5a6;\"><strong>a website<\/strong><\/span>, 10 hats or caps and 5 hours of consultation and training.[\/vc_custom_heading][vc_button button_color=&#8221;accent&#8221; border_width=&#8221;0&#8243; link=&#8221;url:https%3A%2F%2Ffranchise.bougebouge.com%2F||target:%20_blank|&#8221;]see an example of a franchised website[\/vc_button][\/vc_column][\/vc_row][vc_row row_height_percent=&#8221;0&#8243; override_padding=&#8221;yes&#8221; h_padding=&#8221;2&#8243; top_padding=&#8221;4&#8243; bottom_padding=&#8221;2&#8243; back_color=&#8221;color-gyho&#8221; overlay_alpha=&#8221;50&#8243; gutter_size=&#8221;3&#8243; column_width_percent=&#8221;100&#8243; shift_y=&#8221;0&#8243; z_index=&#8221;0&#8243;][vc_column column_width_percent=&#8221;70&#8243; align_horizontal=&#8221;align_center&#8221; gutter_size=&#8221;3&#8243; expand_height=&#8221;yes&#8221; overlay_alpha=&#8221;50&#8243; shift_x=&#8221;0&#8243; shift_y=&#8221;0&#8243; shift_y_down=&#8221;0&#8243; z_index=&#8221;0&#8243; medium_width=&#8221;0&#8243; mobile_width=&#8221;0&#8243; width=&#8221;1\/1&#8243;][vc_custom_heading text_color=&#8221;color-119807&#8243; heading_semantic=&#8221;h3&#8243; text_size=&#8221;h1&#8243; text_transform=&#8221;uppercase&#8221; text_height=&#8221;&#8221;]Cost of a social franchise[\/vc_custom_heading][vc_column_text uncode_shortcode_id=&#8221;199611&#8243;]Note: Awareness and economic evaluation of the concept have not been analyzed in this example. Such an evaluation will indicate the economic impact of our initiatives on our festivals and events.[\/vc_column_text][\/vc_column][\/vc_row][vc_row row_height_percent=&#8221;0&#8243; override_padding=&#8221;yes&#8221; h_padding=&#8221;2&#8243; top_padding=&#8221;1&#8243; bottom_padding=&#8221;3&#8243; back_color=&#8221;color-gyho&#8221; overlay_alpha=&#8221;80&#8243; gutter_size=&#8221;0&#8243; column_width_percent=&#8221;100&#8243; shift_y=&#8221;0&#8243; z_index=&#8221;0&#8243; style=&#8221;inherited&#8221; row_name=&#8221;forfaits&#8221;][vc_column column_width_percent=&#8221;80&#8243; position_vertical=&#8221;middle&#8221; align_horizontal=&#8221;align_center&#8221; gutter_size=&#8221;3&#8243; overlay_alpha=&#8221;50&#8243; shift_x=&#8221;0&#8243; shift_y=&#8221;0&#8243; shift_y_down=&#8221;0&#8243; z_index=&#8221;0&#8243; medium_width=&#8221;0&#8243; mobile_width=&#8221;0&#8243; zoom_width=&#8221;0&#8243; zoom_height=&#8221;0&#8243; width=&#8221;1\/1&#8243;][vc_row_inner row_inner_height_percent=&#8221;0&#8243; overlay_alpha=&#8221;50&#8243; gutter_size=&#8221;0&#8243; shift_y=&#8221;0&#8243; z_index=&#8221;0&#8243;][vc_column_inner column_width_percent=&#8221;100&#8243; position_vertical=&#8221;middle&#8221; gutter_size=&#8221;3&#8243; overlay_alpha=&#8221;50&#8243; shift_x=&#8221;0&#8243; shift_y=&#8221;0&#8243; shift_y_down=&#8221;0&#8243; z_index=&#8221;0&#8243; medium_width=&#8221;7&#8243; mobile_width=&#8221;7&#8243; width=&#8221;1\/3&#8243; el_class=&#8221;Bougebouge-pricing&#8221;][uncode_pricing title=&#8221;LAUNCH COST|during its first year&#8221; price=&#8221;2 500 $|Total expected costs for the franchisee for the first year.&#8221; hover_fx=&#8221;full-colored&#8221; price_color=&#8221;accent&#8221; body=&#8221;2000 $|Franchise purchase ( initial cost) *<br \/>\n500 $|Club Insurance&#8221; button=&#8221;url:https%3A%2F%2Fwww.bougebouge.com%2Fla-franchise-sociale-ca-minteresse%2F|title:I%20want%20my%20franchise!|target:%20_blank|&#8221; el_class=&#8221;badge-1&#8243;][\/vc_column_inner][vc_column_inner column_width_percent=&#8221;100&#8243; position_vertical=&#8221;middle&#8221; gutter_size=&#8221;3&#8243; overlay_alpha=&#8221;50&#8243; shift_x=&#8221;0&#8243; shift_y=&#8221;0&#8243; shift_y_down=&#8221;0&#8243; z_index=&#8221;0&#8243; medium_width=&#8221;7&#8243; mobile_width=&#8221;7&#8243; width=&#8221;1\/3&#8243; el_class=&#8221;Bougebouge-pricing&#8221;][uncode_pricing title=&#8221;&#8221; price=&#8221;SEND | YOUR APPLICATION&#8221; hover_fx=&#8221;full-colored&#8221; price_color=&#8221;color-116309&#8243; most=&#8221;yes&#8221; button=&#8221;url:https%3A%2F%2Fwww.bougebouge.com%2Fla-franchise-sociale-ca-minteresse%2F|title:APPLICATION|target:%20_blank|&#8221; body=&#8221;Ready to take action? | Submit your application to begin the process!&#8221;][\/vc_column_inner][vc_column_inner column_width_percent=&#8221;100&#8243; position_vertical=&#8221;middle&#8221; gutter_size=&#8221;3&#8243; overlay_alpha=&#8221;50&#8243; shift_x=&#8221;0&#8243; shift_y=&#8221;0&#8243; shift_y_down=&#8221;0&#8243; z_index=&#8221;0&#8243; medium_width=&#8221;7&#8243; mobile_width=&#8221;7&#8243; width=&#8221;1\/3&#8243; el_class=&#8221;Bougebouge-pricing&#8221;][uncode_pricing title=&#8221;ANNUAL RENEWAL COST|from the second year onwards&#8221; price=&#8221;1 500 $|Total expected annual costs for the franchisee&#8221; hover_fx=&#8221;full-colored&#8221; price_color=&#8221;accent&#8221; body=&#8221;1000 $|Website maintenance and 5 hours of consultation<br \/>\n500 $|Club Insurance&#8221; button=&#8221;url:https%3A%2F%2Fwww.bougebouge.com%2Fla-franchise-sociale-ca-minteresse%2F|title:I%20want%20my%20franchise!|target:%20_blank|&#8221; el_class=&#8221;badge-2&#8243;][\/vc_column_inner][\/vc_row_inner][vc_column_text]<em><small>*Includes a registration page, a website, 10 hats or caps and 5 hours of consultation and training.<\/small><\/em>[\/vc_column_text][\/vc_column][\/vc_row][vc_row unlock_row_content=&#8221;yes&#8221; row_height_percent=&#8221;0&#8243; override_padding=&#8221;yes&#8221; h_padding=&#8221;0&#8243; top_padding=&#8221;0&#8243; bottom_padding=&#8221;0&#8243; back_color=&#8221;color-xsdn&#8221; overlay_alpha=&#8221;50&#8243; gutter_size=&#8221;3&#8243; column_width_percent=&#8221;100&#8243; shift_y=&#8221;0&#8243; z_index=&#8221;0&#8243; row_name=&#8221;map&#8221;][vc_column width=&#8221;1\/1&#8243;][vc_raw_html]JTNDaWZyYW1lJTIwc3JjJTNEJTIyaHR0cHMlM0ElMkYlMkZ3d3cuZ29vZ2xlLmNvbSUyRm1hcHMlMkZkJTJGZW1iZWQlM0ZtaWQlM0QxVGM4b2NaZWswWTBPUFZBZGhwTVo2ZER1YlN2X1kyLUolMjIlMjB3aWR0aCUzRCUyMjY0MCUyMiUyMGhlaWdodCUzRCUyMjQ4MCUyMiUzRSUzQyUyRmlmcmFtZSUzRQ==[\/vc_raw_html][\/vc_column][\/vc_row]<\/p>\n<\/div>","protected":false},"excerpt":{"rendered":"<p>[vc_row row_height_percent=&#8221;12&#8243; override_padding=&#8221;yes&#8221; h_padding=&#8221;2&#8243; top_padding=&#8221;2&#8243; bottom_padding=&#8221;2&#8243; back_color=&#8221;accent&#8221; overlay_alpha=&#8221;50&#8243; gutter_size=&#8221;3&#8243; column_width_percent=&#8221;100&#8243; shift_y=&#8221;0&#8243; z_index=&#8221;0&#8243;][vc_column column_width_percent=&#8221;100&#8243; position_vertical=&#8221;middle&#8221; gutter_size=&#8221;3&#8243; overlay_alpha=&#8221;50&#8243; shift_x=&#8221;0&#8243; shift_y=&#8221;0&#8243; shift_y_down=&#8221;0&#8243; z_index=&#8221;0&#8243; [&hellip;]<\/p>\n","protected":false},"author":4,"featured_media":38045,"parent":0,"menu_order":0,"comment_status":"closed","ping_status":"closed","template":"","meta":{"_acf_changed":false,"footnotes":""},"class_list":["post-38044","page","type-page","status-publish","has-post-thumbnail","hentry"],"acf":[],"yoast_head":"<!-- This site is optimized with the Yoast SEO plugin v27.1.1 - https:\/\/yoast.com\/product\/yoast-seo-wordpress\/ -->\n<title>BougeBouge running clubs - Social franchises - BougeBouge<\/title>\n<meta name=\"description\" content=\"BougeBouge running clubs - Social franchises - D\u00e9couvrez nos \u00e9v\u00e9nements de course, les Aventures, les clubs de course et bien plus!\" \/>\n<meta name=\"robots\" content=\"index, follow, max-snippet:-1, max-image-preview:large, max-video-preview:-1\" \/>\n<link rel=\"canonical\" href=\"https:\/\/www.bougebouge.com\/en\/bougebouge-running-clubs-social-franchises\/\" \/>\n<meta property=\"og:locale\" content=\"en_US\" \/>\n<meta property=\"og:type\" content=\"article\" \/>\n<meta property=\"og:title\" content=\"BougeBouge running clubs - Social franchises - BougeBouge\" \/>\n<meta property=\"og:description\" content=\"BougeBouge running clubs - Social franchises - D\u00e9couvrez nos \u00e9v\u00e9nements de course, les Aventures, les clubs de course et bien plus!\" \/>\n<meta property=\"og:url\" content=\"https:\/\/www.bougebouge.com\/en\/bougebouge-running-clubs-social-franchises\/\" \/>\n<meta property=\"og:site_name\" content=\"BougeBouge\" \/>\n<meta property=\"article:publisher\" content=\"https:\/\/www.facebook.com\/BougeBougeYesWeCan\/\" \/>\n<meta property=\"article:modified_time\" content=\"2022-04-25T15:00:00+00:00\" \/>\n<meta property=\"og:image\" content=\"https:\/\/www.bougebouge.com\/wp-content\/uploads\/2021\/10\/bougebouge-clubdecourse-facebook-v1-01-1.jpg\" \/>\n\t<meta property=\"og:image:width\" content=\"1920\" \/>\n\t<meta property=\"og:image:height\" content=\"1920\" \/>\n\t<meta property=\"og:image:type\" content=\"image\/jpeg\" \/>\n<meta name=\"twitter:card\" content=\"summary_large_image\" \/>\n<meta name=\"twitter:label1\" content=\"Est. reading time\" \/>\n\t<meta name=\"twitter:data1\" content=\"6 minutes\" \/>\n<script type=\"application\/ld+json\" class=\"yoast-schema-graph\">{\"@context\":\"https:\/\/schema.org\",\"@graph\":[{\"@type\":\"WebPage\",\"@id\":\"https:\/\/www.bougebouge.com\/en\/bougebouge-running-clubs-social-franchises\/\",\"url\":\"https:\/\/www.bougebouge.com\/en\/bougebouge-running-clubs-social-franchises\/\",\"name\":\"BougeBouge running clubs - Social franchises - BougeBouge\",\"isPartOf\":{\"@id\":\"https:\/\/www.bougebouge.com\/en\/#website\"},\"primaryImageOfPage\":{\"@id\":\"https:\/\/www.bougebouge.com\/en\/bougebouge-running-clubs-social-franchises\/#primaryimage\"},\"image\":{\"@id\":\"https:\/\/www.bougebouge.com\/en\/bougebouge-running-clubs-social-franchises\/#primaryimage\"},\"thumbnailUrl\":\"https:\/\/www.bougebouge.com\/wp-content\/uploads\/2021\/10\/bougebouge-clubdecourse-facebook-v1-01-1.jpg\",\"datePublished\":\"2021-02-23T13:46:53+00:00\",\"dateModified\":\"2022-04-25T15:00:00+00:00\",\"description\":\"BougeBouge running clubs - Social franchises - D\u00e9couvrez nos \u00e9v\u00e9nements de course, les Aventures, les clubs de course et bien plus!\",\"breadcrumb\":{\"@id\":\"https:\/\/www.bougebouge.com\/en\/bougebouge-running-clubs-social-franchises\/#breadcrumb\"},\"inLanguage\":\"en-US\",\"potentialAction\":[{\"@type\":\"ReadAction\",\"target\":[\"https:\/\/www.bougebouge.com\/en\/bougebouge-running-clubs-social-franchises\/\"]}]},{\"@type\":\"ImageObject\",\"inLanguage\":\"en-US\",\"@id\":\"https:\/\/www.bougebouge.com\/en\/bougebouge-running-clubs-social-franchises\/#primaryimage\",\"url\":\"https:\/\/www.bougebouge.com\/wp-content\/uploads\/2021\/10\/bougebouge-clubdecourse-facebook-v1-01-1.jpg\",\"contentUrl\":\"https:\/\/www.bougebouge.com\/wp-content\/uploads\/2021\/10\/bougebouge-clubdecourse-facebook-v1-01-1.jpg\",\"width\":1920,\"height\":1920},{\"@type\":\"BreadcrumbList\",\"@id\":\"https:\/\/www.bougebouge.com\/en\/bougebouge-running-clubs-social-franchises\/#breadcrumb\",\"itemListElement\":[{\"@type\":\"ListItem\",\"position\":1,\"name\":\"Accueil\",\"item\":\"https:\/\/www.bougebouge.com\/en\/\"},{\"@type\":\"ListItem\",\"position\":2,\"name\":\"BougeBouge running clubs &#8211; Social franchises\"}]},{\"@type\":\"WebSite\",\"@id\":\"https:\/\/www.bougebouge.com\/en\/#website\",\"url\":\"https:\/\/www.bougebouge.com\/en\/\",\"name\":\"BougeBouge\",\"description\":\"Prevent physical dropout pour prevent and counter the physical inactivity rate among at-risk youth, families and retirees.\",\"publisher\":{\"@id\":\"https:\/\/www.bougebouge.com\/en\/#organization\"},\"potentialAction\":[{\"@type\":\"SearchAction\",\"target\":{\"@type\":\"EntryPoint\",\"urlTemplate\":\"https:\/\/www.bougebouge.com\/en\/?s={search_term_string}\"},\"query-input\":{\"@type\":\"PropertyValueSpecification\",\"valueRequired\":true,\"valueName\":\"search_term_string\"}}],\"inLanguage\":\"en-US\"},{\"@type\":\"Organization\",\"@id\":\"https:\/\/www.bougebouge.com\/en\/#organization\",\"name\":\"BougeBouge\",\"url\":\"https:\/\/www.bougebouge.com\/en\/\",\"logo\":{\"@type\":\"ImageObject\",\"inLanguage\":\"en-US\",\"@id\":\"https:\/\/www.bougebouge.com\/en\/#\/schema\/logo\/image\/\",\"url\":\"https:\/\/www.bougebouge.com\/wp-content\/uploads\/2021\/10\/logo-bougebouge-final-1.png\",\"contentUrl\":\"https:\/\/www.bougebouge.com\/wp-content\/uploads\/2021\/10\/logo-bougebouge-final-1.png\",\"width\":2048,\"height\":2048,\"caption\":\"BougeBouge\"},\"image\":{\"@id\":\"https:\/\/www.bougebouge.com\/en\/#\/schema\/logo\/image\/\"},\"sameAs\":[\"https:\/\/www.facebook.com\/BougeBougeYesWeCan\/\",\"https:\/\/www.youtube.com\/channel\/UCjmcznxAR6rWymUfr6h7EjA\"]}]}<\/script>\n<!-- \/ Yoast SEO plugin. -->","yoast_head_json":{"title":"BougeBouge running clubs - Social franchises - BougeBouge","description":"BougeBouge running clubs - Social franchises - D\u00e9couvrez nos \u00e9v\u00e9nements de course, les Aventures, les clubs de course et bien plus!","robots":{"index":"index","follow":"follow","max-snippet":"max-snippet:-1","max-image-preview":"max-image-preview:large","max-video-preview":"max-video-preview:-1"},"canonical":"https:\/\/www.bougebouge.com\/en\/bougebouge-running-clubs-social-franchises\/","og_locale":"en_US","og_type":"article","og_title":"BougeBouge running clubs - Social franchises - BougeBouge","og_description":"BougeBouge running clubs - Social franchises - D\u00e9couvrez nos \u00e9v\u00e9nements de course, les Aventures, les clubs de course et bien plus!","og_url":"https:\/\/www.bougebouge.com\/en\/bougebouge-running-clubs-social-franchises\/","og_site_name":"BougeBouge","article_publisher":"https:\/\/www.facebook.com\/BougeBougeYesWeCan\/","article_modified_time":"2022-04-25T15:00:00+00:00","og_image":[{"width":1920,"height":1920,"url":"https:\/\/www.bougebouge.com\/wp-content\/uploads\/2021\/10\/bougebouge-clubdecourse-facebook-v1-01-1.jpg","type":"image\/jpeg"}],"twitter_card":"summary_large_image","twitter_misc":{"Est. reading time":"6 minutes"},"schema":{"@context":"https:\/\/schema.org","@graph":[{"@type":"WebPage","@id":"https:\/\/www.bougebouge.com\/en\/bougebouge-running-clubs-social-franchises\/","url":"https:\/\/www.bougebouge.com\/en\/bougebouge-running-clubs-social-franchises\/","name":"BougeBouge running clubs - Social franchises - BougeBouge","isPartOf":{"@id":"https:\/\/www.bougebouge.com\/en\/#website"},"primaryImageOfPage":{"@id":"https:\/\/www.bougebouge.com\/en\/bougebouge-running-clubs-social-franchises\/#primaryimage"},"image":{"@id":"https:\/\/www.bougebouge.com\/en\/bougebouge-running-clubs-social-franchises\/#primaryimage"},"thumbnailUrl":"https:\/\/www.bougebouge.com\/wp-content\/uploads\/2021\/10\/bougebouge-clubdecourse-facebook-v1-01-1.jpg","datePublished":"2021-02-23T13:46:53+00:00","dateModified":"2022-04-25T15:00:00+00:00","description":"BougeBouge running clubs - Social franchises - D\u00e9couvrez nos \u00e9v\u00e9nements de course, les Aventures, les clubs de course et bien plus!","breadcrumb":{"@id":"https:\/\/www.bougebouge.com\/en\/bougebouge-running-clubs-social-franchises\/#breadcrumb"},"inLanguage":"en-US","potentialAction":[{"@type":"ReadAction","target":["https:\/\/www.bougebouge.com\/en\/bougebouge-running-clubs-social-franchises\/"]}]},{"@type":"ImageObject","inLanguage":"en-US","@id":"https:\/\/www.bougebouge.com\/en\/bougebouge-running-clubs-social-franchises\/#primaryimage","url":"https:\/\/www.bougebouge.com\/wp-content\/uploads\/2021\/10\/bougebouge-clubdecourse-facebook-v1-01-1.jpg","contentUrl":"https:\/\/www.bougebouge.com\/wp-content\/uploads\/2021\/10\/bougebouge-clubdecourse-facebook-v1-01-1.jpg","width":1920,"height":1920},{"@type":"BreadcrumbList","@id":"https:\/\/www.bougebouge.com\/en\/bougebouge-running-clubs-social-franchises\/#breadcrumb","itemListElement":[{"@type":"ListItem","position":1,"name":"Accueil","item":"https:\/\/www.bougebouge.com\/en\/"},{"@type":"ListItem","position":2,"name":"BougeBouge running clubs &#8211; Social franchises"}]},{"@type":"WebSite","@id":"https:\/\/www.bougebouge.com\/en\/#website","url":"https:\/\/www.bougebouge.com\/en\/","name":"BougeBouge","description":"Prevent physical dropout pour prevent and counter the physical inactivity rate among at-risk youth, families and retirees.","publisher":{"@id":"https:\/\/www.bougebouge.com\/en\/#organization"},"potentialAction":[{"@type":"SearchAction","target":{"@type":"EntryPoint","urlTemplate":"https:\/\/www.bougebouge.com\/en\/?s={search_term_string}"},"query-input":{"@type":"PropertyValueSpecification","valueRequired":true,"valueName":"search_term_string"}}],"inLanguage":"en-US"},{"@type":"Organization","@id":"https:\/\/www.bougebouge.com\/en\/#organization","name":"BougeBouge","url":"https:\/\/www.bougebouge.com\/en\/","logo":{"@type":"ImageObject","inLanguage":"en-US","@id":"https:\/\/www.bougebouge.com\/en\/#\/schema\/logo\/image\/","url":"https:\/\/www.bougebouge.com\/wp-content\/uploads\/2021\/10\/logo-bougebouge-final-1.png","contentUrl":"https:\/\/www.bougebouge.com\/wp-content\/uploads\/2021\/10\/logo-bougebouge-final-1.png","width":2048,"height":2048,"caption":"BougeBouge"},"image":{"@id":"https:\/\/www.bougebouge.com\/en\/#\/schema\/logo\/image\/"},"sameAs":["https:\/\/www.facebook.com\/BougeBougeYesWeCan\/","https:\/\/www.youtube.com\/channel\/UCjmcznxAR6rWymUfr6h7EjA"]}]}},"_links":{"self":[{"href":"https:\/\/www.bougebouge.com\/en\/wp-json\/wp\/v2\/pages\/38044","targetHints":{"allow":["GET"]}}],"collection":[{"href":"https:\/\/www.bougebouge.com\/en\/wp-json\/wp\/v2\/pages"}],"about":[{"href":"https:\/\/www.bougebouge.com\/en\/wp-json\/wp\/v2\/types\/page"}],"author":[{"embeddable":true,"href":"https:\/\/www.bougebouge.com\/en\/wp-json\/wp\/v2\/users\/4"}],"replies":[{"embeddable":true,"href":"https:\/\/www.bougebouge.com\/en\/wp-json\/wp\/v2\/comments?post=38044"}],"version-history":[{"count":0,"href":"https:\/\/www.bougebouge.com\/en\/wp-json\/wp\/v2\/pages\/38044\/revisions"}],"wp:featuredmedia":[{"embeddable":true,"href":"https:\/\/www.bougebouge.com\/en\/wp-json\/wp\/v2\/media\/38045"}],"wp:attachment":[{"href":"https:\/\/www.bougebouge.com\/en\/wp-json\/wp\/v2\/media?parent=38044"}],"curies":[{"name":"wp","href":"https:\/\/api.w.org\/{rel}","templated":true}]}}